{"id":2175,"date":"2024-04-16T02:38:56","date_gmt":"2024-04-16T02:38:56","guid":{"rendered":"http:\/\/baosikai.com\/?post_type=product&#038;p=2175"},"modified":"2024-06-27T07:53:26","modified_gmt":"2024-06-27T07:53:26","slug":"crossbody-bags-mens-chest-bag","status":"publish","type":"product","link":"https:\/\/baosikai.com\/fr\/produit\/crossbody-bags-mens-chest-bag\/","title":{"rendered":"Sacs \u00e0 bandouli\u00e8re Sac de poitrine pour hommes"},"content":{"rendered":"<p>Description du produit :<br \/>\nTaille : 17cm de large * 35cm de haut * 6cm d'\u00e9paisseur<br \/>\nCouleur : noir, marron clair, marron fonc\u00e9<br \/>\nObjectif : Mode\/Loisirs\/Business<br \/>\nCapacit\u00e9 : Articles tels que portefeuilles\/parapluies<br \/>\nTissu : Tissu Pu<br \/>\nDoublure : polyester<br \/>\nStructure : Sac principal\/sac secondaire<br \/>\nPr\u00e9cautions :<br \/>\nEn raison des diff\u00e9rentes m\u00e9thodes de mesure, une erreur de 1 \u00e0 3 cm est consid\u00e9r\u00e9e comme normale. Veuillez vous r\u00e9f\u00e9rer au produit r\u00e9el. L'\u00e9clairage de la prise de vue est diff\u00e9rent de celui de l'\u00e9cran, et il y a une l\u00e9g\u00e8re diff\u00e9rence de couleur. Nous vous remercions de votre compr\u00e9hension !<br \/>\nCaract\u00e9ristiques :<br \/>\n1,Le meilleur choix pour un compagnon de course. S'adapte confortablement \u00e0 votre corps et ne bouge pas, n'oscille pas, ne rebondit pas, ne remonte pas et ne frotte pas.<br \/>\n2,Un excellent cadeau, le sac banane de grande capacit\u00e9 peut contenir vos objets importants pour le shopping, les voyages, le jogging, la randonn\u00e9e, le cyclisme, et plus encore. Un cadeau id\u00e9al pour la famille, les amis, les enfants \u00e0 P\u00e2ques, Thanksgiving, No\u00ebl. Profitez des vacances et de ce cadeau !<\/p>","protected":false},"excerpt":{"rendered":"<p>Product Description: Size: 17cm wide * 35cm high * 6cm thick Color: black, light brown, dark brown Purpose: Fashion\/Leisure\/Business Capacity: [&hellip;]<\/p>","protected":false},"featured_media":2178,"template":"","meta":{"site-sidebar-layout":"default","site-content-layout":"","ast-site-content-layout":"","site-content-style":"default","site-sidebar-style":"default","ast-global-header-display":"","ast-banner-title-visibility":"","ast-main-header-display":"","ast-hfb-above-header-display":"","ast-hfb-below-header-display":"","ast-hfb-mobile-header-display":"","site-post-title":"","ast-breadcrumbs-content":"","ast-featured-img":"","footer-sml-layout":"","theme-transparent-header-meta":"","adv-header-id-meta":"","stick-header-meta":"","header-above-stick-meta":"","header-main-stick-meta":"","header-below-stick-meta":"","astra-migrate-meta-layouts":"default","ast-page-background-enabled":"default","ast-page-background-meta":{"desktop":{"background-color":"var(--ast-global-color-4)","background-image":"","background-repeat":"repeat","background-position":"center center","background-size":"auto","background-attachment":"scroll","background-type":"","background-media":"","overlay-type":"","overlay-color":"","overlay-gradient":""},"tablet":{"background-color":"","background-image":"","background-repeat":"repeat","background-position":"center center","background-size":"auto","background-attachment":"scroll","background-type":"","background-media":"","overlay-type":"","overlay-color":"","overlay-gradient":""},"mobile":{"background-color":"","background-image":"","background-repeat":"repeat","background-position":"center center","background-size":"auto","background-attachment":"scroll","background-type":"","background-media":"","overlay-type":"","overlay-color":"","overlay-gradient":""}},"ast-content-background-meta":{"desktop":{"background-color":"var(--ast-global-color-5)","background-image":"","background-repeat":"repeat","background-position":"center center","background-size":"auto","background-attachment":"scroll","background-type":"","background-media":"","overlay-type":"","overlay-color":"","overlay-gradient":""},"tablet":{"background-color":"var(--ast-global-color-5)","background-image":"","background-repeat":"repeat","background-position":"center center","background-size":"auto","background-attachment":"scroll","background-type":"","background-media":"","overlay-type":"","overlay-color":"","overlay-gradient":""},"mobile":{"background-color":"var(--ast-global-color-5)","background-image":"","background-repeat":"repeat","background-position":"center center","background-size":"auto","background-attachment":"scroll","background-type":"","background-media":"","overlay-type":"","overlay-color":"","overlay-gradient":""}}},"product_brand":[],"product_cat":[23],"product_tag":[],"class_list":{"0":"post-2175","1":"product","2":"type-product","3":"status-publish","4":"has-post-thumbnail","6":"product_cat-chest-bags","7":"pa_color-black","8":"pa_color-black-2","9":"pa_color-dark-brown","10":"pa_color-light-brown","11":"desktop-align-center","12":"tablet-align-left","13":"mobile-align-left","15":"first","16":"instock","17":"shipping-taxable","18":"purchasable","19":"product-type-variable"},"_links":{"self":[{"href":"https:\/\/baosikai.com\/fr\/wp-json\/wp\/v2\/product\/2175","targetHints":{"allow":["GET"]}}],"collection":[{"href":"https:\/\/baosikai.com\/fr\/wp-json\/wp\/v2\/product"}],"about":[{"href":"https:\/\/baosikai.com\/fr\/wp-json\/wp\/v2\/types\/product"}],"wp:featuredmedia":[{"embeddable":true,"href":"https:\/\/baosikai.com\/fr\/wp-json\/wp\/v2\/media\/2178"}],"wp:attachment":[{"href":"https:\/\/baosikai.com\/fr\/wp-json\/wp\/v2\/media?parent=2175"}],"wp:term":[{"taxonomy":"product_brand","embeddable":true,"href":"https:\/\/baosikai.com\/fr\/wp-json\/wp\/v2\/product_brand?post=2175"},{"taxonomy":"product_cat","embeddable":true,"href":"https:\/\/baosikai.com\/fr\/wp-json\/wp\/v2\/product_cat?post=2175"},{"taxonomy":"product_tag","embeddable":true,"href":"https:\/\/baosikai.com\/fr\/wp-json\/wp\/v2\/product_tag?post=2175"}],"curies":[{"name":"wp","href":"https:\/\/api.w.org\/{rel}","templated":true}]}}