{"id":2176,"date":"2024-04-16T02:38:57","date_gmt":"2024-04-16T02:38:57","guid":{"rendered":"http:\/\/baosikai.com\/?post_type=product&#038;p=2176"},"modified":"2024-06-27T06:58:58","modified_gmt":"2024-06-27T06:58:58","slug":"trendy-chest-bags-for-women","status":"publish","type":"product","link":"https:\/\/baosikai.com\/fr\/produit\/trendy-chest-bags-for-women\/","title":{"rendered":"Sacs de poitrine tendance pour les femmes"},"content":{"rendered":"<p>Mati\u00e8re : Cuir PU<br \/>\nCouleur : vert clair, noir, blanc, rouge, kaki<br \/>\nTaille : 18 x 6 x 30 (cm) \/ 7.09 x 2.36 x 11.81 (inch)<br \/>\nLongueur de la bandouli\u00e8re : r\u00e9glable<br \/>\nLe paquet comprend : 1 x paquet (pas de bo\u00eete)<br \/>1. La doublure et les accessoires du sac peuvent varier en fonction des lots de production.<br \/>\n2. La taille est mesur\u00e9e \u00e0 la main. En raison des diff\u00e9rentes m\u00e9thodes de mesure, une erreur d'environ 2 \u00e0 3 cm est normale. Tout d\u00e9pend du produit r\u00e9el.<br \/>\n3. Toutes les photos sont des photos r\u00e9elles, mais il peut y avoir une l\u00e9g\u00e8re diff\u00e9rence de couleur en raison de la lumi\u00e8re et des param\u00e8tres de l'\u00e9cran.<br \/>\n4. R\u00e9f\u00e9rence : La longueur de l'iPhone 12 est de 14,67 cm.<br \/>\nMerci de votre compr\u00e9hension. Nos sacs sont \u00e0 la mode et abordables, n'h\u00e9sitez pas \u00e0 les acheter.<\/p>","protected":false},"excerpt":{"rendered":"<p>Material: PU leather Color: Light green, Black, White, Red, Khaki Size: 18 x 6 x 30 (cm) \/ 7.09 x [&hellip;]<\/p>","protected":false},"featured_media":2217,"template":"","meta":{"site-sidebar-layout":"default","site-content-layout":"","ast-site-content-layout":"","site-content-style":"default","site-sidebar-style":"default","ast-global-header-display":"","ast-banner-title-visibility":"","ast-main-header-display":"","ast-hfb-above-header-display":"","ast-hfb-below-header-display":"","ast-hfb-mobile-header-display":"","site-post-title":"","ast-breadcrumbs-content":"","ast-featured-img":"","footer-sml-layout":"","theme-transparent-header-meta":"","adv-header-id-meta":"","stick-header-meta":"","header-above-stick-meta":"","header-main-stick-meta":"","header-below-stick-meta":"","astra-migrate-meta-layouts":"default","ast-page-background-enabled":"default","ast-page-background-meta":{"desktop":{"background-color":"var(--ast-global-color-4)","background-image":"","background-repeat":"repeat","background-position":"center center","background-size":"auto","background-attachment":"scroll","background-type":"","background-media":"","overlay-type":"","overlay-color":"","overlay-gradient":""},"tablet":{"background-color":"","background-image":"","background-repeat":"repeat","background-position":"center center","background-size":"auto","background-attachment":"scroll","background-type":"","background-media":"","overlay-type":"","overlay-color":"","overlay-gradient":""},"mobile":{"background-color":"","background-image":"","background-repeat":"repeat","background-position":"center center","background-size":"auto","background-attachment":"scroll","background-type":"","background-media":"","overlay-type":"","overlay-color":"","overlay-gradient":""}},"ast-content-background-meta":{"desktop":{"background-color":"var(--ast-global-color-5)","background-image":"","background-repeat":"repeat","background-position":"center center","background-size":"auto","background-attachment":"scroll","background-type":"","background-media":"","overlay-type":"","overlay-color":"","overlay-gradient":""},"tablet":{"background-color":"var(--ast-global-color-5)","background-image":"","background-repeat":"repeat","background-position":"center center","background-size":"auto","background-attachment":"scroll","background-type":"","background-media":"","overlay-type":"","overlay-color":"","overlay-gradient":""},"mobile":{"background-color":"var(--ast-global-color-5)","background-image":"","background-repeat":"repeat","background-position":"center center","background-size":"auto","background-attachment":"scroll","background-type":"","background-media":"","overlay-type":"","overlay-color":"","overlay-gradient":""}}},"product_brand":[],"product_cat":[23],"product_tag":[],"class_list":{"0":"post-2176","1":"product","2":"type-product","3":"status-publish","4":"has-post-thumbnail","6":"product_cat-chest-bags","7":"pa_color-black","8":"pa_color-khaki","9":"pa_color-light-green","10":"pa_color-red","11":"pa_color-white","12":"pa_size-18cm6cm30cm","13":"desktop-align-center","14":"tablet-align-left","15":"mobile-align-left","17":"first","18":"instock","19":"shipping-taxable","20":"purchasable","21":"product-type-variable"},"_links":{"self":[{"href":"https:\/\/baosikai.com\/fr\/wp-json\/wp\/v2\/product\/2176","targetHints":{"allow":["GET"]}}],"collection":[{"href":"https:\/\/baosikai.com\/fr\/wp-json\/wp\/v2\/product"}],"about":[{"href":"https:\/\/baosikai.com\/fr\/wp-json\/wp\/v2\/types\/product"}],"wp:featuredmedia":[{"embeddable":true,"href":"https:\/\/baosikai.com\/fr\/wp-json\/wp\/v2\/media\/2217"}],"wp:attachment":[{"href":"https:\/\/baosikai.com\/fr\/wp-json\/wp\/v2\/media?parent=2176"}],"wp:term":[{"taxonomy":"product_brand","embeddable":true,"href":"https:\/\/baosikai.com\/fr\/wp-json\/wp\/v2\/product_brand?post=2176"},{"taxonomy":"product_cat","embeddable":true,"href":"https:\/\/baosikai.com\/fr\/wp-json\/wp\/v2\/product_cat?post=2176"},{"taxonomy":"product_tag","embeddable":true,"href":"https:\/\/baosikai.com\/fr\/wp-json\/wp\/v2\/product_tag?post=2176"}],"curies":[{"name":"wp","href":"https:\/\/api.w.org\/{rel}","templated":true}]}}