{"id":2177,"date":"2024-04-16T02:38:58","date_gmt":"2024-04-16T02:38:58","guid":{"rendered":"http:\/\/baosikai.com\/?post_type=product&#038;p=2177"},"modified":"2024-06-27T06:58:25","modified_gmt":"2024-06-27T06:58:25","slug":"hard-shell-casual-waist-bag-anti-theft-crossbody-bags","status":"publish","type":"product","link":"https:\/\/baosikai.com\/fr\/produit\/hard-shell-casual-waist-bag-anti-theft-crossbody-bags\/","title":{"rendered":"Sac de taille d\u00e9contract\u00e9 \u00e0 coque dure et antivol Sacs \u00e0 bandouli\u00e8re"},"content":{"rendered":"<p>Hard Shell Casual Waist Bags Adjustable Men Crossbody Chest Bags Multifunctional Portable Lightweight Outdoor Sports Accessories<br \/>\nFonctionnalit\u00e9 :<br \/>\n1. Tissu anti-\u00e9claboussures : Tissu textur\u00e9 anti-\u00e9claboussures, souple et r\u00e9sistant \u00e0 l'usure, confortable au toucher, lisse et infroissable, l\u00e9ger et respectueux de l'environnement.<br \/>\n2. Pratique \u00e0 utiliser : Nouvellement mis \u00e0 jour, une l\u00e9g\u00e8re pression sur la boucle suffit \u00e0 l'ouvrir automatiquement.<br \/>\n3. Grande capacit\u00e9 : Le compartiment principal de grande capacit\u00e9 peut accueillir des t\u00e9l\u00e9phones portables de 6,7 pouces. Le sac de rangement \u00e0 plusieurs compartiments permet un acc\u00e8s rapide et un transport pratique et l\u00e9ger.<br \/>\n4. Fermeture \u00e0 glissi\u00e8re : Fermeture \u00e0 glissi\u00e8re de haute qualit\u00e9, souple et sans blocage.<br \/>\n5. Portable : L\u00e9ger et pratique, fabriqu\u00e9 en tissu l\u00e9ger, confortable et l\u00e9ger \u00e0 porter, adapt\u00e9 aux sorties.Sp\u00e9cification :<br \/>\nOrigine : Chine continentale Chine continentale<br \/>\nStyle : D\u00e9contract\u00e9<br \/>\nGenre : HOMMES<br \/>\nType de motif : Solide<br \/>\nType de fermeture : fermeture \u00e0 glissi\u00e8re<br \/>\nDuret\u00e9 : DUR<br \/>\nInt\u00e9rieur : Poche int\u00e9rieure \u00e0 fente<br \/>\nNum\u00e9ro de mod\u00e8le : Sacs de poitrine<br \/>\nOccasion : Polyvalent<br \/>\nMati\u00e8re du produit : cuir synth\u00e9tique<br \/>\nCouleurs du produit : noir, gris, vert arm\u00e9e (en option)<br \/>\nTaille du produit : 32cm\/12.60in * 13cm\/5.12in * 4cm\/1.57in Note :<br \/>\nEn raison de la diversit\u00e9 des \u00e9crans et de l'effet de la lumi\u00e8re, la couleur r\u00e9elle de l'article peut \u00eatre l\u00e9g\u00e8rement diff\u00e9rente de celle qui appara\u00eet sur les photos. Nous vous remercions de votre attention.<br \/>\nVeuillez tenir compte d'un \u00e9cart de 1 \u00e0 2 cm d\u00fb aux mesures manuelles.<br \/>1 x sac de poitrine<\/p>","protected":false},"excerpt":{"rendered":"<p>Hard Shell Casual Waist Bags Adjustable Men Crossbody Chest Bags Multifunctional Portable Lightweight Outdoor Sports Accessories Feature: 1. Anti splash [&hellip;]<\/p>","protected":false},"featured_media":2253,"template":"","meta":{"site-sidebar-layout":"default","site-content-layout":"","ast-site-content-layout":"","site-content-style":"default","site-sidebar-style":"default","ast-global-header-display":"","ast-banner-title-visibility":"","ast-main-header-display":"","ast-hfb-above-header-display":"","ast-hfb-below-header-display":"","ast-hfb-mobile-header-display":"","site-post-title":"","ast-breadcrumbs-content":"","ast-featured-img":"","footer-sml-layout":"","theme-transparent-header-meta":"","adv-header-id-meta":"","stick-header-meta":"","header-above-stick-meta":"","header-main-stick-meta":"","header-below-stick-meta":"","astra-migrate-meta-layouts":"default","ast-page-background-enabled":"default","ast-page-background-meta":{"desktop":{"background-color":"var(--ast-global-color-4)","background-image":"","background-repeat":"repeat","background-position":"center center","background-size":"auto","background-attachment":"scroll","background-type":"","background-media":"","overlay-type":"","overlay-color":"","overlay-gradient":""},"tablet":{"background-color":"","background-image":"","background-repeat":"repeat","background-position":"center center","background-size":"auto","background-attachment":"scroll","background-type":"","background-media":"","overlay-type":"","overlay-color":"","overlay-gradient":""},"mobile":{"background-color":"","background-image":"","background-repeat":"repeat","background-position":"center center","background-size":"auto","background-attachment":"scroll","background-type":"","background-media":"","overlay-type":"","overlay-color":"","overlay-gradient":""}},"ast-content-background-meta":{"desktop":{"background-color":"var(--ast-global-color-5)","background-image":"","background-repeat":"repeat","background-position":"center center","background-size":"auto","background-attachment":"scroll","background-type":"","background-media":"","overlay-type":"","overlay-color":"","overlay-gradient":""},"tablet":{"background-color":"var(--ast-global-color-5)","background-image":"","background-repeat":"repeat","background-position":"center center","background-size":"auto","background-attachment":"scroll","background-type":"","background-media":"","overlay-type":"","overlay-color":"","overlay-gradient":""},"mobile":{"background-color":"var(--ast-global-color-5)","background-image":"","background-repeat":"repeat","background-position":"center center","background-size":"auto","background-attachment":"scroll","background-type":"","background-media":"","overlay-type":"","overlay-color":"","overlay-gradient":""}}},"product_brand":[],"product_cat":[23],"product_tag":[],"class_list":{"0":"post-2177","1":"product","2":"type-product","3":"status-publish","4":"has-post-thumbnail","6":"product_cat-chest-bags","7":"pa_color-army-green","8":"pa_color-black","9":"pa_color-grey","10":"pa_ships-from-china","11":"desktop-align-center","12":"tablet-align-left","13":"mobile-align-left","15":"first","16":"instock","17":"shipping-taxable","18":"purchasable","19":"product-type-variable"},"_links":{"self":[{"href":"https:\/\/baosikai.com\/fr\/wp-json\/wp\/v2\/product\/2177","targetHints":{"allow":["GET"]}}],"collection":[{"href":"https:\/\/baosikai.com\/fr\/wp-json\/wp\/v2\/product"}],"about":[{"href":"https:\/\/baosikai.com\/fr\/wp-json\/wp\/v2\/types\/product"}],"wp:featuredmedia":[{"embeddable":true,"href":"https:\/\/baosikai.com\/fr\/wp-json\/wp\/v2\/media\/2253"}],"wp:attachment":[{"href":"https:\/\/baosikai.com\/fr\/wp-json\/wp\/v2\/media?parent=2177"}],"wp:term":[{"taxonomy":"product_brand","embeddable":true,"href":"https:\/\/baosikai.com\/fr\/wp-json\/wp\/v2\/product_brand?post=2177"},{"taxonomy":"product_cat","embeddable":true,"href":"https:\/\/baosikai.com\/fr\/wp-json\/wp\/v2\/product_cat?post=2177"},{"taxonomy":"product_tag","embeddable":true,"href":"https:\/\/baosikai.com\/fr\/wp-json\/wp\/v2\/product_tag?post=2177"}],"curies":[{"name":"wp","href":"https:\/\/api.w.org\/{rel}","templated":true}]}}