{"id":2211,"date":"2024-04-16T02:38:59","date_gmt":"2024-04-16T02:38:59","guid":{"rendered":"http:\/\/baosikai.com\/?post_type=product&#038;p=2211"},"modified":"2024-06-27T06:57:41","modified_gmt":"2024-06-27T06:57:41","slug":"men-casual-chest-bag-large-capacity-simple-crossbody-bag","status":"publish","type":"product","link":"https:\/\/baosikai.com\/fr\/produit\/men-casual-chest-bag-large-capacity-simple-crossbody-bag\/","title":{"rendered":"Sac de poitrine d\u00e9contract\u00e9 pour hommes Sac \u00e0 bandouli\u00e8re simple de grande capacit\u00e9"},"content":{"rendered":"<p>L'attention des clients am\u00e9ricains :<br \/>\nLorsque vous s\u00e9lectionnez \"Ship From United States\", les adresses suivantes ne seront pas livr\u00e9es : Hawa\u00ef, Alaska, Porto Rico, Guam, APO, DPO, FPO, etc. Nous vous recommandons de choisir l'option \"Exp\u00e9dition depuis la Chine\".<br \/>\nClients de l'Espagne \u00e0 l'assistance :<br \/>\nLorsque vous s\u00e9lectionnez \"Enviar desde Espa\u00c3\u00b1a\", le service d'envoi n'est pas disponible pour les envois postaux suivants :<br \/>\n35000-35999<br \/>\n38000-38999<br \/>\nIl est recommand\u00e9 d'utiliser l'option \"Enviar desde China\". \u00c2\u00a1Gracias ! ! !<br \/>(Bleu\/Noir\/Rouge)-Sac de poitrine d\u00e9contract\u00e9<br \/>\nSp\u00e9cification :<br \/>\nTissu : Nylon<br \/>\nTaille : About 30*17*7cm\/11.81*6.69*2.76inch<br \/>\nPoids net : Environ 0,13 kg<br \/>\nCouleur : Noir\/Bleu\/Rouge<br \/>\nPoche frontale \u00e0 fermeture \u00e9clair : Poche principale de grande capacit\u00e9, conception de poche \u00e0 compartiments multiples<br \/>\nOccasion : Parfait pour voyager, faire de l'exercice, faire du v\u00e9lo ou se rendre dans un parc d'attractions.<\/p>\n<p>Remarque :<br \/>\nEn raison de la diversit\u00e9 des \u00e9crans et de l'effet de la lumi\u00e8re, la couleur r\u00e9elle de l'article peut \u00eatre l\u00e9g\u00e8rement diff\u00e9rente de celle qui appara\u00eet sur les photos. Nous vous remercions de votre attention.<br \/>\nVeuillez tenir compte d'un \u00e9cart de 1 \u00e0 2 cm d\u00fb aux mesures manuelles.<br \/>\n<br \/>Produit inclus<br \/>\nBleu\uff1a1*Sac \u00e0 dos<br \/>\nNoir\uff1a1*Sac \u00e0 dos<br \/>\nRouge\uff1a1*Sac \u00e0 dos<\/p>","protected":false},"excerpt":{"rendered":"<p>The United States customers attention: When you select &#8220;Ship From United States&#8221;, the following addresses will not provide delivery service: [&hellip;]<\/p>","protected":false},"featured_media":2287,"template":"","meta":{"site-sidebar-layout":"default","site-content-layout":"","ast-site-content-layout":"","site-content-style":"default","site-sidebar-style":"default","ast-global-header-display":"","ast-banner-title-visibility":"","ast-main-header-display":"","ast-hfb-above-header-display":"","ast-hfb-below-header-display":"","ast-hfb-mobile-header-display":"","site-post-title":"","ast-breadcrumbs-content":"","ast-featured-img":"","footer-sml-layout":"","theme-transparent-header-meta":"","adv-header-id-meta":"","stick-header-meta":"","header-above-stick-meta":"","header-main-stick-meta":"","header-below-stick-meta":"","astra-migrate-meta-layouts":"default","ast-page-background-enabled":"default","ast-page-background-meta":{"desktop":{"background-color":"var(--ast-global-color-4)","background-image":"","background-repeat":"repeat","background-position":"center center","background-size":"auto","background-attachment":"scroll","background-type":"","background-media":"","overlay-type":"","overlay-color":"","overlay-gradient":""},"tablet":{"background-color":"","background-image":"","background-repeat":"repeat","background-position":"center center","background-size":"auto","background-attachment":"scroll","background-type":"","background-media":"","overlay-type":"","overlay-color":"","overlay-gradient":""},"mobile":{"background-color":"","background-image":"","background-repeat":"repeat","background-position":"center center","background-size":"auto","background-attachment":"scroll","background-type":"","background-media":"","overlay-type":"","overlay-color":"","overlay-gradient":""}},"ast-content-background-meta":{"desktop":{"background-color":"var(--ast-global-color-5)","background-image":"","background-repeat":"repeat","background-position":"center center","background-size":"auto","background-attachment":"scroll","background-type":"","background-media":"","overlay-type":"","overlay-color":"","overlay-gradient":""},"tablet":{"background-color":"var(--ast-global-color-5)","background-image":"","background-repeat":"repeat","background-position":"center center","background-size":"auto","background-attachment":"scroll","background-type":"","background-media":"","overlay-type":"","overlay-color":"","overlay-gradient":""},"mobile":{"background-color":"var(--ast-global-color-5)","background-image":"","background-repeat":"repeat","background-position":"center center","background-size":"auto","background-attachment":"scroll","background-type":"","background-media":"","overlay-type":"","overlay-color":"","overlay-gradient":""}}},"product_brand":[],"product_cat":[23],"product_tag":[],"class_list":{"0":"post-2211","1":"product","2":"type-product","3":"status-publish","4":"has-post-thumbnail","6":"product_cat-chest-bags","7":"pa_color-black","8":"pa_color-blue","9":"pa_color-red","10":"pa_ships-from-china","11":"desktop-align-center","12":"tablet-align-left","13":"mobile-align-left","15":"first","16":"instock","17":"shipping-taxable","18":"purchasable","19":"product-type-variable"},"_links":{"self":[{"href":"https:\/\/baosikai.com\/fr\/wp-json\/wp\/v2\/product\/2211","targetHints":{"allow":["GET"]}}],"collection":[{"href":"https:\/\/baosikai.com\/fr\/wp-json\/wp\/v2\/product"}],"about":[{"href":"https:\/\/baosikai.com\/fr\/wp-json\/wp\/v2\/types\/product"}],"wp:featuredmedia":[{"embeddable":true,"href":"https:\/\/baosikai.com\/fr\/wp-json\/wp\/v2\/media\/2287"}],"wp:attachment":[{"href":"https:\/\/baosikai.com\/fr\/wp-json\/wp\/v2\/media?parent=2211"}],"wp:term":[{"taxonomy":"product_brand","embeddable":true,"href":"https:\/\/baosikai.com\/fr\/wp-json\/wp\/v2\/product_brand?post=2211"},{"taxonomy":"product_cat","embeddable":true,"href":"https:\/\/baosikai.com\/fr\/wp-json\/wp\/v2\/product_cat?post=2211"},{"taxonomy":"product_tag","embeddable":true,"href":"https:\/\/baosikai.com\/fr\/wp-json\/wp\/v2\/product_tag?post=2211"}],"curies":[{"name":"wp","href":"https:\/\/api.w.org\/{rel}","templated":true}]}}