{"id":2246,"date":"2024-04-16T02:39:00","date_gmt":"2024-04-16T02:39:00","guid":{"rendered":"http:\/\/baosikai.com\/?post_type=product&#038;p=2246"},"modified":"2024-06-27T06:56:16","modified_gmt":"2024-06-27T06:56:16","slug":"men-chest-bag-anti-theft-with-usb-charging-port","status":"publish","type":"product","link":"https:\/\/baosikai.com\/fr\/produit\/men-chest-bag-anti-theft-with-usb-charging-port\/","title":{"rendered":"Sacoche de poitrine pour hommes Anti-vol avec port de charge USB"},"content":{"rendered":"<p>Acheteurs espagnols Attention :<br \/>\nSi votre adresse comprend les codes postaux suivants, ne choisissez pas l'entrep\u00f4t espagnol. Le code postal commence par 35\/38. L'entrep\u00f4t d'outre-mer ne peut pas livrer. A l'attention des clients des Etats-Unis :<br \/>\nLorsque vous s\u00e9lectionnez \"Ship From United States\", les adresses suivantes ne seront pas livr\u00e9es : Hawa\u00ef, Alaska, Porto Rico, Guam, APO, DPO, FPO, etc. Nous vous recommandons de choisir l'option \"Exp\u00e9dition depuis la Chine\".<br \/>\nClients de l'Espagne \u00e0 l'assistance :<br \/>\nLorsque vous s\u00e9lectionnez \"Enviar desde Espa\u00c3\u00b1a\", le service d'envoi n'est pas disponible pour les envois postaux suivants :<br \/>\n35000-35999<br \/>\n38000-38999<br \/>\nIl est recommand\u00e9 d'utiliser l'option \"Enviar desde China\". \u00c2\u00a1Gracias ! ! !<br \/>Hommes Poitrine Sacs \u00e9paule Sac PU Cuir Anti Vol USB Port de Chargement Imperm\u00e9able L\u00e9ger Bureau Ext\u00e9rieur Sports Crossbody Sacs<br \/>\nFonctionnalit\u00e9 :<br \/>\n1. Port de charge USB - Le sac est dot\u00e9 d'une prise de charge USB sur le c\u00f4t\u00e9, ce qui rend la charge plus pratique et plus s\u00fbre.<br \/>\n2. Antivol \u00e0 code - Le sac principal du sac utilise un code \u00e0 trois chiffres pour verrouiller la carte \u00e0 puce afin d'emp\u00eacher l'ouverture de la fermeture \u00e0 glissi\u00e8re du sac de poitrine pour voler le contenu du sac.<br \/>\n3. Conception multi-poches pratique - Le sac est dot\u00e9 d'une poche avant \u00e0 fermeture \u00e9clair, d'une poche arri\u00e8re s\u00e9curis\u00e9e, d'une poche pour la bandouli\u00e8re, d'une poche principale et d'une poche \u00e0 compartiment int\u00e9rieur, ce qui est pratique pour placer les articles s\u00e9par\u00e9ment et peut accueillir des tablettes, des t\u00e9l\u00e9phones portables, des banques d'alimentation, des cl\u00e9s, des portefeuilles, des passeports, des parapluies pliants et d'autres articles.<br \/>\n4. Tissu \u00e0 membrane imperm\u00e9able - Le tissu est hydrofuge et prot\u00e8ge le contenu du sac contre les \u00e9claboussures d'une petite quantit\u00e9 d'eau.<br \/>\n5. Utilisations - \u00c9l\u00e9gant et mignon, l\u00e9ger et portable, convient pour le travail, les vacances de week-end, les voyages, la randonn\u00e9e, le camping, la chasse, la randonn\u00e9e, le cyclisme, les motos et d'autres activit\u00e9s de plein air.Sp\u00e9cifications :<br \/>\nMat\u00e9riau principal : PU<br \/>\nMati\u00e8re de la doublure : Polyester<br \/>\nSize: 310*170*70mm\/12.2\u00d76.69\u00d72.76\u201d<br \/>\nStyle : Moto Bike<br \/>\nGenre : Hommes Femmes<br \/>\nType de fermeture : fermeture \u00e0 glissi\u00e8re<br \/>\nInt\u00e9rieur : Poche int\u00e9rieure \u00e0 fente, poche pour t\u00e9l\u00e9phone portable<br \/>\nExt\u00e9rieur : Poche \u00e0 limon<br \/>\nLieu d'origine : Chine (Mainland)<br \/>\nUtilisation : sac \u00e0 bandouli\u00e8re, sac de poitrine, portable<br \/>\nStructure : poche frontale \u00e0 fermeture \u00e9clair, poche arri\u00e8re, poche pour la ceinture d'\u00e9paule, poche principale, poche int\u00e9rieure plaqu\u00e9e<br \/>\nOccasion : quotidien, loisirs, shopping, voyage<br \/>\nBandouli\u00e8re r\u00e9glableNote :<br \/>\nEn raison de la diversit\u00e9 des \u00e9crans et de l'effet de la lumi\u00e8re, la couleur r\u00e9elle de l'article peut \u00eatre l\u00e9g\u00e8rement diff\u00e9rente de celle qui appara\u00eet sur les photos. Nous vous remercions de votre attention.<br \/>\nVeuillez tenir compte d'un \u00e9cart de 1 \u00e0 2 cm d\u00fb aux mesures manuelles.<br \/>\n<br \/>1 x sac de poitrine<\/p>","protected":false},"excerpt":{"rendered":"<p>Spanish buyers Attention: If your address includes following postal codes, please do not choose the Spanish warehouse. The Zip code [&hellip;]<\/p>","protected":false},"featured_media":2359,"template":"","meta":{"site-sidebar-layout":"default","site-content-layout":"","ast-site-content-layout":"","site-content-style":"default","site-sidebar-style":"default","ast-global-header-display":"","ast-banner-title-visibility":"","ast-main-header-display":"","ast-hfb-above-header-display":"","ast-hfb-below-header-display":"","ast-hfb-mobile-header-display":"","site-post-title":"","ast-breadcrumbs-content":"","ast-featured-img":"","footer-sml-layout":"","theme-transparent-header-meta":"","adv-header-id-meta":"","stick-header-meta":"","header-above-stick-meta":"","header-main-stick-meta":"","header-below-stick-meta":"","astra-migrate-meta-layouts":"default","ast-page-background-enabled":"default","ast-page-background-meta":{"desktop":{"background-color":"var(--ast-global-color-4)","background-image":"","background-repeat":"repeat","background-position":"center center","background-size":"auto","background-attachment":"scroll","background-type":"","background-media":"","overlay-type":"","overlay-color":"","overlay-gradient":""},"tablet":{"background-color":"","background-image":"","background-repeat":"repeat","background-position":"center center","background-size":"auto","background-attachment":"scroll","background-type":"","background-media":"","overlay-type":"","overlay-color":"","overlay-gradient":""},"mobile":{"background-color":"","background-image":"","background-repeat":"repeat","background-position":"center center","background-size":"auto","background-attachment":"scroll","background-type":"","background-media":"","overlay-type":"","overlay-color":"","overlay-gradient":""}},"ast-content-background-meta":{"desktop":{"background-color":"var(--ast-global-color-5)","background-image":"","background-repeat":"repeat","background-position":"center center","background-size":"auto","background-attachment":"scroll","background-type":"","background-media":"","overlay-type":"","overlay-color":"","overlay-gradient":""},"tablet":{"background-color":"var(--ast-global-color-5)","background-image":"","background-repeat":"repeat","background-position":"center center","background-size":"auto","background-attachment":"scroll","background-type":"","background-media":"","overlay-type":"","overlay-color":"","overlay-gradient":""},"mobile":{"background-color":"var(--ast-global-color-5)","background-image":"","background-repeat":"repeat","background-position":"center center","background-size":"auto","background-attachment":"scroll","background-type":"","background-media":"","overlay-type":"","overlay-color":"","overlay-gradient":""}}},"product_brand":[],"product_cat":[23],"product_tag":[],"class_list":{"0":"post-2246","1":"product","2":"type-product","3":"status-publish","4":"has-post-thumbnail","6":"product_cat-chest-bags","7":"desktop-align-center","8":"tablet-align-left","9":"mobile-align-left","11":"first","12":"instock","13":"shipping-taxable","14":"purchasable","15":"product-type-simple"},"_links":{"self":[{"href":"https:\/\/baosikai.com\/fr\/wp-json\/wp\/v2\/product\/2246","targetHints":{"allow":["GET"]}}],"collection":[{"href":"https:\/\/baosikai.com\/fr\/wp-json\/wp\/v2\/product"}],"about":[{"href":"https:\/\/baosikai.com\/fr\/wp-json\/wp\/v2\/types\/product"}],"wp:featuredmedia":[{"embeddable":true,"href":"https:\/\/baosikai.com\/fr\/wp-json\/wp\/v2\/media\/2359"}],"wp:attachment":[{"href":"https:\/\/baosikai.com\/fr\/wp-json\/wp\/v2\/media?parent=2246"}],"wp:term":[{"taxonomy":"product_brand","embeddable":true,"href":"https:\/\/baosikai.com\/fr\/wp-json\/wp\/v2\/product_brand?post=2246"},{"taxonomy":"product_cat","embeddable":true,"href":"https:\/\/baosikai.com\/fr\/wp-json\/wp\/v2\/product_cat?post=2246"},{"taxonomy":"product_tag","embeddable":true,"href":"https:\/\/baosikai.com\/fr\/wp-json\/wp\/v2\/product_tag?post=2246"}],"curies":[{"name":"wp","href":"https:\/\/api.w.org\/{rel}","templated":true}]}}