{"id":2247,"date":"2024-04-16T02:39:01","date_gmt":"2024-04-16T02:39:01","guid":{"rendered":"http:\/\/baosikai.com\/?post_type=product&#038;p=2247"},"modified":"2024-06-27T06:54:57","modified_gmt":"2024-06-27T06:54:57","slug":"transparent-pvc-chest-bag","status":"publish","type":"product","link":"https:\/\/baosikai.com\/fr\/produit\/transparent-pvc-chest-bag\/","title":{"rendered":"Sac de poitrine en PVC transparent"},"content":{"rendered":"<p>Sp\u00e9cification :<br \/>\nOrigine : Chine continentale Chine continentale<br \/>\nForme : Circulaire<br \/>\nMat\u00e9riau principal : PVC<br \/>\nMati\u00e8re de la doublure : Aucun<br \/>\nD\u00e9coration : AUCUN<br \/>\nStyle : Mode<br \/>\nD\u00e9partement : Femmes<br \/>\nType de fermeture : fermeture \u00e0 glissi\u00e8re<br \/>\nDuret\u00e9 : DOUX<br \/>\nInt\u00e9rieur : Pas de poche<br \/>\nExt\u00e9rieur : AUCUN<br \/>\nNum\u00e9ro de mod\u00e8le : Sac de poitrine<br \/>\nOccasion : Polyvalent<br \/>\nTaille : 31x18x7.5cm\/12.20\u00d77.09\u00d72.95in, longueur de la bandouli\u00e8re environ 100cm\/39.37in<br \/>\nCouleur : Noir<br \/>\nUtilisation : \u00e9paule simple, corps crois\u00e9, portable<br \/>\nRemarque : bretelles r\u00e9glables<br \/>\nLieu d'origine : Province de ZHE JIANG<\/p>\n<p>\tRemarque :<br \/>\nEn raison de la diversit\u00e9 des \u00e9crans et de l'effet de la lumi\u00e8re, la couleur r\u00e9elle de l'article peut \u00eatre l\u00e9g\u00e8rement diff\u00e9rente de celle qui appara\u00eet sur les photos. Nous vous remercions de votre attention.<br \/>\nVeuillez tenir compte d'un \u00e9cart de 1 \u00e0 2 cm d\u00fb aux mesures manuelles.<\/p>\n<p>1 x sac de poitrine<\/p>","protected":false},"excerpt":{"rendered":"<p>Specification: Origin: Mainland China Shape: Circular Main Material: PVC Lining Material: None Decoration: NONE Style: Fashion Department: Women Closure Type: [&hellip;]<\/p>","protected":false},"featured_media":2374,"template":"","meta":{"site-sidebar-layout":"default","site-content-layout":"","ast-site-content-layout":"","site-content-style":"default","site-sidebar-style":"default","ast-global-header-display":"","ast-banner-title-visibility":"","ast-main-header-display":"","ast-hfb-above-header-display":"","ast-hfb-below-header-display":"","ast-hfb-mobile-header-display":"","site-post-title":"","ast-breadcrumbs-content":"","ast-featured-img":"","footer-sml-layout":"","theme-transparent-header-meta":"","adv-header-id-meta":"","stick-header-meta":"","header-above-stick-meta":"","header-main-stick-meta":"","header-below-stick-meta":"","astra-migrate-meta-layouts":"default","ast-page-background-enabled":"default","ast-page-background-meta":{"desktop":{"background-color":"var(--ast-global-color-4)","background-image":"","background-repeat":"repeat","background-position":"center center","background-size":"auto","background-attachment":"scroll","background-type":"","background-media":"","overlay-type":"","overlay-color":"","overlay-gradient":""},"tablet":{"background-color":"","background-image":"","background-repeat":"repeat","background-position":"center center","background-size":"auto","background-attachment":"scroll","background-type":"","background-media":"","overlay-type":"","overlay-color":"","overlay-gradient":""},"mobile":{"background-color":"","background-image":"","background-repeat":"repeat","background-position":"center center","background-size":"auto","background-attachment":"scroll","background-type":"","background-media":"","overlay-type":"","overlay-color":"","overlay-gradient":""}},"ast-content-background-meta":{"desktop":{"background-color":"var(--ast-global-color-5)","background-image":"","background-repeat":"repeat","background-position":"center center","background-size":"auto","background-attachment":"scroll","background-type":"","background-media":"","overlay-type":"","overlay-color":"","overlay-gradient":""},"tablet":{"background-color":"var(--ast-global-color-5)","background-image":"","background-repeat":"repeat","background-position":"center center","background-size":"auto","background-attachment":"scroll","background-type":"","background-media":"","overlay-type":"","overlay-color":"","overlay-gradient":""},"mobile":{"background-color":"var(--ast-global-color-5)","background-image":"","background-repeat":"repeat","background-position":"center center","background-size":"auto","background-attachment":"scroll","background-type":"","background-media":"","overlay-type":"","overlay-color":"","overlay-gradient":""}}},"product_brand":[],"product_cat":[23],"product_tag":[],"class_list":{"0":"post-2247","1":"product","2":"type-product","3":"status-publish","4":"has-post-thumbnail","6":"product_cat-chest-bags","7":"desktop-align-center","8":"tablet-align-left","9":"mobile-align-left","11":"first","12":"instock","13":"shipping-taxable","14":"purchasable","15":"product-type-simple"},"_links":{"self":[{"href":"https:\/\/baosikai.com\/fr\/wp-json\/wp\/v2\/product\/2247","targetHints":{"allow":["GET"]}}],"collection":[{"href":"https:\/\/baosikai.com\/fr\/wp-json\/wp\/v2\/product"}],"about":[{"href":"https:\/\/baosikai.com\/fr\/wp-json\/wp\/v2\/types\/product"}],"wp:featuredmedia":[{"embeddable":true,"href":"https:\/\/baosikai.com\/fr\/wp-json\/wp\/v2\/media\/2374"}],"wp:attachment":[{"href":"https:\/\/baosikai.com\/fr\/wp-json\/wp\/v2\/media?parent=2247"}],"wp:term":[{"taxonomy":"product_brand","embeddable":true,"href":"https:\/\/baosikai.com\/fr\/wp-json\/wp\/v2\/product_brand?post=2247"},{"taxonomy":"product_cat","embeddable":true,"href":"https:\/\/baosikai.com\/fr\/wp-json\/wp\/v2\/product_cat?post=2247"},{"taxonomy":"product_tag","embeddable":true,"href":"https:\/\/baosikai.com\/fr\/wp-json\/wp\/v2\/product_tag?post=2247"}],"curies":[{"name":"wp","href":"https:\/\/api.w.org\/{rel}","templated":true}]}}