{"id":2261,"date":"2024-04-16T02:39:02","date_gmt":"2024-04-16T02:39:02","guid":{"rendered":"http:\/\/baosikai.com\/?post_type=product&#038;p=2261"},"modified":"2024-06-27T06:49:40","modified_gmt":"2024-06-27T06:49:40","slug":"women-leather-chest-bag-fashion-crossbody-sling-bag","status":"publish","type":"product","link":"https:\/\/baosikai.com\/fr\/produit\/women-leather-chest-bag-fashion-crossbody-sling-bag\/","title":{"rendered":"Sac de poitrine en cuir pour femmes Sac \u00e0 bandouli\u00e8re \u00e0 la mode"},"content":{"rendered":"<p>(Marron\/Gris\/Beige\/Vert\/Noir)-Sacochette en cuir<br \/>\nFemmes Cuir Sac de poitrine Fashion Crossbody Sling Bag Shoulder Bum Bag Satchel Hobo Bag Waist Bag Cell Phone Bag Shopper Bag<br \/>\nCaract\u00e9ristiques :<br \/>\n1. \u00e0 la mode et pratique : Notre sac de poitrine minimaliste et d\u00e9contract\u00e9 pour femmes est parfait pour celles qui recherchent un sac d'appoint \u00e0 la fois pratique et \u00e0 la mode pour transporter tous leurs objets essentiels au quotidien. Ces sacs \u00e0 bandouli\u00e8re ont une capacit\u00e9 g\u00e9n\u00e9reuse, permettant d'accueillir sans effort divers petits objets dont vous avez besoin lorsque vous sortez, tels que des cl\u00e9s, des t\u00e9l\u00e9phones, des portefeuilles, des cosm\u00e9tiques, des bouteilles d'eau et d'autres effets personnels.<br \/>\n2) Accessoire multifonctionnel : Le sac de poitrine en cuir est un accessoire polyvalent qui peut \u00eatre utilis\u00e9 dans de nombreuses occasions. Que vous fassiez des courses en ville, une randonn\u00e9e en montagne ou un voyage dans une nouvelle ville, ce sac \u00e0 bandouli\u00e8re est un excellent choix. Il pr\u00e9sente une structure compacte, un design l\u00e9ger et une grande facilit\u00e9 de transport, ce qui en fait l'accessoire id\u00e9al pour les personnes en d\u00e9placement.<br \/>\n3. \u00e9l\u00e9gant et polyvalent : Notre sac \u00e0 bandouli\u00e8re transversal est dot\u00e9 d'un design tendance qui s'adapte sans effort \u00e0 toutes les tenues. Que vous soyez habill\u00e9e ou d\u00e9contract\u00e9e, ce sac \u00e0 bandouli\u00e8re ajoute une touche de style \u00e0 votre look. Gr\u00e2ce \u00e0 sa bandouli\u00e8re r\u00e9glable, il convient aux personnes de tailles et de types diff\u00e9rents. La sangle r\u00e9glable vous permet de personnaliser la longueur pour un ajustement parfait, garantissant un confort optimal.<br \/>\n4. pratique et confortable : La bandouli\u00e8re r\u00e9glable vous permet de porter le sac banane sur la poitrine, sur l'\u00e9paule ou m\u00eame sur le dos, ce qui est \u00e0 la fois pratique et \u00e9l\u00e9gant. Ses options de portage polyvalentes font de ce sac \u00e0 bandouli\u00e8re un choix \u00e0 la mode et pratique pour toutes les occasions.<br \/>\n5. spacieux et organis\u00e9 : Notre sac hobo pour femme offre un grand espace de rangement pour tous vos objets essentiels sans \u00eatre encombrant. Avec ses compartiments bien con\u00e7us, il vous aide \u00e0 rester organis\u00e9e et \u00e0 acc\u00e9der facilement \u00e0 vos affaires. Que vous vaquiez \u00e0 vos activit\u00e9s quotidiennes ou que vous partiez \u00e0 l'aventure, ce sac \u00e0 bandouli\u00e8re vous permet d'avoir tout ce dont vous avez besoin \u00e0 port\u00e9e de main :<br \/>\nOrigine : Chine continentale Chine continentale<br \/>\nForme : Demi-lune<br \/>\nMat\u00e9riau principal : PU<br \/>\nMati\u00e8re de la doublure : Polyester<br \/>\nLieu d'origine : Province de HE BEI<br \/>\nSize: 280.00\u00d7180.00\u00d7110.00mm\/11.02\u00d77.09\u00d74.33inch<\/p>\n<p>Remarque :<br \/>\nEn raison de la diversit\u00e9 des \u00e9crans et de l'effet de la lumi\u00e8re, la couleur r\u00e9elle de l'article peut \u00eatre l\u00e9g\u00e8rement diff\u00e9rente de celle qui appara\u00eet sur les photos. Nous vous remercions de votre attention.<br \/>\nVeuillez tenir compte d'un \u00e9cart de 1 \u00e0 2 cm d\u00fb aux mesures manuelles.<br \/>\n<br \/>Produit inclus<br \/>\nMarron\uff1a<br \/>\n\t1pc*Sac de poitrine<\/p>\n<p>Gris\uff1a<br \/>\n\t1pc*Sac de poitrine<\/p>\n<p>Beige\uff1a<br \/>\n\t1pc*Sac de poitrine<\/p>\n<p>Vert\uff1a<br \/>\n\t1pc*Sac de poitrine<\/p>\n<p>Noir\uff1a<br \/>\n\t1pc*Sac de poitrine<\/p>","protected":false},"excerpt":{"rendered":"<p>(Brown\/Grey\/Beige\/Green\/Black)&#8211;Leather Chest Bag Women Leather Chest Bag Fashion Crossbody Sling Bag Shoulder Bum Bag Satchel Hobo Bag Waist Bag Cell [&hellip;]<\/p>","protected":false},"featured_media":2395,"template":"","meta":{"site-sidebar-layout":"default","site-content-layout":"","ast-site-content-layout":"","site-content-style":"default","site-sidebar-style":"default","ast-global-header-display":"","ast-banner-title-visibility":"","ast-main-header-display":"","ast-hfb-above-header-display":"","ast-hfb-below-header-display":"","ast-hfb-mobile-header-display":"","site-post-title":"","ast-breadcrumbs-content":"","ast-featured-img":"","footer-sml-layout":"","theme-transparent-header-meta":"","adv-header-id-meta":"","stick-header-meta":"","header-above-stick-meta":"","header-main-stick-meta":"","header-below-stick-meta":"","astra-migrate-meta-layouts":"default","ast-page-background-enabled":"default","ast-page-background-meta":{"desktop":{"background-color":"var(--ast-global-color-4)","background-image":"","background-repeat":"repeat","background-position":"center center","background-size":"auto","background-attachment":"scroll","background-type":"","background-media":"","overlay-type":"","overlay-color":"","overlay-gradient":""},"tablet":{"background-color":"","background-image":"","background-repeat":"repeat","background-position":"center center","background-size":"auto","background-attachment":"scroll","background-type":"","background-media":"","overlay-type":"","overlay-color":"","overlay-gradient":""},"mobile":{"background-color":"","background-image":"","background-repeat":"repeat","background-position":"center center","background-size":"auto","background-attachment":"scroll","background-type":"","background-media":"","overlay-type":"","overlay-color":"","overlay-gradient":""}},"ast-content-background-meta":{"desktop":{"background-color":"var(--ast-global-color-5)","background-image":"","background-repeat":"repeat","background-position":"center center","background-size":"auto","background-attachment":"scroll","background-type":"","background-media":"","overlay-type":"","overlay-color":"","overlay-gradient":""},"tablet":{"background-color":"var(--ast-global-color-5)","background-image":"","background-repeat":"repeat","background-position":"center center","background-size":"auto","background-attachment":"scroll","background-type":"","background-media":"","overlay-type":"","overlay-color":"","overlay-gradient":""},"mobile":{"background-color":"var(--ast-global-color-5)","background-image":"","background-repeat":"repeat","background-position":"center center","background-size":"auto","background-attachment":"scroll","background-type":"","background-media":"","overlay-type":"","overlay-color":"","overlay-gradient":""}}},"product_brand":[],"product_cat":[23],"product_tag":[],"class_list":{"0":"post-2261","1":"product","2":"type-product","3":"status-publish","4":"has-post-thumbnail","6":"product_cat-chest-bags","7":"pa_color-beige","8":"pa_color-black","9":"pa_color-brown","10":"pa_color-green","11":"pa_color-grey","12":"pa_ships-from-china","13":"desktop-align-center","14":"tablet-align-left","15":"mobile-align-left","17":"first","18":"instock","19":"shipping-taxable","20":"purchasable","21":"product-type-simple"},"_links":{"self":[{"href":"https:\/\/baosikai.com\/fr\/wp-json\/wp\/v2\/product\/2261","targetHints":{"allow":["GET"]}}],"collection":[{"href":"https:\/\/baosikai.com\/fr\/wp-json\/wp\/v2\/product"}],"about":[{"href":"https:\/\/baosikai.com\/fr\/wp-json\/wp\/v2\/types\/product"}],"wp:featuredmedia":[{"embeddable":true,"href":"https:\/\/baosikai.com\/fr\/wp-json\/wp\/v2\/media\/2395"}],"wp:attachment":[{"href":"https:\/\/baosikai.com\/fr\/wp-json\/wp\/v2\/media?parent=2261"}],"wp:term":[{"taxonomy":"product_brand","embeddable":true,"href":"https:\/\/baosikai.com\/fr\/wp-json\/wp\/v2\/product_brand?post=2261"},{"taxonomy":"product_cat","embeddable":true,"href":"https:\/\/baosikai.com\/fr\/wp-json\/wp\/v2\/product_cat?post=2261"},{"taxonomy":"product_tag","embeddable":true,"href":"https:\/\/baosikai.com\/fr\/wp-json\/wp\/v2\/product_tag?post=2261"}],"curies":[{"name":"wp","href":"https:\/\/api.w.org\/{rel}","templated":true}]}}