{"id":2286,"date":"2024-04-16T02:39:04","date_gmt":"2024-04-16T02:39:04","guid":{"rendered":"http:\/\/baosikai.com\/?post_type=product&#038;p=2286"},"modified":"2024-06-27T06:49:13","modified_gmt":"2024-06-27T06:49:13","slug":"anti-theft-password-lock-chest-packs","status":"publish","type":"product","link":"https:\/\/baosikai.com\/fr\/produit\/anti-theft-password-lock-chest-packs\/","title":{"rendered":"Coffre-fort antivol avec verrouillage par mot de passe"},"content":{"rendered":"<p>L'attention des clients am\u00e9ricains :<br \/>\nLorsque vous s\u00e9lectionnez \"Ship From United States\", les adresses suivantes ne seront pas livr\u00e9es : Hawa\u00ef, Alaska, Porto Rico, Guam, APO, DPO, FPO, etc. Nous vous recommandons de choisir l'option \"Exp\u00e9dition depuis la Chine\".<br \/>\nClients de l'Espagne \u00e0 l'assistance :<br \/>\nLorsque vous s\u00e9lectionnez \"Enviar desde Espa\u00c3\u00b1a\", le service d'envoi n'est pas disponible pour les envois postaux suivants :<br \/>\n35000-35999<br \/>\n38000-38999<br \/>\nIl est recommand\u00e9 d'utiliser l'option \"Enviar desde China\". \u00c2\u00a1Gracias ! ! !<br \/>(Vert arm\u00e9e\/Noir\/Bleu\/Bleu fonc\u00e9\/Gris\/Multicolore)-Sac \u00e0 bandouli\u00e8re<br \/>\nSp\u00e9cification :<br \/>\nOrigine : Chine continentale Chine continentale<br \/>\nMati\u00e8re principale : oxford<br \/>\nTaille : 330*160*95 mm \/13*6.3*3.7in<br \/>\nCouleur : vert arm\u00e9e, noir, bleu, rouge, bleu fonc\u00e9, gris, multicolore<br \/>\nConvient \u00e0 : hommes femmes<br \/>\nNombre de bretelles : simple<br \/>\nUtilisation : sac de poitrine, sac \u00e0 bandouli\u00e8re, sac transversal<br \/>\nStyle : Mode<br \/>\nFermeture : fermeture \u00e0 glissi\u00e8re<br \/>\nMotif : couleur unie<br \/>\nStructure : sac \u00e0 fermeture \u00e9clair \u00e0 l'avant, sac \u00e0 l'arri\u00e8re, sac principal et sac int\u00e9rieur plaqu\u00e9<br \/>\nOccasion : quotidien, loisirs, shopping, voyage, randonn\u00e9e,<br \/>\nConseils : Les bretelles sont r\u00e9glables.<\/p>\n<p>Remarque :<br \/>\nEn raison de la diversit\u00e9 des \u00e9crans et de l'effet de la lumi\u00e8re, la couleur r\u00e9elle de l'article peut \u00eatre l\u00e9g\u00e8rement diff\u00e9rente de celle qui appara\u00eet sur les photos. Nous vous remercions de votre attention.<br \/>\nVeuillez tenir compte d'un \u00e9cart de 1 \u00e0 2 cm d\u00fb aux mesures manuelles.<br \/>\n<br \/>Produit inclus<br \/>\nVert Arm\u00e9e\uff1a1 x sac de poitrine<br \/>\nNoir\uff1a1 x sac de poitrine<br \/>\nBleu\uff1a1 x sac de poitrine<br \/>\nBleu fonc\u00e9\uff1a1 x sac de poitrine<br \/>\nGris\uff1a1 x sac de poitrine<br \/>\nMulticolor\uff1a1 x sac de poitrine<\/p>","protected":false},"excerpt":{"rendered":"<p>The United States customers attention: When you select &#8220;Ship From United States&#8221;, the following addresses will not provide delivery service: [&hellip;]<\/p>","protected":false},"featured_media":2461,"template":"","meta":{"site-sidebar-layout":"default","site-content-layout":"","ast-site-content-layout":"","site-content-style":"default","site-sidebar-style":"default","ast-global-header-display":"","ast-banner-title-visibility":"","ast-main-header-display":"","ast-hfb-above-header-display":"","ast-hfb-below-header-display":"","ast-hfb-mobile-header-display":"","site-post-title":"","ast-breadcrumbs-content":"","ast-featured-img":"","footer-sml-layout":"","theme-transparent-header-meta":"","adv-header-id-meta":"","stick-header-meta":"","header-above-stick-meta":"","header-main-stick-meta":"","header-below-stick-meta":"","astra-migrate-meta-layouts":"default","ast-page-background-enabled":"default","ast-page-background-meta":{"desktop":{"background-color":"var(--ast-global-color-4)","background-image":"","background-repeat":"repeat","background-position":"center center","background-size":"auto","background-attachment":"scroll","background-type":"","background-media":"","overlay-type":"","overlay-color":"","overlay-gradient":""},"tablet":{"background-color":"","background-image":"","background-repeat":"repeat","background-position":"center center","background-size":"auto","background-attachment":"scroll","background-type":"","background-media":"","overlay-type":"","overlay-color":"","overlay-gradient":""},"mobile":{"background-color":"","background-image":"","background-repeat":"repeat","background-position":"center center","background-size":"auto","background-attachment":"scroll","background-type":"","background-media":"","overlay-type":"","overlay-color":"","overlay-gradient":""}},"ast-content-background-meta":{"desktop":{"background-color":"var(--ast-global-color-5)","background-image":"","background-repeat":"repeat","background-position":"center center","background-size":"auto","background-attachment":"scroll","background-type":"","background-media":"","overlay-type":"","overlay-color":"","overlay-gradient":""},"tablet":{"background-color":"var(--ast-global-color-5)","background-image":"","background-repeat":"repeat","background-position":"center center","background-size":"auto","background-attachment":"scroll","background-type":"","background-media":"","overlay-type":"","overlay-color":"","overlay-gradient":""},"mobile":{"background-color":"var(--ast-global-color-5)","background-image":"","background-repeat":"repeat","background-position":"center center","background-size":"auto","background-attachment":"scroll","background-type":"","background-media":"","overlay-type":"","overlay-color":"","overlay-gradient":""}}},"product_brand":[],"product_cat":[23],"product_tag":[],"class_list":{"0":"post-2286","1":"product","2":"type-product","3":"status-publish","4":"has-post-thumbnail","6":"product_cat-chest-bags","7":"pa_color-army-green","8":"pa_color-black","9":"pa_color-blue","10":"pa_color-dark-blue","11":"pa_color-grey","12":"pa_color-multicolor","13":"pa_ships-from-china","14":"desktop-align-center","15":"tablet-align-left","16":"mobile-align-left","18":"first","19":"instock","20":"shipping-taxable","21":"purchasable","22":"product-type-simple"},"_links":{"self":[{"href":"https:\/\/baosikai.com\/fr\/wp-json\/wp\/v2\/product\/2286","targetHints":{"allow":["GET"]}}],"collection":[{"href":"https:\/\/baosikai.com\/fr\/wp-json\/wp\/v2\/product"}],"about":[{"href":"https:\/\/baosikai.com\/fr\/wp-json\/wp\/v2\/types\/product"}],"wp:featuredmedia":[{"embeddable":true,"href":"https:\/\/baosikai.com\/fr\/wp-json\/wp\/v2\/media\/2461"}],"wp:attachment":[{"href":"https:\/\/baosikai.com\/fr\/wp-json\/wp\/v2\/media?parent=2286"}],"wp:term":[{"taxonomy":"product_brand","embeddable":true,"href":"https:\/\/baosikai.com\/fr\/wp-json\/wp\/v2\/product_brand?post=2286"},{"taxonomy":"product_cat","embeddable":true,"href":"https:\/\/baosikai.com\/fr\/wp-json\/wp\/v2\/product_cat?post=2286"},{"taxonomy":"product_tag","embeddable":true,"href":"https:\/\/baosikai.com\/fr\/wp-json\/wp\/v2\/product_tag?post=2286"}],"curies":[{"name":"wp","href":"https:\/\/api.w.org\/{rel}","templated":true}]}}