{"id":2533,"date":"2024-04-16T02:56:01","date_gmt":"2024-04-16T02:56:01","guid":{"rendered":"http:\/\/baosikai.com\/?post_type=product&#038;p=2533"},"modified":"2024-06-27T06:45:18","modified_gmt":"2024-06-27T06:45:18","slug":"fishing-organizer-waist-pack-multi-functional","status":"publish","type":"product","link":"https:\/\/baosikai.com\/fr\/produit\/fishing-organizer-waist-pack-multi-functional\/","title":{"rendered":"Organisateur de p\u00eache \u00e0 la ceinture multifonctionnel"},"content":{"rendered":"<p>(Noir\/Orange\/Kaki\/Noir CP\/Noir Camo)-Sac de taille de p\u00eache<\/p>\n<p>\tSacoche de p\u00eache Sac de taille de rangement pour la p\u00eache Sac \u00e0 bandouli\u00e8re multifonctionnel Sac \u00e0 bandouli\u00e8re r\u00e9sistant \u00e0 l'eau Multi-poches pour la p\u00eache \u00e0 la mouche <\/p>\n<p>\tCaract\u00e9ristiques : <\/p>\n<p>\t1. construction robuste et durable : Fabriqu\u00e9 avec des mat\u00e9riaux \u00e9pais et r\u00e9sistants \u00e0 l'abrasion, ce sac banane pour la p\u00eache r\u00e9siste \u00e0 l'usure et aux d\u00e9chirures, permettant aux p\u00eacheurs de s'aventurer dans des conditions ext\u00e9rieures difficiles en toute confiance. Sa conception r\u00e9sistante garantit la long\u00e9vit\u00e9 et la protection contre les \u00e9l\u00e9ments, en gardant votre \u00e9quipement en s\u00e9curit\u00e9 et intact.<br \/>\n2) Polyvalence trois-en-un : Faites l'exp\u00e9rience de la commodit\u00e9 ultime avec notre sac de p\u00eache \u00e0 la taille. Il se transforme facilement d'un sac \u00e0 bandouli\u00e8re \u00e0 un sac en bandouli\u00e8re ou \u00e0 un sac de taille pour s'adapter \u00e0 votre confort et \u00e0 votre style. Sa nature adaptable le rend parfait pour les p\u00eacheurs en d\u00e9placement qui ont besoin de flexibilit\u00e9 dans leurs aventures de p\u00eache.<br \/>\n3. efficacit\u00e9 compacte avec un grand espace de rangement : Malgr\u00e9 sa petite taille, notre sac de p\u00eache est dot\u00e9 d'une grande capacit\u00e9, capable de contenir jusqu'\u00e0 quatre bo\u00eetes \u00e0 leurres. La disposition compartiment\u00e9e permet un stockage organis\u00e9 de tous vos articles de p\u00eache essentiels, garantissant un acc\u00e8s rapide et une utilisation efficace de l'espace.<br \/>\n4. organisation intelligente avec acc\u00e8s facile : Les compartiments multiples et les poches sp\u00e9cialis\u00e9es du sac de p\u00eache \u00e0 la taille simplifient l'organisation du mat\u00e9riel, en gardant tout bien rang\u00e9 et \u00e0 sa place. L'int\u00e9rieur comporte plusieurs poches pour classer le mat\u00e9riel, ce qui facilite la localisation et la r\u00e9cup\u00e9ration des articles, am\u00e9liorant ainsi votre exp\u00e9rience de p\u00eache gr\u00e2ce \u00e0 des solutions de rangement sans souci.<br \/>\n5) Fonctionnalit\u00e9 am\u00e9lior\u00e9e pour la mobilit\u00e9 du p\u00eacheur : Notre sac de p\u00eache en bandouli\u00e8re est \u00e9quip\u00e9 d'un porte-canne pratique et de nombreux points d'attache pour les outils de p\u00eache, optimisant ainsi la fonctionnalit\u00e9 pour les p\u00eacheurs actifs. Le panneau dorsal respirant et rembourr\u00e9 offre un grand confort lors des longues sorties, tandis que les bandes r\u00e9fl\u00e9chissantes sur le devant garantissent la s\u00e9curit\u00e9 lors des excursions nocturnes.<\/p>\n<p>Sp\u00e9cification :<br \/>\nOrigine : Chine continentale Chine continentale<\/p>\n<p>\tMat\u00e9riau : Nylon <\/p>\n<p>\tSize:320.00\u00d7210.00\u00d7150.00mm\/12.6\u00d78.27\u00d75.91inch <\/p>\n<p>\tCouleur : noir, orange, kaki, noir CP, noir Camo<\/p>\n<p>\tRemarque :<br \/>\nEn raison de la diversit\u00e9 des \u00e9crans et de l'effet de la lumi\u00e8re, la couleur r\u00e9elle de l'article peut \u00eatre l\u00e9g\u00e8rement diff\u00e9rente de celle qui appara\u00eet sur les photos. Nous vous remercions de votre attention.<br \/>\nVeuillez tenir compte d'un \u00e9cart de 1 \u00e0 2 cm d\u00fb aux mesures manuelles.<\/p>\n<p> <br \/>\nEmballages : <br \/>Produit inclus<br \/>\nBlack\uff1a1x Fishing Fanny Pack<br \/>\nOrange\uff1a1x Fishing Fanny Pack<br \/>\nKaki\uff1a1x Sac banane pour la p\u00eache<br \/>\nSac banane de p\u00eache CP\uff1a1x noir<br \/>\nBlack Camo\uff1a1x Fishing Fanny Pack<br \/>\n<br \/>1. Tous les articles sont v\u00e9rifi\u00e9s et bien emball\u00e9s avant d'\u00eatre envoy\u00e9s. Les articles<br \/>\nseront exp\u00e9di\u00e9s dans les 3 \u00e0 7 jours ouvrables suivant le paiement de la commande par le client. Nous recevons des milliers de commandes chaque jour. Nous devons organiser l'exp\u00e9dition commande par commande. Nous vous enverrons les produits le plus rapidement possible.<br \/>\n2. Nous n'exp\u00e9dions qu'\u00e0 l'adresse confirm\u00e9e de la commande. L'adresse de la commande doit correspondre \u00e0 l'adresse d'exp\u00e9dition.<br \/>\n3. La livraison du colis \u00e0 destination prend g\u00e9n\u00e9ralement de 20 \u00e0 60 jours ouvrables (pour les r\u00e9gions \u00e9loign\u00e9es, le d\u00e9lai peut \u00eatre un peu plus long). En m\u00eame temps, vous pouvez choisir DHL Express pour raccourcir le d\u00e9lai d'exp\u00e9dition si vous avez besoin de la commande de toute urgence.<br \/>\n4. Si vous ne recevez pas votre commande dans les 60 jours ouvrables, n'h\u00e9sitez pas \u00e0 nous contacter avant de laisser un commentaire n\u00e9gatif, nous ferons de notre mieux pour vous aider \u00e0 r\u00e9soudre le probl\u00e8me.<br \/>1. Si vous n'\u00eates pas satisfait de l'article \u00e0 la r\u00e9ception, veuillez le retourner dans les 10 jours pour qu'il soit remplac\u00e9 ou rembours\u00e9.<br \/>\n2. Tous les articles retourn\u00e9s doivent \u00eatre dans leur emballage d'origine et vous devez nous fournir le num\u00e9ro de suivi de l'exp\u00e9dition et la raison sp\u00e9cifique du retour.<br \/>\n3. Nous vous rembourserons int\u00e9gralement, apr\u00e8s r\u00e9ception de l'article dans son \u00e9tat et son emballage d'origine, avec tous les composants et accessoires inclus.<br \/>\n4. Si l'article est endommag\u00e9 pendant le transport ou ne peut pas \u00eatre utilis\u00e9 normalement, veuillez nous contacter avec les photos r\u00e9elles de l'article et nous vous rembourserons.<br \/>Nous maintenons des normes d'excellence \u00e9lev\u00e9es et nous nous effor\u00e7ons de satisfaire nos clients \u00e0 100%. Votre satisfaction est notre premi\u00e8re priorit\u00e9 ! <\/p>\n<p>Si vous recevez votre commande et qu'elle est en bon \u00e9tat, nous vous serions reconnaissants de laisser un commentaire positif de 5 \u00e9toiles pour la transaction. <\/p>\n<p>Dans le cas contraire, nous vous serions reconnaissants de bien vouloir nous contacter avant de laisser un commentaire de 1 \u00e0 3 \u00e9toiles, nous nous ferons un plaisir de trouver une solution satisfaisante.<\/p>","protected":false},"excerpt":{"rendered":"<p>(Black\/Orange\/Khaki\/Black CP\/Black Camo)&#8211;Fishing Waist Bag Fishing Fanny Pack Fishing Storage Waist Pack Multifunctional Crossbody Sling Pack Water-Resistant Multi Pockets for [&hellip;]<\/p>","protected":false},"featured_media":2604,"template":"","meta":{"site-sidebar-layout":"default","site-content-layout":"","ast-site-content-layout":"","site-content-style":"default","site-sidebar-style":"default","ast-global-header-display":"","ast-banner-title-visibility":"","ast-main-header-display":"","ast-hfb-above-header-display":"","ast-hfb-below-header-display":"","ast-hfb-mobile-header-display":"","site-post-title":"","ast-breadcrumbs-content":"","ast-featured-img":"","footer-sml-layout":"","theme-transparent-header-meta":"","adv-header-id-meta":"","stick-header-meta":"","header-above-stick-meta":"","header-main-stick-meta":"","header-below-stick-meta":"","astra-migrate-meta-layouts":"default","ast-page-background-enabled":"default","ast-page-background-meta":{"desktop":{"background-color":"var(--ast-global-color-4)","background-image":"","background-repeat":"repeat","background-position":"center center","background-size":"auto","background-attachment":"scroll","background-type":"","background-media":"","overlay-type":"","overlay-color":"","overlay-gradient":""},"tablet":{"background-color":"","background-image":"","background-repeat":"repeat","background-position":"center center","background-size":"auto","background-attachment":"scroll","background-type":"","background-media":"","overlay-type":"","overlay-color":"","overlay-gradient":""},"mobile":{"background-color":"","background-image":"","background-repeat":"repeat","background-position":"center center","background-size":"auto","background-attachment":"scroll","background-type":"","background-media":"","overlay-type":"","overlay-color":"","overlay-gradient":""}},"ast-content-background-meta":{"desktop":{"background-color":"var(--ast-global-color-5)","background-image":"","background-repeat":"repeat","background-position":"center center","background-size":"auto","background-attachment":"scroll","background-type":"","background-media":"","overlay-type":"","overlay-color":"","overlay-gradient":""},"tablet":{"background-color":"var(--ast-global-color-5)","background-image":"","background-repeat":"repeat","background-position":"center center","background-size":"auto","background-attachment":"scroll","background-type":"","background-media":"","overlay-type":"","overlay-color":"","overlay-gradient":""},"mobile":{"background-color":"var(--ast-global-color-5)","background-image":"","background-repeat":"repeat","background-position":"center center","background-size":"auto","background-attachment":"scroll","background-type":"","background-media":"","overlay-type":"","overlay-color":"","overlay-gradient":""}}},"product_brand":[],"product_cat":[25],"product_tag":[],"class_list":{"0":"post-2533","1":"product","2":"type-product","3":"status-publish","4":"has-post-thumbnail","6":"product_cat-fanny-packs","7":"pa_color-black","8":"pa_color-black-camo","9":"pa_color-black-cp","10":"pa_color-khaki","11":"pa_color-orange","12":"pa_ships-from-china","13":"desktop-align-center","14":"tablet-align-left","15":"mobile-align-left","17":"first","18":"instock","19":"shipping-taxable","20":"purchasable","21":"product-type-variable"},"_links":{"self":[{"href":"https:\/\/baosikai.com\/fr\/wp-json\/wp\/v2\/product\/2533","targetHints":{"allow":["GET"]}}],"collection":[{"href":"https:\/\/baosikai.com\/fr\/wp-json\/wp\/v2\/product"}],"about":[{"href":"https:\/\/baosikai.com\/fr\/wp-json\/wp\/v2\/types\/product"}],"wp:featuredmedia":[{"embeddable":true,"href":"https:\/\/baosikai.com\/fr\/wp-json\/wp\/v2\/media\/2604"}],"wp:attachment":[{"href":"https:\/\/baosikai.com\/fr\/wp-json\/wp\/v2\/media?parent=2533"}],"wp:term":[{"taxonomy":"product_brand","embeddable":true,"href":"https:\/\/baosikai.com\/fr\/wp-json\/wp\/v2\/product_brand?post=2533"},{"taxonomy":"product_cat","embeddable":true,"href":"https:\/\/baosikai.com\/fr\/wp-json\/wp\/v2\/product_cat?post=2533"},{"taxonomy":"product_tag","embeddable":true,"href":"https:\/\/baosikai.com\/fr\/wp-json\/wp\/v2\/product_tag?post=2533"}],"curies":[{"name":"wp","href":"https:\/\/api.w.org\/{rel}","templated":true}]}}