{"id":2575,"date":"2024-04-16T02:56:08","date_gmt":"2024-04-16T02:56:08","guid":{"rendered":"http:\/\/baosikai.com\/?post_type=product&#038;p=2575"},"modified":"2024-06-26T09:42:03","modified_gmt":"2024-06-26T09:42:03","slug":"genuine-leather-women-crossbody-bag","status":"publish","type":"product","link":"https:\/\/baosikai.com\/fr\/produit\/genuine-leather-women-crossbody-bag\/","title":{"rendered":"Sac \u00e0 bandouli\u00e8re en cuir v\u00e9ritable pour femmes"},"content":{"rendered":"<p>L'attention des clients am\u00e9ricains :<br \/>\nLorsque vous s\u00e9lectionnez \"Ship From United States\", les adresses suivantes ne seront pas livr\u00e9es : Hawa\u00ef, Alaska, Porto Rico, Guam, APO, DPO, FPO, etc. Nous vous recommandons de choisir l'option \"Exp\u00e9dition depuis la Chine\".<br \/>\nClients de l'Espagne \u00e0 l'assistance :<br \/>\nLorsque vous s\u00e9lectionnez \"Enviar desde Espa\u00c3\u00b1a\", le service d'envoi n'est pas disponible pour les envois postaux suivants :<br \/>\n35000-35999<br \/>\n38000-38999<br \/>\nIl est recommand\u00e9 d'utiliser l'option \"Enviar desde China\". \u00c2\u00a1Gracias ! ! !<br \/>(noir\/WHITE\/Kaki)-Sac \u00e0 bandouli\u00e8re<\/p>\n<p>\tSac \u00e0 main \u00e9l\u00e9gant en cuir v\u00e9ritable pour femmes Sac \u00e0 main de mode Petit sac carr\u00e9 Casual pour Voyage Vacances <\/p>\n<p>\tFonctionnalit\u00e9 :<br \/>\n1. Mati\u00e8re : Le sac de messager \u00e0 la mode est fabriqu\u00e9 en cuir de haute qualit\u00e9, qui est non seulement doux et confortable, mais aussi durable et tr\u00e8s facile \u00e0 entretenir.<br \/>\n2. Taille : sac de messager (20,5\u00d714,5x3cm\/8,07\u00d75,71\u00d71,18in), offrant suffisamment d'espace pour le portefeuille, le t\u00e9l\u00e9phone portable, les lunettes, les cl\u00e9s et d'autres petits objets.<br \/>\n3. Design : Trois poches \u00e0 fermeture \u00e9clair permettent de ranger des objets \u00e0 diff\u00e9rents endroits. Choisissez des fermetures \u00e0 glissi\u00e8re de haute qualit\u00e9 pour vous assurer qu'elles sont suffisamment souples pour \u00eatre utilis\u00e9es sans se coincer.<br \/>\n4. Largement utilis\u00e9 : Ces sacs conviennent pour le shopping, les rencontres, les d\u00e9placements, les voyages, les vacances, les f\u00eates, le travail, etc.<br \/>\n5. Cadeau id\u00e9al : C'est aussi le cadeau id\u00e9al pour No\u00ebl, la Saint-Valentin, les anniversaires f\u00e9minins, la f\u00eate des m\u00e8res, la f\u00eate de Thanksgiving et les anniversaires. C'est un beau cadeau pour les amis, les petites amies, les \u00e9pouses, les m\u00e8res, etc.<\/p>\n<p>Sp\u00e9cification :<br \/>\nOrigine : Chine continentale Chine continentale<br \/>\nForme : Bo\u00eete<br \/>\nMati\u00e8re principale : Cuir v\u00e9ritable<br \/>\nMati\u00e8re de la doublure : Polyester<br \/>\nD\u00e9coration : AUCUN<br \/>\nStyle : Mode<br \/>\nD\u00e9partement : FEMMES<br \/>\nType de fermeture : fermeture \u00e0 glissi\u00e8re<br \/>\nDuret\u00e9 : DOUX<br \/>\nInt\u00e9rieur : Pas de poche<br \/>\nExt\u00e9rieur : AUCUN<br \/>\nNum\u00e9ro de mod\u00e8le : Sac \u00e0 bandouli\u00e8re<br \/>\nOccasion : Polyvalent<br \/>\nCouleur : noir, blanc, kaki, vert, bleu<br \/>\nMotif : Solide<br \/>\nSize: 20.5\u00d714.5x3cm\/8.07\u00d75.71\u00d71.18in<br \/>\nUtilisation : corps crois\u00e9, \u00e9paule simple, bandouli\u00e8re r\u00e9glable<br \/>\nLieu d'origine : Province de GUANG DONG<\/p>\n<p>\tRemarque :<br \/>\nEn raison de la diversit\u00e9 des \u00e9crans et de l'effet de la lumi\u00e8re, la couleur r\u00e9elle de l'article peut \u00eatre l\u00e9g\u00e8rement diff\u00e9rente de celle qui appara\u00eet sur les photos. Nous vous remercions de votre attention.<br \/>\nVeuillez tenir compte d'un \u00e9cart de 1 \u00e0 2 cm d\u00fb aux mesures manuelles.<\/p>\n<p>Produit inclus<br \/>\nblack\uff1a1x Sac \u00e0 bandouli\u00e8re<br \/>\nWHITE\uff1a1x Sac \u00e0 bandouli\u00e8re<br \/>\nKhaki\uff1a1x Sac \u00e0 bandouli\u00e8re<\/p>","protected":false},"excerpt":{"rendered":"<p>The United States customers attention: When you select &#8220;Ship From United States&#8221;, the following addresses will not provide delivery service: [&hellip;]<\/p>","protected":false},"featured_media":2779,"template":"","meta":{"site-sidebar-layout":"default","site-content-layout":"","ast-site-content-layout":"","site-content-style":"default","site-sidebar-style":"default","ast-global-header-display":"","ast-banner-title-visibility":"","ast-main-header-display":"","ast-hfb-above-header-display":"","ast-hfb-below-header-display":"","ast-hfb-mobile-header-display":"","site-post-title":"","ast-breadcrumbs-content":"","ast-featured-img":"","footer-sml-layout":"","theme-transparent-header-meta":"","adv-header-id-meta":"","stick-header-meta":"","header-above-stick-meta":"","header-main-stick-meta":"","header-below-stick-meta":"","astra-migrate-meta-layouts":"default","ast-page-background-enabled":"default","ast-page-background-meta":{"desktop":{"background-color":"var(--ast-global-color-4)","background-image":"","background-repeat":"repeat","background-position":"center center","background-size":"auto","background-attachment":"scroll","background-type":"","background-media":"","overlay-type":"","overlay-color":"","overlay-gradient":""},"tablet":{"background-color":"","background-image":"","background-repeat":"repeat","background-position":"center center","background-size":"auto","background-attachment":"scroll","background-type":"","background-media":"","overlay-type":"","overlay-color":"","overlay-gradient":""},"mobile":{"background-color":"","background-image":"","background-repeat":"repeat","background-position":"center center","background-size":"auto","background-attachment":"scroll","background-type":"","background-media":"","overlay-type":"","overlay-color":"","overlay-gradient":""}},"ast-content-background-meta":{"desktop":{"background-color":"var(--ast-global-color-5)","background-image":"","background-repeat":"repeat","background-position":"center center","background-size":"auto","background-attachment":"scroll","background-type":"","background-media":"","overlay-type":"","overlay-color":"","overlay-gradient":""},"tablet":{"background-color":"var(--ast-global-color-5)","background-image":"","background-repeat":"repeat","background-position":"center center","background-size":"auto","background-attachment":"scroll","background-type":"","background-media":"","overlay-type":"","overlay-color":"","overlay-gradient":""},"mobile":{"background-color":"var(--ast-global-color-5)","background-image":"","background-repeat":"repeat","background-position":"center center","background-size":"auto","background-attachment":"scroll","background-type":"","background-media":"","overlay-type":"","overlay-color":"","overlay-gradient":""}}},"product_brand":[],"product_cat":[25],"product_tag":[],"class_list":{"0":"post-2575","1":"product","2":"type-product","3":"status-publish","4":"has-post-thumbnail","6":"product_cat-fanny-packs","7":"pa_color-black","8":"pa_color-khaki","9":"pa_color-white","10":"pa_ships-from-china","11":"desktop-align-center","12":"tablet-align-left","13":"mobile-align-left","15":"first","16":"instock","17":"shipping-taxable","18":"purchasable","19":"product-type-variable"},"_links":{"self":[{"href":"https:\/\/baosikai.com\/fr\/wp-json\/wp\/v2\/product\/2575","targetHints":{"allow":["GET"]}}],"collection":[{"href":"https:\/\/baosikai.com\/fr\/wp-json\/wp\/v2\/product"}],"about":[{"href":"https:\/\/baosikai.com\/fr\/wp-json\/wp\/v2\/types\/product"}],"wp:featuredmedia":[{"embeddable":true,"href":"https:\/\/baosikai.com\/fr\/wp-json\/wp\/v2\/media\/2779"}],"wp:attachment":[{"href":"https:\/\/baosikai.com\/fr\/wp-json\/wp\/v2\/media?parent=2575"}],"wp:term":[{"taxonomy":"product_brand","embeddable":true,"href":"https:\/\/baosikai.com\/fr\/wp-json\/wp\/v2\/product_brand?post=2575"},{"taxonomy":"product_cat","embeddable":true,"href":"https:\/\/baosikai.com\/fr\/wp-json\/wp\/v2\/product_cat?post=2575"},{"taxonomy":"product_tag","embeddable":true,"href":"https:\/\/baosikai.com\/fr\/wp-json\/wp\/v2\/product_tag?post=2575"}],"curies":[{"name":"wp","href":"https:\/\/api.w.org\/{rel}","templated":true}]}}