{"id":2943,"date":"2024-04-17T02:31:53","date_gmt":"2024-04-17T02:31:53","guid":{"rendered":"http:\/\/baosikai.com\/?post_type=product&#038;p=2943"},"modified":"2024-06-26T09:40:22","modified_gmt":"2024-06-26T09:40:22","slug":"gym-bag-wet-dry-bag","status":"publish","type":"product","link":"https:\/\/baosikai.com\/fr\/produit\/gym-bag-wet-dry-bag\/","title":{"rendered":"Gym Bag Wet &amp; Dry Bag"},"content":{"rendered":"<p>26926627447628997<br \/>Produits recommand\u00e9s<br \/>Femmes Storage Training Adjustable Strap Dry Wet Separated Waterproof Outdoor Fitness Travel Handbag Nylon Sports Yoga Bag<br \/>US $ 7.49 \/<br \/>Outdoor Waterproof Nylon Sports Gym Bags Men Women Training Fitness Travel Handbag Yoga Mat Sport Bag with shoes Compartment<br \/>US $ 11.09 \/<br \/>New Sport Gym Bag Men Women Outdoor Waterproof Separate Space For Shoes pouch Fitness Hide Backpack sac de<br \/>US $ 6,49 \/<br \/>Gym Bag Pearlescent Women Fitness Training Handbag With Shoes Pocket Waterproof Yoga Pack Travel Duffel Balso Sac De Sporttas<br \/>US $ 6,97 \/<br \/>PU Leather Gym Bag Fitness Sports Bags Dry Wet Handbags For Men Women Training Shoulder Traveling Sac De Sport 2019 New<br \/>US $ 12.49 \/<br \/>Yoga Fitness Bag Waterproof Nylon Training Shoulder Crossbody Sport Bag For Women Fitness Travel Duffel Clothes Gym Bags<br \/>US $ 7,47 \/<br \/>Special Hot Outdoor Ultralight Foldable Men Women Gym Bags Waterproof Nylon Sports Travel Hiking Yoga Duffel Bags<br \/>US $ 3,99 \/<br \/>Sac de sport pour les femmes Sac de sport pour les femmes Sac de sport pour les femmes Sac de sport pour les femmes Sac de sport pour les femmes Sac de sport pour les femmes Sac de sport pour les femmes Sac de sport pour les femmes Sac de sport pour les femmes Sac de sport pour les femmes<br \/>US $ 14.19 \/<br \/>Mati\u00e8re : Cuir PU souple de haute qualit\u00e9<br \/>Couleur : noir,<br \/>Grande taille : 27cmx50cmx25cm(HxLxL)<br \/>Petite taille : 21cmx40cmx20cm(HxLxL)<br \/>Utilisation : sac \u00e0 main, sac \u00e0 bandouli\u00e8re, sac \u00e0 main crois\u00e9<br \/>Occasion:sport en plein air, sac de gym, sac \u00e0 main de yoga en voyage, sac \u00e0 main quotidien pour le week-end<\/p>","protected":false},"excerpt":{"rendered":"<p>26926627447628997Products RecommendedWomen Storage Training Adjustable Strap Dry Wet Separated Waterproof Outdoor Fitness Travel Handbag Nylon Sports Yoga Gym BagUS $ [&hellip;]<\/p>","protected":false},"featured_media":2982,"template":"","meta":{"site-sidebar-layout":"default","site-content-layout":"","ast-site-content-layout":"","site-content-style":"default","site-sidebar-style":"default","ast-global-header-display":"","ast-banner-title-visibility":"","ast-main-header-display":"","ast-hfb-above-header-display":"","ast-hfb-below-header-display":"","ast-hfb-mobile-header-display":"","site-post-title":"","ast-breadcrumbs-content":"","ast-featured-img":"","footer-sml-layout":"","theme-transparent-header-meta":"","adv-header-id-meta":"","stick-header-meta":"","header-above-stick-meta":"","header-main-stick-meta":"","header-below-stick-meta":"","astra-migrate-meta-layouts":"default","ast-page-background-enabled":"default","ast-page-background-meta":{"desktop":{"background-color":"var(--ast-global-color-4)","background-image":"","background-repeat":"repeat","background-position":"center center","background-size":"auto","background-attachment":"scroll","background-type":"","background-media":"","overlay-type":"","overlay-color":"","overlay-gradient":""},"tablet":{"background-color":"","background-image":"","background-repeat":"repeat","background-position":"center center","background-size":"auto","background-attachment":"scroll","background-type":"","background-media":"","overlay-type":"","overlay-color":"","overlay-gradient":""},"mobile":{"background-color":"","background-image":"","background-repeat":"repeat","background-position":"center center","background-size":"auto","background-attachment":"scroll","background-type":"","background-media":"","overlay-type":"","overlay-color":"","overlay-gradient":""}},"ast-content-background-meta":{"desktop":{"background-color":"var(--ast-global-color-5)","background-image":"","background-repeat":"repeat","background-position":"center center","background-size":"auto","background-attachment":"scroll","background-type":"","background-media":"","overlay-type":"","overlay-color":"","overlay-gradient":""},"tablet":{"background-color":"var(--ast-global-color-5)","background-image":"","background-repeat":"repeat","background-position":"center center","background-size":"auto","background-attachment":"scroll","background-type":"","background-media":"","overlay-type":"","overlay-color":"","overlay-gradient":""},"mobile":{"background-color":"var(--ast-global-color-5)","background-image":"","background-repeat":"repeat","background-position":"center center","background-size":"auto","background-attachment":"scroll","background-type":"","background-media":"","overlay-type":"","overlay-color":"","overlay-gradient":""}}},"product_brand":[],"product_cat":[20],"product_tag":[],"class_list":{"0":"post-2943","1":"product","2":"type-product","3":"status-publish","4":"has-post-thumbnail","6":"product_cat-gym-bags","7":"pa_color-black-big","8":"pa_color-black-small","9":"desktop-align-center","10":"tablet-align-left","11":"mobile-align-left","13":"first","14":"instock","15":"shipping-taxable","16":"purchasable","17":"product-type-variable"},"_links":{"self":[{"href":"https:\/\/baosikai.com\/fr\/wp-json\/wp\/v2\/product\/2943","targetHints":{"allow":["GET"]}}],"collection":[{"href":"https:\/\/baosikai.com\/fr\/wp-json\/wp\/v2\/product"}],"about":[{"href":"https:\/\/baosikai.com\/fr\/wp-json\/wp\/v2\/types\/product"}],"wp:featuredmedia":[{"embeddable":true,"href":"https:\/\/baosikai.com\/fr\/wp-json\/wp\/v2\/media\/2982"}],"wp:attachment":[{"href":"https:\/\/baosikai.com\/fr\/wp-json\/wp\/v2\/media?parent=2943"}],"wp:term":[{"taxonomy":"product_brand","embeddable":true,"href":"https:\/\/baosikai.com\/fr\/wp-json\/wp\/v2\/product_brand?post=2943"},{"taxonomy":"product_cat","embeddable":true,"href":"https:\/\/baosikai.com\/fr\/wp-json\/wp\/v2\/product_cat?post=2943"},{"taxonomy":"product_tag","embeddable":true,"href":"https:\/\/baosikai.com\/fr\/wp-json\/wp\/v2\/product_tag?post=2943"}],"curies":[{"name":"wp","href":"https:\/\/api.w.org\/{rel}","templated":true}]}}