{"id":2945,"date":"2024-04-17T02:31:54","date_gmt":"2024-04-17T02:31:54","guid":{"rendered":"http:\/\/baosikai.com\/?post_type=product&#038;p=2945"},"modified":"2024-06-26T09:39:45","modified_gmt":"2024-06-26T09:39:45","slug":"large-capacity-sports-and-fitness-bag-mens-outdoor-yoga-bag","status":"publish","type":"product","link":"https:\/\/baosikai.com\/fr\/produit\/large-capacity-sports-and-fitness-bag-mens-outdoor-yoga-bag\/","title":{"rendered":"Sac de sport et de fitness de grande capacit\u00e9 Sac de yoga ext\u00e9rieur pour hommes"},"content":{"rendered":"<p>Description<br \/>1.Nom : Sacs de sport de grande capacit\u00e9 pour hommes<br \/>2. type : sac \u00e0 main, sac \u00e0 bandouli\u00e8re, sac pour le corps<br \/>3. Taille : Length60*Width24*Height31cm<br \/>4. mat\u00e9riau : Tissu Oxford<br \/>5) Occasions d'application : Gym, Yoga, Plage, Voyage, Affaires, Sport de plein air<br \/>Liste :<br \/>1*Sac de sport<br \/>Notes :<br \/>1. Veuillez tenir compte d'une diff\u00e9rence de 2 \u00e0 3 cm due \u00e0 la mesure manuelle, merci.<br \/>2. En raison des diff\u00e9rences d'affichage et de lumi\u00e8re, la photo peut ne pas refl\u00e9ter la couleur r\u00e9elle de l'article. Merci de votre compr\u00e9hension.<\/p>","protected":false},"excerpt":{"rendered":"<p>Description1.Name: Big Capacity Gym Bags Sport Men2.Type: handbag,Crossbody bag,shoulder bag3.Size: Length60*Width24*Height31cm4.Material: Oxford cloth5.Applicable Occasions: Gym,Yoga,Beach,Travel,Business,Outdoor sportList:1*Fitness Gym BagNotes:1. Please allow [&hellip;]<\/p>","protected":false},"featured_media":3028,"template":"","meta":{"site-sidebar-layout":"default","site-content-layout":"","ast-site-content-layout":"","site-content-style":"default","site-sidebar-style":"default","ast-global-header-display":"","ast-banner-title-visibility":"","ast-main-header-display":"","ast-hfb-above-header-display":"","ast-hfb-below-header-display":"","ast-hfb-mobile-header-display":"","site-post-title":"","ast-breadcrumbs-content":"","ast-featured-img":"","footer-sml-layout":"","theme-transparent-header-meta":"","adv-header-id-meta":"","stick-header-meta":"","header-above-stick-meta":"","header-main-stick-meta":"","header-below-stick-meta":"","astra-migrate-meta-layouts":"default","ast-page-background-enabled":"default","ast-page-background-meta":{"desktop":{"background-color":"var(--ast-global-color-4)","background-image":"","background-repeat":"repeat","background-position":"center center","background-size":"auto","background-attachment":"scroll","background-type":"","background-media":"","overlay-type":"","overlay-color":"","overlay-gradient":""},"tablet":{"background-color":"","background-image":"","background-repeat":"repeat","background-position":"center center","background-size":"auto","background-attachment":"scroll","background-type":"","background-media":"","overlay-type":"","overlay-color":"","overlay-gradient":""},"mobile":{"background-color":"","background-image":"","background-repeat":"repeat","background-position":"center center","background-size":"auto","background-attachment":"scroll","background-type":"","background-media":"","overlay-type":"","overlay-color":"","overlay-gradient":""}},"ast-content-background-meta":{"desktop":{"background-color":"var(--ast-global-color-5)","background-image":"","background-repeat":"repeat","background-position":"center center","background-size":"auto","background-attachment":"scroll","background-type":"","background-media":"","overlay-type":"","overlay-color":"","overlay-gradient":""},"tablet":{"background-color":"var(--ast-global-color-5)","background-image":"","background-repeat":"repeat","background-position":"center center","background-size":"auto","background-attachment":"scroll","background-type":"","background-media":"","overlay-type":"","overlay-color":"","overlay-gradient":""},"mobile":{"background-color":"var(--ast-global-color-5)","background-image":"","background-repeat":"repeat","background-position":"center center","background-size":"auto","background-attachment":"scroll","background-type":"","background-media":"","overlay-type":"","overlay-color":"","overlay-gradient":""}}},"product_brand":[],"product_cat":[20],"product_tag":[],"class_list":{"0":"post-2945","1":"product","2":"type-product","3":"status-publish","4":"has-post-thumbnail","6":"product_cat-gym-bags","7":"pa_color-black","8":"pa_color-red","9":"desktop-align-center","10":"tablet-align-left","11":"mobile-align-left","13":"first","14":"instock","15":"shipping-taxable","16":"purchasable","17":"product-type-variable"},"_links":{"self":[{"href":"https:\/\/baosikai.com\/fr\/wp-json\/wp\/v2\/product\/2945","targetHints":{"allow":["GET"]}}],"collection":[{"href":"https:\/\/baosikai.com\/fr\/wp-json\/wp\/v2\/product"}],"about":[{"href":"https:\/\/baosikai.com\/fr\/wp-json\/wp\/v2\/types\/product"}],"wp:featuredmedia":[{"embeddable":true,"href":"https:\/\/baosikai.com\/fr\/wp-json\/wp\/v2\/media\/3028"}],"wp:attachment":[{"href":"https:\/\/baosikai.com\/fr\/wp-json\/wp\/v2\/media?parent=2945"}],"wp:term":[{"taxonomy":"product_brand","embeddable":true,"href":"https:\/\/baosikai.com\/fr\/wp-json\/wp\/v2\/product_brand?post=2945"},{"taxonomy":"product_cat","embeddable":true,"href":"https:\/\/baosikai.com\/fr\/wp-json\/wp\/v2\/product_cat?post=2945"},{"taxonomy":"product_tag","embeddable":true,"href":"https:\/\/baosikai.com\/fr\/wp-json\/wp\/v2\/product_tag?post=2945"}],"curies":[{"name":"wp","href":"https:\/\/api.w.org\/{rel}","templated":true}]}}