{"id":2947,"date":"2024-04-17T02:31:57","date_gmt":"2024-04-17T02:31:57","guid":{"rendered":"http:\/\/baosikai.com\/?post_type=product&#038;p=2947"},"modified":"2024-06-26T09:37:27","modified_gmt":"2024-06-26T09:37:27","slug":"golf-travel-bag-with-wheels","status":"publish","type":"product","link":"https:\/\/baosikai.com\/fr\/produit\/golf-travel-bag-with-wheels\/","title":{"rendered":"Sac de voyage \u00e0 roulettes pour le golf"},"content":{"rendered":"<p>Points de rep\u00e8re :<br \/>\n1. protection durable : Fabriqu\u00e9e en polyester 600D tr\u00e8s r\u00e9sistant, cette housse de voyage pour le golf peut prot\u00e9ger vos clubs de golf des dommages et de l'usure pendant le transport. Elle est \u00e9galement r\u00e9sistante \u00e0 l'eau et \u00e0 la poussi\u00e8re.<br \/>\n2. roulettes souples : Profitez d'un voyage confortable et pratique gr\u00e2ce \u00e0 cette valise de voyage pour le golf, dot\u00e9e d'un support en caoutchouc robuste et de roulettes qui glissent en douceur sur n'importe quelle surface.<br \/>\n3. organisez vos accessoires de golf : Cet \u00e9tui de voyage pour le golf comporte plusieurs compartiments pour ranger vos chaussures de golf, vos serviettes, vos cartes et autres accessoires. Il dispose \u00e9galement d'une pochette pour vos cartes d'identit\u00e9 ou de membre.<br \/>\n4. transport facile : Cette valise de voyage pour le golf est pratique \u00e0 transporter gr\u00e2ce \u00e0 ses roues, sa poign\u00e9e de transport et sa bandouli\u00e8re r\u00e9glable. Vous pouvez facilement la rouler ou la soulever jusqu'\u00e0 votre destination.<br \/>\n5) Applications multiples : Cette mallette de golf est un accessoire de voyage indispensable pour les golfeurs, car elle peut \u00eatre facilement transport\u00e9e aux arr\u00eats de bus, dans les navettes et sur les lignes a\u00e9riennes.<br \/>\nProt\u00e9gez vos clubs de golf avec cet \u00e9tui de voyage r\u00e9sistant \u00e0 l'usure. Elle comporte plusieurs compartiments pour ranger vos accessoires et une bandouli\u00e8re r\u00e9glable pour rendre votre voyage plus confortable. Elle se transporte facilement dans les a\u00e9roports et les h\u00f4tels.<\/p>\n<p>Nom : Sac gonflable pour remorqueur de golf Utilisations : sac gonflable de golf, housse de protection pour sac de golf.<br \/>\nMati\u00e8re : Tissu 600D<br \/>\nSp\u00e9cifications : Dimensions : Longueur 130\u00b15CM* Largeur 36\u00b15CM* Epaisseur 25\u00b15CM<br \/>\nPoids : 1,35 kg<\/p>\n<p>Des conseils bienveillants :<br \/>\n1. En raison de la temp\u00e9rature de couleur de l'\u00e9cran, de l'appareil photo, de la lumi\u00e8re ambiante et des comp\u00e9tences en mati\u00e8re de photographie, etc., il peut y avoir une l\u00e9g\u00e8re diff\u00e9rence de couleur dans les photos de certains produits, et la couleur est sujette au produit r\u00e9el !<br \/>\n2. En raison des diff\u00e9rentes mesures manuelles, une l\u00e9g\u00e8re diff\u00e9rence de taille est \u00e0 pr\u00e9voir.<\/p>\n<p>Liste d'emballage : 1*Sac de voyage pour le golf<\/p>","protected":false},"excerpt":{"rendered":"<p>Bullet Points: 1.Durable Protection: Made of heavy-duty fabric 600D polyester, this golf travel case can protect your golf clubs from [&hellip;]<\/p>","protected":false},"featured_media":3067,"template":"","meta":{"site-sidebar-layout":"default","site-content-layout":"","ast-site-content-layout":"","site-content-style":"default","site-sidebar-style":"default","ast-global-header-display":"","ast-banner-title-visibility":"","ast-main-header-display":"","ast-hfb-above-header-display":"","ast-hfb-below-header-display":"","ast-hfb-mobile-header-display":"","site-post-title":"","ast-breadcrumbs-content":"","ast-featured-img":"","footer-sml-layout":"","theme-transparent-header-meta":"","adv-header-id-meta":"","stick-header-meta":"","header-above-stick-meta":"","header-main-stick-meta":"","header-below-stick-meta":"","astra-migrate-meta-layouts":"default","ast-page-background-enabled":"default","ast-page-background-meta":{"desktop":{"background-color":"var(--ast-global-color-4)","background-image":"","background-repeat":"repeat","background-position":"center center","background-size":"auto","background-attachment":"scroll","background-type":"","background-media":"","overlay-type":"","overlay-color":"","overlay-gradient":""},"tablet":{"background-color":"","background-image":"","background-repeat":"repeat","background-position":"center center","background-size":"auto","background-attachment":"scroll","background-type":"","background-media":"","overlay-type":"","overlay-color":"","overlay-gradient":""},"mobile":{"background-color":"","background-image":"","background-repeat":"repeat","background-position":"center center","background-size":"auto","background-attachment":"scroll","background-type":"","background-media":"","overlay-type":"","overlay-color":"","overlay-gradient":""}},"ast-content-background-meta":{"desktop":{"background-color":"var(--ast-global-color-5)","background-image":"","background-repeat":"repeat","background-position":"center center","background-size":"auto","background-attachment":"scroll","background-type":"","background-media":"","overlay-type":"","overlay-color":"","overlay-gradient":""},"tablet":{"background-color":"var(--ast-global-color-5)","background-image":"","background-repeat":"repeat","background-position":"center center","background-size":"auto","background-attachment":"scroll","background-type":"","background-media":"","overlay-type":"","overlay-color":"","overlay-gradient":""},"mobile":{"background-color":"var(--ast-global-color-5)","background-image":"","background-repeat":"repeat","background-position":"center center","background-size":"auto","background-attachment":"scroll","background-type":"","background-media":"","overlay-type":"","overlay-color":"","overlay-gradient":""}}},"product_brand":[],"product_cat":[20],"product_tag":[],"class_list":{"0":"post-2947","1":"product","2":"type-product","3":"status-publish","4":"has-post-thumbnail","6":"product_cat-gym-bags","7":"pa_color-black","8":"pa_ships-from-china","9":"pa_ships-from-czech-republic","10":"pa_ships-from-france","11":"pa_ships-from-spain","12":"pa_ships-from-united-states","13":"desktop-align-center","14":"tablet-align-left","15":"mobile-align-left","17":"first","18":"instock","19":"shipping-taxable","20":"purchasable","21":"product-type-variable"},"_links":{"self":[{"href":"https:\/\/baosikai.com\/fr\/wp-json\/wp\/v2\/product\/2947","targetHints":{"allow":["GET"]}}],"collection":[{"href":"https:\/\/baosikai.com\/fr\/wp-json\/wp\/v2\/product"}],"about":[{"href":"https:\/\/baosikai.com\/fr\/wp-json\/wp\/v2\/types\/product"}],"wp:featuredmedia":[{"embeddable":true,"href":"https:\/\/baosikai.com\/fr\/wp-json\/wp\/v2\/media\/3067"}],"wp:attachment":[{"href":"https:\/\/baosikai.com\/fr\/wp-json\/wp\/v2\/media?parent=2947"}],"wp:term":[{"taxonomy":"product_brand","embeddable":true,"href":"https:\/\/baosikai.com\/fr\/wp-json\/wp\/v2\/product_brand?post=2947"},{"taxonomy":"product_cat","embeddable":true,"href":"https:\/\/baosikai.com\/fr\/wp-json\/wp\/v2\/product_cat?post=2947"},{"taxonomy":"product_tag","embeddable":true,"href":"https:\/\/baosikai.com\/fr\/wp-json\/wp\/v2\/product_tag?post=2947"}],"curies":[{"name":"wp","href":"https:\/\/api.w.org\/{rel}","templated":true}]}}