{"id":2949,"date":"2024-04-17T02:31:58","date_gmt":"2024-04-17T02:31:58","guid":{"rendered":"http:\/\/baosikai.com\/?post_type=product&#038;p=2949"},"modified":"2024-06-26T09:36:50","modified_gmt":"2024-06-26T09:36:50","slug":"golf-cart-bag-for-putter-bag","status":"publish","type":"product","link":"https:\/\/baosikai.com\/fr\/produit\/golf-cart-bag-for-putter-bag\/","title":{"rendered":"Sac pour chariot de golf pour sac de putter"},"content":{"rendered":"<p>CouleurNoir<br \/>Materialeva<br \/>Dimensions du produit10\u2033L x 10\u2033W x 36\u2033H<br \/>Nombre de diviseurs14<br \/>Poids de l'article8.59 Pounds<br \/>Nombre de poches14<br \/>A propos de cet article<br \/>\u301014 Way Top with Lift Assist Handle\u3011Superior to many bags with [14 dividers and only 5 wells], Yovital 14 Individual full length well for every club, keep things well-organized from scratch against each other. La poign\u00e9e int\u00e9gr\u00e9e \u00e0 la manchette sup\u00e9rieure permet un acc\u00e8s facile et la maniabilit\u00e9.<br \/>\u3010Poche \u00e0 boissons enti\u00e8rement isol\u00e9e\/Poche \u00e0 objets de valeur doubl\u00e9e de cuir\/Capuchon anti-pluie\u3011Gr\u00e2ce \u00e0 la conception douce, vous pouvez m\u00eame prendre une gorg\u00e9e de boissons froides sur le parcours de golf. La poche pour objets de valeur permet de prot\u00e9ger le t\u00e9l\u00e9phone, le portefeuille et les cl\u00e9s. Capuchon anti-pluie\/housse anti-poussi\u00e8re- pour une mobilit\u00e9 facile et un rangement ordonn\u00e9.<br \/>\u30109 poches frontales grand espace\u3011Incluant 2 poches pleine longueur, assez d'espace pour tout ce qui est n\u00e9cessaire dans un tour de golf, balles, serviette, gants, t\u00e9l\u00e9m\u00e8tre, eau, chaussures et plus encore. Acc\u00e8s facile \u00e0 tout le contenu. Design agr\u00e9able pour les joueurs professionnels ou amateurs.<br \/>\u3010Extraordinaire durabilit\u00e9\u3011Le mat\u00e9riau haute densit\u00e9 est r\u00e9sistant aux \u00e9claboussures, ind\u00e9chirable et durable. Il a un aspect \u00e9l\u00e9gant, une longue dur\u00e9e de vie et de bonnes performances. Dans l'ensemble, il serait une mise \u00e0 jour id\u00e9ale pour votre ancien sac ou les d\u00e9butants qui ne savent pas comment choisir un sac de golf.<br \/>\u3010Stay Stable in All Conditions\u3011La grande base et le syst\u00e8me de support \u00e0 4 b\u00e2tons en fibre le rendent stable dans le rough ou sur le green. Appr\u00e9ciez le golf avec Yovital, votre compagnon de golf !<\/p>","protected":false},"excerpt":{"rendered":"<p>ColorBlackMaterialevaProduct Dimensions10&#8243;L x 10&#8243;W x 36&#8243;HNumber of Dividers14Item Weight8.59 PoundsNumber Of Pockets14About this item\u301014 Way Top with Lift Assist Handle\u3011Superior [&hellip;]<\/p>","protected":false},"featured_media":3107,"template":"","meta":{"site-sidebar-layout":"default","site-content-layout":"","ast-site-content-layout":"","site-content-style":"default","site-sidebar-style":"default","ast-global-header-display":"","ast-banner-title-visibility":"","ast-main-header-display":"","ast-hfb-above-header-display":"","ast-hfb-below-header-display":"","ast-hfb-mobile-header-display":"","site-post-title":"","ast-breadcrumbs-content":"","ast-featured-img":"","footer-sml-layout":"","theme-transparent-header-meta":"","adv-header-id-meta":"","stick-header-meta":"","header-above-stick-meta":"","header-main-stick-meta":"","header-below-stick-meta":"","astra-migrate-meta-layouts":"default","ast-page-background-enabled":"default","ast-page-background-meta":{"desktop":{"background-color":"var(--ast-global-color-4)","background-image":"","background-repeat":"repeat","background-position":"center center","background-size":"auto","background-attachment":"scroll","background-type":"","background-media":"","overlay-type":"","overlay-color":"","overlay-gradient":""},"tablet":{"background-color":"","background-image":"","background-repeat":"repeat","background-position":"center center","background-size":"auto","background-attachment":"scroll","background-type":"","background-media":"","overlay-type":"","overlay-color":"","overlay-gradient":""},"mobile":{"background-color":"","background-image":"","background-repeat":"repeat","background-position":"center center","background-size":"auto","background-attachment":"scroll","background-type":"","background-media":"","overlay-type":"","overlay-color":"","overlay-gradient":""}},"ast-content-background-meta":{"desktop":{"background-color":"var(--ast-global-color-5)","background-image":"","background-repeat":"repeat","background-position":"center center","background-size":"auto","background-attachment":"scroll","background-type":"","background-media":"","overlay-type":"","overlay-color":"","overlay-gradient":""},"tablet":{"background-color":"var(--ast-global-color-5)","background-image":"","background-repeat":"repeat","background-position":"center center","background-size":"auto","background-attachment":"scroll","background-type":"","background-media":"","overlay-type":"","overlay-color":"","overlay-gradient":""},"mobile":{"background-color":"var(--ast-global-color-5)","background-image":"","background-repeat":"repeat","background-position":"center center","background-size":"auto","background-attachment":"scroll","background-type":"","background-media":"","overlay-type":"","overlay-color":"","overlay-gradient":""}}},"product_brand":[],"product_cat":[20],"product_tag":[],"class_list":{"0":"post-2949","1":"product","2":"type-product","3":"status-publish","4":"has-post-thumbnail","6":"product_cat-gym-bags","7":"desktop-align-center","8":"tablet-align-left","9":"mobile-align-left","11":"first","12":"instock","13":"shipping-taxable","14":"purchasable","15":"product-type-simple"},"_links":{"self":[{"href":"https:\/\/baosikai.com\/fr\/wp-json\/wp\/v2\/product\/2949","targetHints":{"allow":["GET"]}}],"collection":[{"href":"https:\/\/baosikai.com\/fr\/wp-json\/wp\/v2\/product"}],"about":[{"href":"https:\/\/baosikai.com\/fr\/wp-json\/wp\/v2\/types\/product"}],"wp:featuredmedia":[{"embeddable":true,"href":"https:\/\/baosikai.com\/fr\/wp-json\/wp\/v2\/media\/3107"}],"wp:attachment":[{"href":"https:\/\/baosikai.com\/fr\/wp-json\/wp\/v2\/media?parent=2949"}],"wp:term":[{"taxonomy":"product_brand","embeddable":true,"href":"https:\/\/baosikai.com\/fr\/wp-json\/wp\/v2\/product_brand?post=2949"},{"taxonomy":"product_cat","embeddable":true,"href":"https:\/\/baosikai.com\/fr\/wp-json\/wp\/v2\/product_cat?post=2949"},{"taxonomy":"product_tag","embeddable":true,"href":"https:\/\/baosikai.com\/fr\/wp-json\/wp\/v2\/product_tag?post=2949"}],"curies":[{"name":"wp","href":"https:\/\/api.w.org\/{rel}","templated":true}]}}