{"id":2950,"date":"2024-04-17T02:31:59","date_gmt":"2024-04-17T02:31:59","guid":{"rendered":"http:\/\/baosikai.com\/?post_type=product&#038;p=2950"},"modified":"2024-06-26T09:35:19","modified_gmt":"2024-06-26T09:35:19","slug":"lightweight-golf-bag","status":"publish","type":"product","link":"https:\/\/baosikai.com\/fr\/produit\/lightweight-golf-bag\/","title":{"rendered":"Sac de golf l\u00e9ger"},"content":{"rendered":"<p>Dimensions du produit4.7\u2033L x 4.5\u2033W x 31.5\u2033H<br \/>Nombre de diviseurs5<br \/>Poids de l'article2.2 Pounds<br \/>Nombre de poches5<br \/>A propos de cet article<br \/>Mati\u00e8re polyester de qualit\u00e9 sup\u00e9rieure : Le sac en polyester de qualit\u00e9 sup\u00e9rieure 900d est tr\u00e8s r\u00e9sistant \u00e0 l'usure et aux d\u00e9chirures. Il vous garantit une dur\u00e9e de vie solide gr\u00e2ce \u00e0 sa construction robuste et une exp\u00e9rience satisfaisante \u00e0 long terme.<br \/>Conception l\u00e9g\u00e8re : Le sac de golf ne p\u00e8se que 3,4 livres et ses 3 divisions vous offrent \u00e9tonnamment assez d'espace pour ranger vos clubs de golf. C'est le sac id\u00e9al pour une partie du dimanche en soir\u00e9e ou sur un parcours ex\u00e9cutif.<br \/>Grande capacit\u00e9 de stockage : Le sac dispose de 5 poches suppl\u00e9mentaires pour ranger en toute s\u00e9curit\u00e9 les accessoires de golf tels que les balles de golf, les marqueurs de mottes de gazon, les tees de golf, les gobelets d'eau, etc.<br \/>Support en alliage d'aluminium avanc\u00e9 : Le support est fabriqu\u00e9 en alliage d'aluminium robuste, il a une grande capacit\u00e9 de charge et peut bien tenir les clubs.<\/p>","protected":false},"excerpt":{"rendered":"<p>Product Dimensions4.7&#8243;L x 4.5&#8243;W x 31.5&#8243;HNumber of Dividers5Item Weight2.2 PoundsNumber Of Pockets5About this itemPremium Polyester Material : The bag made [&hellip;]<\/p>","protected":false},"featured_media":3119,"template":"","meta":{"site-sidebar-layout":"default","site-content-layout":"","ast-site-content-layout":"","site-content-style":"default","site-sidebar-style":"default","ast-global-header-display":"","ast-banner-title-visibility":"","ast-main-header-display":"","ast-hfb-above-header-display":"","ast-hfb-below-header-display":"","ast-hfb-mobile-header-display":"","site-post-title":"","ast-breadcrumbs-content":"","ast-featured-img":"","footer-sml-layout":"","theme-transparent-header-meta":"","adv-header-id-meta":"","stick-header-meta":"","header-above-stick-meta":"","header-main-stick-meta":"","header-below-stick-meta":"","astra-migrate-meta-layouts":"default","ast-page-background-enabled":"default","ast-page-background-meta":{"desktop":{"background-color":"var(--ast-global-color-4)","background-image":"","background-repeat":"repeat","background-position":"center center","background-size":"auto","background-attachment":"scroll","background-type":"","background-media":"","overlay-type":"","overlay-color":"","overlay-gradient":""},"tablet":{"background-color":"","background-image":"","background-repeat":"repeat","background-position":"center center","background-size":"auto","background-attachment":"scroll","background-type":"","background-media":"","overlay-type":"","overlay-color":"","overlay-gradient":""},"mobile":{"background-color":"","background-image":"","background-repeat":"repeat","background-position":"center center","background-size":"auto","background-attachment":"scroll","background-type":"","background-media":"","overlay-type":"","overlay-color":"","overlay-gradient":""}},"ast-content-background-meta":{"desktop":{"background-color":"var(--ast-global-color-5)","background-image":"","background-repeat":"repeat","background-position":"center center","background-size":"auto","background-attachment":"scroll","background-type":"","background-media":"","overlay-type":"","overlay-color":"","overlay-gradient":""},"tablet":{"background-color":"var(--ast-global-color-5)","background-image":"","background-repeat":"repeat","background-position":"center center","background-size":"auto","background-attachment":"scroll","background-type":"","background-media":"","overlay-type":"","overlay-color":"","overlay-gradient":""},"mobile":{"background-color":"var(--ast-global-color-5)","background-image":"","background-repeat":"repeat","background-position":"center center","background-size":"auto","background-attachment":"scroll","background-type":"","background-media":"","overlay-type":"","overlay-color":"","overlay-gradient":""}}},"product_brand":[],"product_cat":[20],"product_tag":[],"class_list":{"0":"post-2950","1":"product","2":"type-product","3":"status-publish","4":"has-post-thumbnail","6":"product_cat-gym-bags","7":"desktop-align-center","8":"tablet-align-left","9":"mobile-align-left","11":"first","12":"instock","13":"shipping-taxable","14":"purchasable","15":"product-type-simple"},"_links":{"self":[{"href":"https:\/\/baosikai.com\/fr\/wp-json\/wp\/v2\/product\/2950","targetHints":{"allow":["GET"]}}],"collection":[{"href":"https:\/\/baosikai.com\/fr\/wp-json\/wp\/v2\/product"}],"about":[{"href":"https:\/\/baosikai.com\/fr\/wp-json\/wp\/v2\/types\/product"}],"wp:featuredmedia":[{"embeddable":true,"href":"https:\/\/baosikai.com\/fr\/wp-json\/wp\/v2\/media\/3119"}],"wp:attachment":[{"href":"https:\/\/baosikai.com\/fr\/wp-json\/wp\/v2\/media?parent=2950"}],"wp:term":[{"taxonomy":"product_brand","embeddable":true,"href":"https:\/\/baosikai.com\/fr\/wp-json\/wp\/v2\/product_brand?post=2950"},{"taxonomy":"product_cat","embeddable":true,"href":"https:\/\/baosikai.com\/fr\/wp-json\/wp\/v2\/product_cat?post=2950"},{"taxonomy":"product_tag","embeddable":true,"href":"https:\/\/baosikai.com\/fr\/wp-json\/wp\/v2\/product_tag?post=2950"}],"curies":[{"name":"wp","href":"https:\/\/api.w.org\/{rel}","templated":true}]}}