{"id":2951,"date":"2024-04-17T02:32:00","date_gmt":"2024-04-17T02:32:00","guid":{"rendered":"http:\/\/baosikai.com\/?post_type=product&#038;p=2951"},"modified":"2024-06-26T09:34:53","modified_gmt":"2024-06-26T09:34:53","slug":"sports-bag-waterproof-portable-yoga-handbag","status":"publish","type":"product","link":"https:\/\/baosikai.com\/fr\/produit\/sports-bag-waterproof-portable-yoga-handbag\/","title":{"rendered":"Sac de sport imperm\u00e9able Sac de yoga portable"},"content":{"rendered":"<p>L'attention des clients am\u00e9ricains :<br \/>\nLorsque vous s\u00e9lectionnez \"Ship From United States\", les adresses suivantes ne seront pas livr\u00e9es : Hawa\u00ef, Alaska, Porto Rico, Guam, APO, DPO, FPO, etc. Nous vous recommandons de choisir l'option \"Exp\u00e9dition depuis la Chine\".<br \/>\nClients de l'Espagne \u00e0 l'assistance :<br \/>\nLorsque vous s\u00e9lectionnez \"Enviar desde Espa\u00c3\u00b1a\", le service d'envoi n'est pas disponible pour les envois postaux suivants :<br \/>\n35000-35999<br \/>\n38000-38999<br \/>\nIl est recommand\u00e9 d'utiliser l'option \"Enviar desde China\". \u00c2\u00a1Gracias ! ! !<br \/>Attention aux acheteurs espagnols :<br \/>\nsi votre adresse comprend le code postal suivant, ne choisissez pas l'entrep\u00f4t espagnol.<br \/>\nLe code postal commence par 51 \/52\/ 07 \/35 \/38.<br \/>\nLes entrep\u00f4ts d'outre-mer ne peuvent pas \u00eatre livr\u00e9s.<br \/>\nDans le cas contraire, nous enverrons la commande \u00e0 partir de l'entrep\u00f4t chinois.<br \/>(Noir\/Bleu\/Orange\/Rose Rouge)-Sac d'exercice de yoga<br \/>\nSp\u00e9cification :<br \/>\nType de sport : Fitness<br \/>\nOrigine : Chine continentale Chine continentale<br \/>\nMati\u00e8re : nylon<br \/>\nNom du d\u00e9partement : Unisexe<br \/>\nCouleur (en option) : Noir, Bleu, Orange, Rouge ros\u00e9<br \/>\nTaille : 77cm\/30.31in * 27cm\/10.63in * 11cm\/4.33in<\/p>\n<p>\tRemarque :<br \/>\nEn raison de la diversit\u00e9 des \u00e9crans et de l'effet de la lumi\u00e8re, la couleur r\u00e9elle de l'article peut \u00eatre l\u00e9g\u00e8rement diff\u00e9rente de celle qui appara\u00eet sur les photos. Nous vous remercions de votre attention.<br \/>\nVeuillez tenir compte d'un \u00e9cart de 1 \u00e0 2 cm d\u00fb aux mesures manuelles.<\/p>\n<p>Produit inclus<br \/>\nNoir\uff1a1 x Sac d'exercice de yoga<br \/>\nBleu\uff1a1 x Sac d'exercice de yoga<br \/>\nOrange\uff1a1 x Sac d'exercice de yoga<br \/>\nRose Red\uff1a1 x Sac d'exercice de yoga<\/p>","protected":false},"excerpt":{"rendered":"<p>The United States customers attention: When you select &#8220;Ship From United States&#8221;, the following addresses will not provide delivery service: [&hellip;]<\/p>","protected":false},"featured_media":3131,"template":"","meta":{"site-sidebar-layout":"default","site-content-layout":"","ast-site-content-layout":"","site-content-style":"default","site-sidebar-style":"default","ast-global-header-display":"","ast-banner-title-visibility":"","ast-main-header-display":"","ast-hfb-above-header-display":"","ast-hfb-below-header-display":"","ast-hfb-mobile-header-display":"","site-post-title":"","ast-breadcrumbs-content":"","ast-featured-img":"","footer-sml-layout":"","theme-transparent-header-meta":"","adv-header-id-meta":"","stick-header-meta":"","header-above-stick-meta":"","header-main-stick-meta":"","header-below-stick-meta":"","astra-migrate-meta-layouts":"default","ast-page-background-enabled":"default","ast-page-background-meta":{"desktop":{"background-color":"var(--ast-global-color-4)","background-image":"","background-repeat":"repeat","background-position":"center center","background-size":"auto","background-attachment":"scroll","background-type":"","background-media":"","overlay-type":"","overlay-color":"","overlay-gradient":""},"tablet":{"background-color":"","background-image":"","background-repeat":"repeat","background-position":"center center","background-size":"auto","background-attachment":"scroll","background-type":"","background-media":"","overlay-type":"","overlay-color":"","overlay-gradient":""},"mobile":{"background-color":"","background-image":"","background-repeat":"repeat","background-position":"center center","background-size":"auto","background-attachment":"scroll","background-type":"","background-media":"","overlay-type":"","overlay-color":"","overlay-gradient":""}},"ast-content-background-meta":{"desktop":{"background-color":"var(--ast-global-color-5)","background-image":"","background-repeat":"repeat","background-position":"center center","background-size":"auto","background-attachment":"scroll","background-type":"","background-media":"","overlay-type":"","overlay-color":"","overlay-gradient":""},"tablet":{"background-color":"var(--ast-global-color-5)","background-image":"","background-repeat":"repeat","background-position":"center center","background-size":"auto","background-attachment":"scroll","background-type":"","background-media":"","overlay-type":"","overlay-color":"","overlay-gradient":""},"mobile":{"background-color":"var(--ast-global-color-5)","background-image":"","background-repeat":"repeat","background-position":"center center","background-size":"auto","background-attachment":"scroll","background-type":"","background-media":"","overlay-type":"","overlay-color":"","overlay-gradient":""}}},"product_brand":[],"product_cat":[20],"product_tag":[],"class_list":{"0":"post-2951","1":"product","2":"type-product","3":"status-publish","4":"has-post-thumbnail","6":"product_cat-gym-bags","7":"pa_color-black","8":"pa_color-blue","9":"pa_color-orange","10":"pa_color-rose-red","11":"pa_ships-from-china","12":"desktop-align-center","13":"tablet-align-left","14":"mobile-align-left","16":"first","17":"instock","18":"shipping-taxable","19":"purchasable","20":"product-type-variable"},"_links":{"self":[{"href":"https:\/\/baosikai.com\/fr\/wp-json\/wp\/v2\/product\/2951","targetHints":{"allow":["GET"]}}],"collection":[{"href":"https:\/\/baosikai.com\/fr\/wp-json\/wp\/v2\/product"}],"about":[{"href":"https:\/\/baosikai.com\/fr\/wp-json\/wp\/v2\/types\/product"}],"wp:featuredmedia":[{"embeddable":true,"href":"https:\/\/baosikai.com\/fr\/wp-json\/wp\/v2\/media\/3131"}],"wp:attachment":[{"href":"https:\/\/baosikai.com\/fr\/wp-json\/wp\/v2\/media?parent=2951"}],"wp:term":[{"taxonomy":"product_brand","embeddable":true,"href":"https:\/\/baosikai.com\/fr\/wp-json\/wp\/v2\/product_brand?post=2951"},{"taxonomy":"product_cat","embeddable":true,"href":"https:\/\/baosikai.com\/fr\/wp-json\/wp\/v2\/product_cat?post=2951"},{"taxonomy":"product_tag","embeddable":true,"href":"https:\/\/baosikai.com\/fr\/wp-json\/wp\/v2\/product_tag?post=2951"}],"curies":[{"name":"wp","href":"https:\/\/api.w.org\/{rel}","templated":true}]}}