{"id":2952,"date":"2024-04-17T02:32:01","date_gmt":"2024-04-17T02:32:01","guid":{"rendered":"http:\/\/baosikai.com\/?post_type=product&#038;p=2952"},"modified":"2024-06-26T09:33:57","modified_gmt":"2024-06-26T09:33:57","slug":"oxford-portable-gym-bags-large-capacity-fitness-training-bag","status":"publish","type":"product","link":"https:\/\/baosikai.com\/fr\/produit\/oxford-portable-gym-bags-large-capacity-fitness-training-bag\/","title":{"rendered":"Oxford Portable Gym Bags Large Capacity Fitness Training Bag"},"content":{"rendered":"<p>(rouge\/violet\/bleu\/bleu fonc\u00e9\/noir) - Sac de sport<br \/>\nOxford Fitness Bag Large Capacity Fitness Training Bag Multifunctional Adjustable Shoulder Strap with Zipper for Travel Swimming<br \/>\nCaract\u00e9ristiques :<br \/>\n1. Tissu Oxford : Fabriqu\u00e9 en tissu de haute qualit\u00e9, il est tr\u00e8s durable et r\u00e9sistant \u00e0 l'eau.<br \/>\n2. Rangement pratique : Conception multi-poches, \u00e0 la mode et esth\u00e9tique, rangement raisonnable.<br \/>\n3. Grande capacit\u00e9 : Le sac principal a une grande capacit\u00e9, et la poche lat\u00e9rale en filet peut contenir des lunettes, etc. La poche zipp\u00e9e lat\u00e9rale peut contenir des cartes bancaires, etc.<br \/>\n4. Fermeture \u00e0 glissi\u00e8re : Poches avant et arri\u00e8re \u00e0 fermeture \u00e0 glissi\u00e8re, conception multi-sacs, commode et pratique, fermetures \u00e0 glissi\u00e8re s\u00e9lectionn\u00e9es, souples et non coinc\u00e9es.<br \/>\n5. R\u00e9glable : La bandouli\u00e8re est r\u00e9glable et la longueur peut \u00eatre ajust\u00e9e selon les besoins :<br \/>\nType de sport : Fitness<br \/>\nOrigine : Chine continentale Chine continentale<br \/>\nNom du d\u00e9partement : MEN<br \/>\nMat\u00e9riau du produit : Tissu Oxford<br \/>\nCouleurs du produit : rouge, violet, bleu, bleu fonc\u00e9, noir (en option)<br \/>\nTaille du produit : 43 * 25 * 19cm\/16.93*9.84*7.48inch<\/p>\n<p>\tRemarque :<br \/>\nEn raison de la diversit\u00e9 des \u00e9crans et de l'effet de la lumi\u00e8re, la couleur r\u00e9elle de l'article peut \u00eatre l\u00e9g\u00e8rement diff\u00e9rente de celle qui appara\u00eet sur les photos. Nous vous remercions de votre attention.<br \/>\nVeuillez tenir compte d'un \u00e9cart de 1 \u00e0 2 cm d\u00fb aux mesures manuelles.<\/p>\n<p> <br \/>\nEmballages : <br \/>Produit inclus<br \/>\nRouge\uff1a1 x sac de sport<br \/>\nViolet\uff1a1 x sac de sport<br \/>\nCouleur bleue\uff1a1 x sac de sport<br \/>\nBleu fonc\u00e9\uff1a1 x sac de sport<br \/>\ncouleur noire\uff1a1 x sac de sport<br \/>\n<br \/>1) Tous les articles sont soigneusement v\u00e9rifi\u00e9s avant d'\u00eatre exp\u00e9di\u00e9s. 2) Veuillez indiquer votre nom complet et votre adresse exacte, nous ne sommes pas responsables de vos erreurs. 3) Tous nos colis sont accompagn\u00e9s d'un num\u00e9ro de suivi. Les informations de suivi sont disponibles dans un d\u00e9lai de 1 \u00e0 4 jours apr\u00e8s l'exp\u00e9dition. <br \/>1) Nous emballons et exp\u00e9dions le colis le plus rapidement possible. Il peut y avoir un l\u00e9ger retard pendant les vacances. 2) Nous exp\u00e9dions le colis par la poste chinoise ou une autre poste nationale. Le d\u00e9lai d'exp\u00e9dition est g\u00e9n\u00e9ralement de 15 \u00e0 60 jours ouvrables, en fonction de votre pays. Si vous ne recevez pas votre article dans les 60 jours, n'h\u00e9sitez pas \u00e0 me contacter pour obtenir de l'aide. 3. les photos suivantes sont celles de notre entrep\u00f4t<br \/>1) Si vous n'\u00eates pas satisfait des articles, n'h\u00e9sitez pas \u00e0 me contacter pour trouver une solution au lieu de laisser un commentaire neutre ou n\u00e9gatif. 2) Votre satisfaction et vos commentaires positifs sont tr\u00e8s importants pour nous.   Veuillez laisser des commentaires positifs et 5 \u00e9toiles si vous \u00eates satisfaits de nos articles et de nos services.<\/p>","protected":false},"excerpt":{"rendered":"<p>(Red\/Purple\/Blue color\/Dark Blue\/black color)&#8211;Fitness Bag Oxford Fitness Bag Large Capacity Fitness Training Bag Multifunctional Adjustable Shoulder Strap with Zipper for [&hellip;]<\/p>","protected":false},"featured_media":3164,"template":"","meta":{"site-sidebar-layout":"default","site-content-layout":"","ast-site-content-layout":"","site-content-style":"default","site-sidebar-style":"default","ast-global-header-display":"","ast-banner-title-visibility":"","ast-main-header-display":"","ast-hfb-above-header-display":"","ast-hfb-below-header-display":"","ast-hfb-mobile-header-display":"","site-post-title":"","ast-breadcrumbs-content":"","ast-featured-img":"","footer-sml-layout":"","theme-transparent-header-meta":"","adv-header-id-meta":"","stick-header-meta":"","header-above-stick-meta":"","header-main-stick-meta":"","header-below-stick-meta":"","astra-migrate-meta-layouts":"default","ast-page-background-enabled":"default","ast-page-background-meta":{"desktop":{"background-color":"var(--ast-global-color-4)","background-image":"","background-repeat":"repeat","background-position":"center center","background-size":"auto","background-attachment":"scroll","background-type":"","background-media":"","overlay-type":"","overlay-color":"","overlay-gradient":""},"tablet":{"background-color":"","background-image":"","background-repeat":"repeat","background-position":"center center","background-size":"auto","background-attachment":"scroll","background-type":"","background-media":"","overlay-type":"","overlay-color":"","overlay-gradient":""},"mobile":{"background-color":"","background-image":"","background-repeat":"repeat","background-position":"center center","background-size":"auto","background-attachment":"scroll","background-type":"","background-media":"","overlay-type":"","overlay-color":"","overlay-gradient":""}},"ast-content-background-meta":{"desktop":{"background-color":"var(--ast-global-color-5)","background-image":"","background-repeat":"repeat","background-position":"center center","background-size":"auto","background-attachment":"scroll","background-type":"","background-media":"","overlay-type":"","overlay-color":"","overlay-gradient":""},"tablet":{"background-color":"var(--ast-global-color-5)","background-image":"","background-repeat":"repeat","background-position":"center center","background-size":"auto","background-attachment":"scroll","background-type":"","background-media":"","overlay-type":"","overlay-color":"","overlay-gradient":""},"mobile":{"background-color":"var(--ast-global-color-5)","background-image":"","background-repeat":"repeat","background-position":"center center","background-size":"auto","background-attachment":"scroll","background-type":"","background-media":"","overlay-type":"","overlay-color":"","overlay-gradient":""}}},"product_brand":[],"product_cat":[20],"product_tag":[],"class_list":{"0":"post-2952","1":"product","2":"type-product","3":"status-publish","4":"has-post-thumbnail","6":"product_cat-gym-bags","7":"pa_color-black-color","8":"pa_color-blue-color","9":"pa_color-dark-blue","10":"pa_color-purple","11":"pa_color-red","12":"pa_ships-from-china","13":"desktop-align-center","14":"tablet-align-left","15":"mobile-align-left","17":"first","18":"instock","19":"shipping-taxable","20":"purchasable","21":"product-type-simple"},"_links":{"self":[{"href":"https:\/\/baosikai.com\/fr\/wp-json\/wp\/v2\/product\/2952","targetHints":{"allow":["GET"]}}],"collection":[{"href":"https:\/\/baosikai.com\/fr\/wp-json\/wp\/v2\/product"}],"about":[{"href":"https:\/\/baosikai.com\/fr\/wp-json\/wp\/v2\/types\/product"}],"wp:featuredmedia":[{"embeddable":true,"href":"https:\/\/baosikai.com\/fr\/wp-json\/wp\/v2\/media\/3164"}],"wp:attachment":[{"href":"https:\/\/baosikai.com\/fr\/wp-json\/wp\/v2\/media?parent=2952"}],"wp:term":[{"taxonomy":"product_brand","embeddable":true,"href":"https:\/\/baosikai.com\/fr\/wp-json\/wp\/v2\/product_brand?post=2952"},{"taxonomy":"product_cat","embeddable":true,"href":"https:\/\/baosikai.com\/fr\/wp-json\/wp\/v2\/product_cat?post=2952"},{"taxonomy":"product_tag","embeddable":true,"href":"https:\/\/baosikai.com\/fr\/wp-json\/wp\/v2\/product_tag?post=2952"}],"curies":[{"name":"wp","href":"https:\/\/api.w.org\/{rel}","templated":true}]}}