{"id":2974,"date":"2024-04-17T02:32:08","date_gmt":"2024-04-17T02:32:08","guid":{"rendered":"http:\/\/baosikai.com\/?post_type=product&#038;p=2974"},"modified":"2024-06-26T09:31:13","modified_gmt":"2024-06-26T09:31:13","slug":"mens-portable-travel-bag-large-capacity-sports-shoulder-handbag","status":"publish","type":"product","link":"https:\/\/baosikai.com\/fr\/produit\/mens-portable-travel-bag-large-capacity-sports-shoulder-handbag\/","title":{"rendered":"Sac de voyage portable pour hommes Sac \u00e0 bandouli\u00e8re de grande capacit\u00e9 pour le sport"},"content":{"rendered":"","protected":false},"excerpt":{"rendered":"","protected":false},"featured_media":3298,"template":"","meta":{"site-sidebar-layout":"default","site-content-layout":"","ast-site-content-layout":"","site-content-style":"default","site-sidebar-style":"default","ast-global-header-display":"","ast-banner-title-visibility":"","ast-main-header-display":"","ast-hfb-above-header-display":"","ast-hfb-below-header-display":"","ast-hfb-mobile-header-display":"","site-post-title":"","ast-breadcrumbs-content":"","ast-featured-img":"","footer-sml-layout":"","theme-transparent-header-meta":"","adv-header-id-meta":"","stick-header-meta":"","header-above-stick-meta":"","header-main-stick-meta":"","header-below-stick-meta":"","astra-migrate-meta-layouts":"default","ast-page-background-enabled":"default","ast-page-background-meta":{"desktop":{"background-color":"var(--ast-global-color-4)","background-image":"","background-repeat":"repeat","background-position":"center center","background-size":"auto","background-attachment":"scroll","background-type":"","background-media":"","overlay-type":"","overlay-color":"","overlay-gradient":""},"tablet":{"background-color":"","background-image":"","background-repeat":"repeat","background-position":"center center","background-size":"auto","background-attachment":"scroll","background-type":"","background-media":"","overlay-type":"","overlay-color":"","overlay-gradient":""},"mobile":{"background-color":"","background-image":"","background-repeat":"repeat","background-position":"center center","background-size":"auto","background-attachment":"scroll","background-type":"","background-media":"","overlay-type":"","overlay-color":"","overlay-gradient":""}},"ast-content-background-meta":{"desktop":{"background-color":"var(--ast-global-color-5)","background-image":"","background-repeat":"repeat","background-position":"center center","background-size":"auto","background-attachment":"scroll","background-type":"","background-media":"","overlay-type":"","overlay-color":"","overlay-gradient":""},"tablet":{"background-color":"var(--ast-global-color-5)","background-image":"","background-repeat":"repeat","background-position":"center center","background-size":"auto","background-attachment":"scroll","background-type":"","background-media":"","overlay-type":"","overlay-color":"","overlay-gradient":""},"mobile":{"background-color":"var(--ast-global-color-5)","background-image":"","background-repeat":"repeat","background-position":"center center","background-size":"auto","background-attachment":"scroll","background-type":"","background-media":"","overlay-type":"","overlay-color":"","overlay-gradient":""}}},"product_brand":[],"product_cat":[20],"product_tag":[],"class_list":{"0":"post-2974","1":"product","2":"type-product","3":"status-publish","4":"has-post-thumbnail","6":"product_cat-gym-bags","7":"pa_color-black","8":"pa_color-black-promotion","9":"pa_color-blue","10":"pa_color-burgundy","11":"pa_color-dark-blue","12":"pa_color-gray-promotion","13":"pa_color-gray1","14":"pa_color-gray2","15":"pa_color-green","16":"pa_color-orange","17":"pa_color-pink","18":"pa_color-pink-promotion","19":"pa_color-purple","20":"pa_color-purple-promotion","21":"pa_color-red","22":"pa_color-rose-red","23":"pa_color-rose-red-promotion","24":"pa_color-sky-blue","25":"pa_color-skyblue-promotion","26":"pa_color-taro-purple","27":"pa_color-yellow","28":"desktop-align-center","29":"tablet-align-left","30":"mobile-align-left","32":"first","33":"instock","34":"shipping-taxable","35":"purchasable","36":"product-type-variable"},"_links":{"self":[{"href":"https:\/\/baosikai.com\/fr\/wp-json\/wp\/v2\/product\/2974","targetHints":{"allow":["GET"]}}],"collection":[{"href":"https:\/\/baosikai.com\/fr\/wp-json\/wp\/v2\/product"}],"about":[{"href":"https:\/\/baosikai.com\/fr\/wp-json\/wp\/v2\/types\/product"}],"wp:featuredmedia":[{"embeddable":true,"href":"https:\/\/baosikai.com\/fr\/wp-json\/wp\/v2\/media\/3298"}],"wp:attachment":[{"href":"https:\/\/baosikai.com\/fr\/wp-json\/wp\/v2\/media?parent=2974"}],"wp:term":[{"taxonomy":"product_brand","embeddable":true,"href":"https:\/\/baosikai.com\/fr\/wp-json\/wp\/v2\/product_brand?post=2974"},{"taxonomy":"product_cat","embeddable":true,"href":"https:\/\/baosikai.com\/fr\/wp-json\/wp\/v2\/product_cat?post=2974"},{"taxonomy":"product_tag","embeddable":true,"href":"https:\/\/baosikai.com\/fr\/wp-json\/wp\/v2\/product_tag?post=2974"}],"curies":[{"name":"wp","href":"https:\/\/api.w.org\/{rel}","templated":true}]}}