{"id":3429,"date":"2024-04-17T02:34:10","date_gmt":"2024-04-17T02:34:10","guid":{"rendered":"http:\/\/baosikai.com\/?post_type=product&#038;p=3429"},"modified":"2024-06-26T09:27:29","modified_gmt":"2024-06-26T09:27:29","slug":"mens-sports-gym-bag-womens-yoga-training-bag","status":"publish","type":"product","link":"https:\/\/baosikai.com\/fr\/produit\/mens-sports-gym-bag-womens-yoga-training-bag\/","title":{"rendered":"Sac de sport pour hommes Sac de sport pour femmes Sac d'entra\u00eenement de yoga"},"content":{"rendered":"<p>Processus de personnalisation - Le lien pour photographier directement le sac est le prix du sac. Si vous avez besoin d'imprimer le LOGO, il y aura des frais de d\u00e9marrage pour la machine. Le processus d'impression est $5. Veuillez consulter le service client\u00e8le pour obtenir un aper\u00e7u du rendu.<br \/>Informations sur l'article<br \/>Num\u00e9ro d'article : 1884<br \/>Mat\u00e9riau : tissu Oxford r\u00e9sistant aux \u00e9claboussures<br \/>Doublure : polyester<br \/>Taille : 44* 27*16cm ( petit )<br \/>49*30* 23cm ( grand )(Conversion : 1mm = 0.0393 pouces)<br \/>Couleur : noir\/rouge<br \/>Poids : 800g<br \/>Note:En raison des diff\u00e9rents param\u00e8tres du moniteur de l'ordinateur ou de la mesure manuelle, veuillez permettre une l\u00e9g\u00e8re diff\u00e9rence de couleur et de taille. Merci\uff01<br \/>Veuillez noter :<br \/>Comment personnaliser l'image sur le sac ?<br \/>\u00c9tape 1\uff1aVous pouvez nous envoyer l'image du logo par le biais d'un message Aliexpress ou l'envoyer \u00e0 notre adresse \u00e9lectronique.<br \/>\u00c9tape 2\uff1anous vous montrerons un aper\u00e7u du sac avec votre logo d\u00e8s que nous aurons re\u00e7u votre image.<br \/>\u00c9tape 3\uff1a si vous \u00eates satisfait de l'aper\u00e7u \uff0cvous pouvez passer commande<br \/>Si vous avez des questions, n'h\u00e9sitez pas \u00e0 nous contacter, nous vous r\u00e9pondrons dans les 24 heures.<\/p>","protected":false},"excerpt":{"rendered":"<p>Customization process&#8212;The link to directly photograph the bag is the price of the bag. If you need to print the [&hellip;]<\/p>","protected":false},"featured_media":3496,"template":"","meta":{"site-sidebar-layout":"default","site-content-layout":"","ast-site-content-layout":"","site-content-style":"default","site-sidebar-style":"default","ast-global-header-display":"","ast-banner-title-visibility":"","ast-main-header-display":"","ast-hfb-above-header-display":"","ast-hfb-below-header-display":"","ast-hfb-mobile-header-display":"","site-post-title":"","ast-breadcrumbs-content":"","ast-featured-img":"","footer-sml-layout":"","theme-transparent-header-meta":"","adv-header-id-meta":"","stick-header-meta":"","header-above-stick-meta":"","header-main-stick-meta":"","header-below-stick-meta":"","astra-migrate-meta-layouts":"default","ast-page-background-enabled":"default","ast-page-background-meta":{"desktop":{"background-color":"var(--ast-global-color-4)","background-image":"","background-repeat":"repeat","background-position":"center center","background-size":"auto","background-attachment":"scroll","background-type":"","background-media":"","overlay-type":"","overlay-color":"","overlay-gradient":""},"tablet":{"background-color":"","background-image":"","background-repeat":"repeat","background-position":"center center","background-size":"auto","background-attachment":"scroll","background-type":"","background-media":"","overlay-type":"","overlay-color":"","overlay-gradient":""},"mobile":{"background-color":"","background-image":"","background-repeat":"repeat","background-position":"center center","background-size":"auto","background-attachment":"scroll","background-type":"","background-media":"","overlay-type":"","overlay-color":"","overlay-gradient":""}},"ast-content-background-meta":{"desktop":{"background-color":"var(--ast-global-color-5)","background-image":"","background-repeat":"repeat","background-position":"center center","background-size":"auto","background-attachment":"scroll","background-type":"","background-media":"","overlay-type":"","overlay-color":"","overlay-gradient":""},"tablet":{"background-color":"var(--ast-global-color-5)","background-image":"","background-repeat":"repeat","background-position":"center center","background-size":"auto","background-attachment":"scroll","background-type":"","background-media":"","overlay-type":"","overlay-color":"","overlay-gradient":""},"mobile":{"background-color":"var(--ast-global-color-5)","background-image":"","background-repeat":"repeat","background-position":"center center","background-size":"auto","background-attachment":"scroll","background-type":"","background-media":"","overlay-type":"","overlay-color":"","overlay-gradient":""}}},"product_brand":[],"product_cat":[21],"product_tag":[],"class_list":{"0":"post-3429","1":"product","2":"type-product","3":"status-publish","4":"has-post-thumbnail","6":"product_cat-travel-bags","7":"pa_color-black-44x27x16cm","8":"pa_color-black-49x30x23cm","9":"pa_color-red-44x27x16cm","10":"pa_color-red-49x30x23cm","11":"pa_ships-from-china","12":"desktop-align-center","13":"tablet-align-left","14":"mobile-align-left","16":"first","17":"instock","18":"shipping-taxable","19":"purchasable","20":"product-type-variable"},"_links":{"self":[{"href":"https:\/\/baosikai.com\/fr\/wp-json\/wp\/v2\/product\/3429","targetHints":{"allow":["GET"]}}],"collection":[{"href":"https:\/\/baosikai.com\/fr\/wp-json\/wp\/v2\/product"}],"about":[{"href":"https:\/\/baosikai.com\/fr\/wp-json\/wp\/v2\/types\/product"}],"wp:featuredmedia":[{"embeddable":true,"href":"https:\/\/baosikai.com\/fr\/wp-json\/wp\/v2\/media\/3496"}],"wp:attachment":[{"href":"https:\/\/baosikai.com\/fr\/wp-json\/wp\/v2\/media?parent=3429"}],"wp:term":[{"taxonomy":"product_brand","embeddable":true,"href":"https:\/\/baosikai.com\/fr\/wp-json\/wp\/v2\/product_brand?post=3429"},{"taxonomy":"product_cat","embeddable":true,"href":"https:\/\/baosikai.com\/fr\/wp-json\/wp\/v2\/product_cat?post=3429"},{"taxonomy":"product_tag","embeddable":true,"href":"https:\/\/baosikai.com\/fr\/wp-json\/wp\/v2\/product_tag?post=3429"}],"curies":[{"name":"wp","href":"https:\/\/api.w.org\/{rel}","templated":true}]}}