{"id":3624,"date":"2024-04-17T02:56:32","date_gmt":"2024-04-17T02:56:32","guid":{"rendered":"http:\/\/baosikai.com\/?post_type=product&#038;p=3624"},"modified":"2024-06-26T09:24:20","modified_gmt":"2024-06-26T09:24:20","slug":"waterproof-storage-bag-outdoor-travel-dry-bag","status":"publish","type":"product","link":"https:\/\/baosikai.com\/fr\/produit\/waterproof-storage-bag-outdoor-travel-dry-bag\/","title":{"rendered":"Sac de stockage imperm\u00e9able \u00e0 l'eau Sac sec de voyage pour l'ext\u00e9rieur"},"content":{"rendered":"<p>Caract\u00e9ristiques :<br \/>\nNeuf et de haute qualit\u00e9.<br \/>\nUltra l\u00e9ger et super r\u00e9sistant \u00e0 l'eau.<br \/>\nFacile \u00e0 laver et durable.<\/p>\n<p>Sp\u00e9cifications :<br \/>\nCouleur : Vert Arm\u00e9e<br \/>\nMat\u00e9riau : Nylon<br \/>\nCapacit\u00e9 : 8L, 40L, 70L<br \/>\nTaille : Comme sur l'image<\/p>\n<p>Le paquet comprend :<br \/>\n1 x Sac de rangement<\/p>","protected":false},"excerpt":{"rendered":"<p>Features: Brand new and high quality. Ultra lightweight and super water resistance. Easy to wash and durable to use. Specifications: [&hellip;]<\/p>","protected":false},"featured_media":3625,"template":"","meta":{"site-sidebar-layout":"default","site-content-layout":"","ast-site-content-layout":"","site-content-style":"default","site-sidebar-style":"default","ast-global-header-display":"","ast-banner-title-visibility":"","ast-main-header-display":"","ast-hfb-above-header-display":"","ast-hfb-below-header-display":"","ast-hfb-mobile-header-display":"","site-post-title":"","ast-breadcrumbs-content":"","ast-featured-img":"","footer-sml-layout":"","theme-transparent-header-meta":"","adv-header-id-meta":"","stick-header-meta":"","header-above-stick-meta":"","header-main-stick-meta":"","header-below-stick-meta":"","astra-migrate-meta-layouts":"default","ast-page-background-enabled":"default","ast-page-background-meta":{"desktop":{"background-color":"var(--ast-global-color-4)","background-image":"","background-repeat":"repeat","background-position":"center center","background-size":"auto","background-attachment":"scroll","background-type":"","background-media":"","overlay-type":"","overlay-color":"","overlay-gradient":""},"tablet":{"background-color":"","background-image":"","background-repeat":"repeat","background-position":"center center","background-size":"auto","background-attachment":"scroll","background-type":"","background-media":"","overlay-type":"","overlay-color":"","overlay-gradient":""},"mobile":{"background-color":"","background-image":"","background-repeat":"repeat","background-position":"center center","background-size":"auto","background-attachment":"scroll","background-type":"","background-media":"","overlay-type":"","overlay-color":"","overlay-gradient":""}},"ast-content-background-meta":{"desktop":{"background-color":"var(--ast-global-color-5)","background-image":"","background-repeat":"repeat","background-position":"center center","background-size":"auto","background-attachment":"scroll","background-type":"","background-media":"","overlay-type":"","overlay-color":"","overlay-gradient":""},"tablet":{"background-color":"var(--ast-global-color-5)","background-image":"","background-repeat":"repeat","background-position":"center center","background-size":"auto","background-attachment":"scroll","background-type":"","background-media":"","overlay-type":"","overlay-color":"","overlay-gradient":""},"mobile":{"background-color":"var(--ast-global-color-5)","background-image":"","background-repeat":"repeat","background-position":"center center","background-size":"auto","background-attachment":"scroll","background-type":"","background-media":"","overlay-type":"","overlay-color":"","overlay-gradient":""}}},"product_brand":[],"product_cat":[20],"product_tag":[],"class_list":{"0":"post-3624","1":"product","2":"type-product","3":"status-publish","4":"has-post-thumbnail","6":"product_cat-gym-bags","7":"pa_color-40l","8":"pa_color-70l","9":"pa_color-8l","10":"pa_color-8l-40l-70l","11":"pa_color-b-10l","12":"pa_color-b-15l","13":"pa_color-b-20l","14":"pa_color-b-30l","15":"pa_ships-from-china","16":"pa_ships-from-russian-federation","17":"desktop-align-center","18":"tablet-align-left","19":"mobile-align-left","21":"first","22":"instock","23":"shipping-taxable","24":"purchasable","25":"product-type-variable"},"_links":{"self":[{"href":"https:\/\/baosikai.com\/fr\/wp-json\/wp\/v2\/product\/3624","targetHints":{"allow":["GET"]}}],"collection":[{"href":"https:\/\/baosikai.com\/fr\/wp-json\/wp\/v2\/product"}],"about":[{"href":"https:\/\/baosikai.com\/fr\/wp-json\/wp\/v2\/types\/product"}],"wp:featuredmedia":[{"embeddable":true,"href":"https:\/\/baosikai.com\/fr\/wp-json\/wp\/v2\/media\/3625"}],"wp:attachment":[{"href":"https:\/\/baosikai.com\/fr\/wp-json\/wp\/v2\/media?parent=3624"}],"wp:term":[{"taxonomy":"product_brand","embeddable":true,"href":"https:\/\/baosikai.com\/fr\/wp-json\/wp\/v2\/product_brand?post=3624"},{"taxonomy":"product_cat","embeddable":true,"href":"https:\/\/baosikai.com\/fr\/wp-json\/wp\/v2\/product_cat?post=3624"},{"taxonomy":"product_tag","embeddable":true,"href":"https:\/\/baosikai.com\/fr\/wp-json\/wp\/v2\/product_tag?post=3624"}],"curies":[{"name":"wp","href":"https:\/\/api.w.org\/{rel}","templated":true}]}}