{"id":3653,"date":"2024-04-17T02:56:46","date_gmt":"2024-04-17T02:56:46","guid":{"rendered":"http:\/\/baosikai.com\/?post_type=product&#038;p=3653"},"modified":"2024-06-26T09:21:24","modified_gmt":"2024-06-26T09:21:24","slug":"outdoor-waterproof-bag-camping-rafting-swimming-bag","status":"publish","type":"product","link":"https:\/\/baosikai.com\/fr\/produit\/outdoor-waterproof-bag-camping-rafting-swimming-bag\/","title":{"rendered":"Sac \u00e9tanche pour l'ext\u00e9rieur Sac de natation pour le camping et le rafting"},"content":{"rendered":"<p>Sacs \u00e9tanches pour l'ext\u00e9rieur Sacs \u00e9tanches pour la natation Sacs \u00e9tanches pour le kayak Rafting Boating River Trekking Fishing Rafting Water Floating Gear Bags<br \/>\nFonctionnalit\u00e9 :<br \/>\n1. Utilisation d'accessoires pour prises de courant, de bonne qualit\u00e9 et s\u00fbrs<br \/>\n2. Joint sans couture, forte imperm\u00e9abilit\u00e9 \u00e0 l'eau<br \/>\n3. La boucle du sac imperm\u00e9able est ferme et durable, et ne risque pas d'\u00eatre endommag\u00e9e ;<br \/>\n4. Technologie professionnelle d'\u00e9tanch\u00e9it\u00e9 + nouvelle technologie de couture \u00e0 haute fr\u00e9quence, pas de fuite d'eau ni d'air, pour une utilisation s\u00fbre et fiable.<br \/>\n5. Lorsque vous portez des objets lourds \u00e0 la main ou \u00e0 l'\u00e9paule, vous pouvez d'abord utiliser la sangle pour soulager la pression musculaire et transporter facilement vos affaires.<br \/>\n6. Les \u00e9tapes :<br \/>\n\u00c9tape 1 : Saisir l'ouverture du sac droit avec les deux mains et le plier 3 \u00e0 4 fois le long de l'ouverture du sac.<br \/>\n\u00c9tape 2 : Apr\u00e8s le pliage, attachez les boucles aux deux extr\u00e9mit\u00e9s de la bouche du sac pour former une poign\u00e9e. Si vous avez besoin de le transporter, vous pouvez facilement et commod\u00e9ment attacher la sangle.<\/p>\n<p>Sp\u00e9cification :<br \/>\nCouleur : jaune ; vert ; bleu ; orange ; rouge rose ;<br \/>\nStyle : translucide<br \/>\nCapacit\u00e9 : 2L sans bretelles ; 5L ; 10L ; 15L ;<br \/>\nPoids unique : 62g ; 194g ; 214g ; 227g ;<br \/>\nTaille d'utilisation (diam\u00e8tre*hauteur) : 110*220mm\/4.3*8.6in ; 190*340mm\/7.4*13in ; 190*420mm\/7*16in ; 220*470mm\/8.6*18.5in ;<br \/>\nTaille des carreaux (hauteur*largeur) : 285*175mm\/11.2*6.8in ; 420*300mm\/16*11.8in ; 530*300mm\/20*11.8in ; 560*320mm\/22*12.6in ;<br \/>\nTaille de l'emballage (longueur*largeur) : 17*8*1cm\/6.7*3.15*0.4in; 30*11.5*1cm\/11.8*4.3*0.4in; 30*12*1cm\/11.8*4.7*0.4in; 32*12*1.5cm\/12.6\/4.7*0.6in<br \/>\n\u00c2ge d'application : adultes, enfants, personnes \u00e2g\u00e9es<br \/>\nSexe applicable : unisexe hommes et femmes<br \/>\nSc\u00e9narios d'application : loisirs, plong\u00e9e, alpinisme, plage, p\u00eache, plein air, camping, photographie, cyclisme.<\/p>\n<p>Remarque :<br \/>\nSi vous souhaitez que le seau \u00e9tanche se dilate un peu, vous pouvez d'abord ouvrir le sac et le secouer plusieurs fois, puis le plier. Si le sac est trop gonfl\u00e9 et ne peut pas \u00eatre scell\u00e9, vous pouvez \u00e9vacuer un peu d'air et le sceller \u00e0 nouveau.<br \/>\nEn raison de la diversit\u00e9 des \u00e9crans et de l'effet de la lumi\u00e8re, la couleur r\u00e9elle de l'article peut \u00eatre l\u00e9g\u00e8rement diff\u00e9rente de celle qui appara\u00eet sur les photos. Nous vous remercions de votre attention.<br \/>\nVeuillez tenir compte d'un \u00e9cart de 1 \u00e0 2 cm d\u00fb aux mesures manuelles.<br \/>\n <br \/>1 X Sac de s\u00e9chage pour l'ext\u00e9rieur <\/p>","protected":false},"excerpt":{"rendered":"<p>Outdoor Waterproof Bags Swimming Dry Sack for Kayaking Rafting Boating River Trekking Fishing Rafting Water Floating Gear Bags Feature: 1. [&hellip;]<\/p>","protected":false},"featured_media":3763,"template":"","meta":{"site-sidebar-layout":"default","site-content-layout":"","ast-site-content-layout":"","site-content-style":"default","site-sidebar-style":"default","ast-global-header-display":"","ast-banner-title-visibility":"","ast-main-header-display":"","ast-hfb-above-header-display":"","ast-hfb-below-header-display":"","ast-hfb-mobile-header-display":"","site-post-title":"","ast-breadcrumbs-content":"","ast-featured-img":"","footer-sml-layout":"","theme-transparent-header-meta":"","adv-header-id-meta":"","stick-header-meta":"","header-above-stick-meta":"","header-main-stick-meta":"","header-below-stick-meta":"","astra-migrate-meta-layouts":"default","ast-page-background-enabled":"default","ast-page-background-meta":{"desktop":{"background-color":"var(--ast-global-color-4)","background-image":"","background-repeat":"repeat","background-position":"center center","background-size":"auto","background-attachment":"scroll","background-type":"","background-media":"","overlay-type":"","overlay-color":"","overlay-gradient":""},"tablet":{"background-color":"","background-image":"","background-repeat":"repeat","background-position":"center center","background-size":"auto","background-attachment":"scroll","background-type":"","background-media":"","overlay-type":"","overlay-color":"","overlay-gradient":""},"mobile":{"background-color":"","background-image":"","background-repeat":"repeat","background-position":"center center","background-size":"auto","background-attachment":"scroll","background-type":"","background-media":"","overlay-type":"","overlay-color":"","overlay-gradient":""}},"ast-content-background-meta":{"desktop":{"background-color":"var(--ast-global-color-5)","background-image":"","background-repeat":"repeat","background-position":"center center","background-size":"auto","background-attachment":"scroll","background-type":"","background-media":"","overlay-type":"","overlay-color":"","overlay-gradient":""},"tablet":{"background-color":"var(--ast-global-color-5)","background-image":"","background-repeat":"repeat","background-position":"center center","background-size":"auto","background-attachment":"scroll","background-type":"","background-media":"","overlay-type":"","overlay-color":"","overlay-gradient":""},"mobile":{"background-color":"var(--ast-global-color-5)","background-image":"","background-repeat":"repeat","background-position":"center center","background-size":"auto","background-attachment":"scroll","background-type":"","background-media":"","overlay-type":"","overlay-color":"","overlay-gradient":""}}},"product_brand":[],"product_cat":[20],"product_tag":[],"class_list":{"0":"post-3653","1":"product","2":"type-product","3":"status-publish","4":"has-post-thumbnail","6":"product_cat-gym-bags","7":"pa_color-blue","8":"pa_color-green","9":"pa_color-orange","10":"pa_color-purple","11":"pa_color-yellow","12":"pa_ships-from-china","13":"pa_size-2l","14":"pa_size-5l","15":"pa_size-l","16":"pa_size-xl","17":"desktop-align-center","18":"tablet-align-left","19":"mobile-align-left","21":"first","22":"instock","23":"shipping-taxable","24":"purchasable","25":"product-type-variable"},"_links":{"self":[{"href":"https:\/\/baosikai.com\/fr\/wp-json\/wp\/v2\/product\/3653","targetHints":{"allow":["GET"]}}],"collection":[{"href":"https:\/\/baosikai.com\/fr\/wp-json\/wp\/v2\/product"}],"about":[{"href":"https:\/\/baosikai.com\/fr\/wp-json\/wp\/v2\/types\/product"}],"wp:featuredmedia":[{"embeddable":true,"href":"https:\/\/baosikai.com\/fr\/wp-json\/wp\/v2\/media\/3763"}],"wp:attachment":[{"href":"https:\/\/baosikai.com\/fr\/wp-json\/wp\/v2\/media?parent=3653"}],"wp:term":[{"taxonomy":"product_brand","embeddable":true,"href":"https:\/\/baosikai.com\/fr\/wp-json\/wp\/v2\/product_brand?post=3653"},{"taxonomy":"product_cat","embeddable":true,"href":"https:\/\/baosikai.com\/fr\/wp-json\/wp\/v2\/product_cat?post=3653"},{"taxonomy":"product_tag","embeddable":true,"href":"https:\/\/baosikai.com\/fr\/wp-json\/wp\/v2\/product_tag?post=3653"}],"curies":[{"name":"wp","href":"https:\/\/api.w.org\/{rel}","templated":true}]}}