{"id":3870,"date":"2024-04-18T02:25:39","date_gmt":"2024-04-18T02:25:39","guid":{"rendered":"http:\/\/baosikai.com\/?post_type=product&#038;p=3870"},"modified":"2024-06-26T09:20:39","modified_gmt":"2024-06-26T09:20:39","slug":"ultra-slim-laptop-carrying-case","status":"publish","type":"product","link":"https:\/\/baosikai.com\/fr\/produit\/ultra-slim-laptop-carrying-case\/","title":{"rendered":"Sacoche ultra-mince pour ordinateur portable"},"content":{"rendered":"<p>Tissu polyester de haute qualit\u00e9 \u00e0 l'ext\u00e9rieur et velours doux \u00e0 l'int\u00e9rieur. <br \/>Les mat\u00e9riaux multiples offrent une protection multicouche contre la poussi\u00e8re, l'eau, les rayures et les chocs. <br \/>Le design ultra-mince et l\u00e9ger le rend tr\u00e8s pratique pour l'utilisation quotidienne et les d\u00e9placements. <br \/>La fermeture \u00e9clair \u00e0 chargement par le haut de la sacoche glisse en douceur, permettant un acc\u00e8s facile et pratique \u00e0 votre ordinateur portable. <br \/>Fabriqu\u00e9 dans un mat\u00e9riau durable et imperm\u00e9able. Ne vous inqui\u00e9tez pas de renverser une boisson ou de marcher sous la pluie lorsque votre ordinateur portable est dans ce sac.<br \/>Sp\u00e9cifications :<br \/>Mati\u00e8re : Tissu polyester, velours<br \/>Caract\u00e9ristiques : Imperm\u00e9able, anti-poussi\u00e8re, r\u00e9sistant \u00e0 l'usure<br \/>Applicable aux hommes et aux femmes : Hommes et femmes <br \/>Duret\u00e9 : Douceur <br \/>Ouvert : Fermeture \u00e0 glissi\u00e8re<br \/>Taille : 13,3 pouces, 14 pouces, 15,6 pouces<br \/>Couleur : noir, gris, bleu marine, rose, violet<br \/>Compatible : Ordinateur portable, tablette PC, c\u00e2ble de donn\u00e9es USB, souris, cl\u00e9 USB, etc.<br \/>Les dimensions ext\u00e9rieures et int\u00e9rieures du sac sont les suivantes :<br \/>13,3 pouces (convient aux ordinateurs portables de 13 \u00e0 13,3 pouces) : 36*26*3cm<br \/>14 pouces (convient aux ordinateurs portables de 14 \u00e0 14,1 pouces) : 39*28*3cm<br \/>15,6 pouces (convient aux ordinateurs portables de 15 \u00e0 15,6 pouces) : 41*30*3cm<br \/>Le paquet comprend : <br \/>1 * Sacoche pour ordinateur portable<\/p>","protected":false},"excerpt":{"rendered":"<p>High-quality polyester fabric outside and soft velvet inside. Multiple material provides multiple-layer protection from dust, water, scratching or shocks. Ultra [&hellip;]<\/p>","protected":false},"featured_media":3874,"template":"","meta":{"site-sidebar-layout":"default","site-content-layout":"","ast-site-content-layout":"","site-content-style":"default","site-sidebar-style":"default","ast-global-header-display":"","ast-banner-title-visibility":"","ast-main-header-display":"","ast-hfb-above-header-display":"","ast-hfb-below-header-display":"","ast-hfb-mobile-header-display":"","site-post-title":"","ast-breadcrumbs-content":"","ast-featured-img":"","footer-sml-layout":"","theme-transparent-header-meta":"","adv-header-id-meta":"","stick-header-meta":"","header-above-stick-meta":"","header-main-stick-meta":"","header-below-stick-meta":"","astra-migrate-meta-layouts":"default","ast-page-background-enabled":"default","ast-page-background-meta":{"desktop":{"background-color":"var(--ast-global-color-4)","background-image":"","background-repeat":"repeat","background-position":"center center","background-size":"auto","background-attachment":"scroll","background-type":"","background-media":"","overlay-type":"","overlay-color":"","overlay-gradient":""},"tablet":{"background-color":"","background-image":"","background-repeat":"repeat","background-position":"center center","background-size":"auto","background-attachment":"scroll","background-type":"","background-media":"","overlay-type":"","overlay-color":"","overlay-gradient":""},"mobile":{"background-color":"","background-image":"","background-repeat":"repeat","background-position":"center center","background-size":"auto","background-attachment":"scroll","background-type":"","background-media":"","overlay-type":"","overlay-color":"","overlay-gradient":""}},"ast-content-background-meta":{"desktop":{"background-color":"var(--ast-global-color-5)","background-image":"","background-repeat":"repeat","background-position":"center center","background-size":"auto","background-attachment":"scroll","background-type":"","background-media":"","overlay-type":"","overlay-color":"","overlay-gradient":""},"tablet":{"background-color":"var(--ast-global-color-5)","background-image":"","background-repeat":"repeat","background-position":"center center","background-size":"auto","background-attachment":"scroll","background-type":"","background-media":"","overlay-type":"","overlay-color":"","overlay-gradient":""},"mobile":{"background-color":"var(--ast-global-color-5)","background-image":"","background-repeat":"repeat","background-position":"center center","background-size":"auto","background-attachment":"scroll","background-type":"","background-media":"","overlay-type":"","overlay-color":"","overlay-gradient":""}}},"product_brand":[],"product_cat":[24],"product_tag":[],"class_list":{"0":"post-3870","1":"product","2":"type-product","3":"status-publish","4":"has-post-thumbnail","6":"product_cat-laptop-bags","7":"pa_color-black","8":"pa_color-grey","9":"pa_color-navy-blue","10":"pa_color-pink","11":"pa_color-purple","12":"pa_size-13-3-inch","13":"pa_size-14-inch","14":"pa_size-15-6-inch","15":"desktop-align-center","16":"tablet-align-left","17":"mobile-align-left","19":"first","20":"instock","21":"shipping-taxable","22":"purchasable","23":"product-type-variable"},"_links":{"self":[{"href":"https:\/\/baosikai.com\/fr\/wp-json\/wp\/v2\/product\/3870","targetHints":{"allow":["GET"]}}],"collection":[{"href":"https:\/\/baosikai.com\/fr\/wp-json\/wp\/v2\/product"}],"about":[{"href":"https:\/\/baosikai.com\/fr\/wp-json\/wp\/v2\/types\/product"}],"wp:featuredmedia":[{"embeddable":true,"href":"https:\/\/baosikai.com\/fr\/wp-json\/wp\/v2\/media\/3874"}],"wp:attachment":[{"href":"https:\/\/baosikai.com\/fr\/wp-json\/wp\/v2\/media?parent=3870"}],"wp:term":[{"taxonomy":"product_brand","embeddable":true,"href":"https:\/\/baosikai.com\/fr\/wp-json\/wp\/v2\/product_brand?post=3870"},{"taxonomy":"product_cat","embeddable":true,"href":"https:\/\/baosikai.com\/fr\/wp-json\/wp\/v2\/product_cat?post=3870"},{"taxonomy":"product_tag","embeddable":true,"href":"https:\/\/baosikai.com\/fr\/wp-json\/wp\/v2\/product_tag?post=3870"}],"curies":[{"name":"wp","href":"https:\/\/api.w.org\/{rel}","templated":true}]}}