{"id":3871,"date":"2024-04-18T02:25:45","date_gmt":"2024-04-18T02:25:45","guid":{"rendered":"http:\/\/baosikai.com\/?post_type=product&#038;p=3871"},"modified":"2024-06-26T09:20:11","modified_gmt":"2024-06-26T09:20:11","slug":"pu-leather-laptop-sleeve-for-macbook-air","status":"publish","type":"product","link":"https:\/\/baosikai.com\/fr\/produit\/pu-leather-laptop-sleeve-for-macbook-air\/","title":{"rendered":"Housse pour ordinateur portable en cuir Pu pour Macbook Air"},"content":{"rendered":"<p>Pu Leather Laptop Sleeve For Macbook Air 13 Case Pro Retina 11 15 Notebook Stand Cover Huawei Shell Laptop Bag Unisex<br \/>Description<\/p>\n<p>1. Mati\u00e8re : Cuir PU.<br \/>\n2. Mat\u00e9riau int\u00e9rieur : Pu<br \/>\n3. Taille : Pour 11 13 15<br \/>\n4. Un cadeau id\u00e9al pour votre amoureux ou vous-m\u00eame.<\/p>\n<p>Si vous avez besoin d'imprimer la lettre, veuillez l'indiquer imm\u00e9diatement lors de la commande. Apr\u00e8s la livraison, la lettre ne pourra plus \u00eatre imprim\u00e9e, veuillez comprendre !<br \/>Avant d'acheter, veuillez v\u00e9rifier soigneusement la taille du produit et mesurer clairement votre ordinateur.<br \/>Si votre ordinateur portable mesure 13 pouces, n'achetez pas une sacoche pour ordinateur portable de 11 pouces.<\/p>\n<p>La longueur et la largeur de l'ordinateur doivent \u00eatre inf\u00e9rieures d'au moins 2,5 cm \u00e0 la taille de la sacoche de l'ordinateur.<br \/>En raison de l'\u00e9clairage, la couleur peut varier.<br \/>11inch:32.4cm*21.3cm<br \/>13inch:35cm*24.5cm<br \/>15inch:38.7cm*27cm<\/p>","protected":false},"excerpt":{"rendered":"<p>Pu Leather Laptop Sleeve For Macbook Air 13 Case Pro Retina 11 15 Notebook Stand Cover Huawei Shell Laptop Bag [&hellip;]<\/p>","protected":false},"featured_media":3915,"template":"","meta":{"site-sidebar-layout":"default","site-content-layout":"","ast-site-content-layout":"","site-content-style":"default","site-sidebar-style":"default","ast-global-header-display":"","ast-banner-title-visibility":"","ast-main-header-display":"","ast-hfb-above-header-display":"","ast-hfb-below-header-display":"","ast-hfb-mobile-header-display":"","site-post-title":"","ast-breadcrumbs-content":"","ast-featured-img":"","footer-sml-layout":"","theme-transparent-header-meta":"","adv-header-id-meta":"","stick-header-meta":"","header-above-stick-meta":"","header-main-stick-meta":"","header-below-stick-meta":"","astra-migrate-meta-layouts":"default","ast-page-background-enabled":"default","ast-page-background-meta":{"desktop":{"background-color":"var(--ast-global-color-4)","background-image":"","background-repeat":"repeat","background-position":"center center","background-size":"auto","background-attachment":"scroll","background-type":"","background-media":"","overlay-type":"","overlay-color":"","overlay-gradient":""},"tablet":{"background-color":"","background-image":"","background-repeat":"repeat","background-position":"center center","background-size":"auto","background-attachment":"scroll","background-type":"","background-media":"","overlay-type":"","overlay-color":"","overlay-gradient":""},"mobile":{"background-color":"","background-image":"","background-repeat":"repeat","background-position":"center center","background-size":"auto","background-attachment":"scroll","background-type":"","background-media":"","overlay-type":"","overlay-color":"","overlay-gradient":""}},"ast-content-background-meta":{"desktop":{"background-color":"var(--ast-global-color-5)","background-image":"","background-repeat":"repeat","background-position":"center center","background-size":"auto","background-attachment":"scroll","background-type":"","background-media":"","overlay-type":"","overlay-color":"","overlay-gradient":""},"tablet":{"background-color":"var(--ast-global-color-5)","background-image":"","background-repeat":"repeat","background-position":"center center","background-size":"auto","background-attachment":"scroll","background-type":"","background-media":"","overlay-type":"","overlay-color":"","overlay-gradient":""},"mobile":{"background-color":"var(--ast-global-color-5)","background-image":"","background-repeat":"repeat","background-position":"center center","background-size":"auto","background-attachment":"scroll","background-type":"","background-media":"","overlay-type":"","overlay-color":"","overlay-gradient":""}}},"product_brand":[],"product_cat":[24],"product_tag":[],"class_list":{"0":"post-3871","1":"product","2":"type-product","3":"status-publish","4":"has-post-thumbnail","6":"product_cat-laptop-bags","7":"pa_color-black","8":"pa_color-brown","9":"pa_color-burgundy","10":"pa_color-crocodile-black","11":"pa_color-crocodile-brown","12":"pa_color-crocodile-burgundy","13":"pa_color-crocodile-green","14":"pa_color-crocodile-pink","15":"pa_color-dark-grey","16":"pa_color-green","17":"pa_color-lavender","18":"pa_color-mint-green","19":"pa_color-pink","20":"pa_color-purple","21":"pa_color-sky-blue","22":"pa_color-white","23":"pa_size-11-inch","24":"pa_size-13-inch","25":"pa_size-15-inch","26":"desktop-align-center","27":"tablet-align-left","28":"mobile-align-left","30":"first","31":"instock","32":"shipping-taxable","33":"purchasable","34":"product-type-variable"},"_links":{"self":[{"href":"https:\/\/baosikai.com\/fr\/wp-json\/wp\/v2\/product\/3871","targetHints":{"allow":["GET"]}}],"collection":[{"href":"https:\/\/baosikai.com\/fr\/wp-json\/wp\/v2\/product"}],"about":[{"href":"https:\/\/baosikai.com\/fr\/wp-json\/wp\/v2\/types\/product"}],"wp:featuredmedia":[{"embeddable":true,"href":"https:\/\/baosikai.com\/fr\/wp-json\/wp\/v2\/media\/3915"}],"wp:attachment":[{"href":"https:\/\/baosikai.com\/fr\/wp-json\/wp\/v2\/media?parent=3871"}],"wp:term":[{"taxonomy":"product_brand","embeddable":true,"href":"https:\/\/baosikai.com\/fr\/wp-json\/wp\/v2\/product_brand?post=3871"},{"taxonomy":"product_cat","embeddable":true,"href":"https:\/\/baosikai.com\/fr\/wp-json\/wp\/v2\/product_cat?post=3871"},{"taxonomy":"product_tag","embeddable":true,"href":"https:\/\/baosikai.com\/fr\/wp-json\/wp\/v2\/product_tag?post=3871"}],"curies":[{"name":"wp","href":"https:\/\/api.w.org\/{rel}","templated":true}]}}