{"id":3872,"date":"2024-04-18T02:25:46","date_gmt":"2024-04-18T02:25:46","guid":{"rendered":"http:\/\/baosikai.com\/?post_type=product&#038;p=3872"},"modified":"2024-06-26T09:19:22","modified_gmt":"2024-06-26T09:19:22","slug":"shockproof-canvas-womens-laptop-tote-bag-briefcase","status":"publish","type":"product","link":"https:\/\/baosikai.com\/fr\/produit\/shockproof-canvas-womens-laptop-tote-bag-briefcase\/","title":{"rendered":"Sacoche en toile antichoc pour ordinateur portable de femme"},"content":{"rendered":"<p>longueur de la poign\u00e9e 26mm<br \/>\nTaille du sac : 350x250x100mm<br \/>\ncompartiment pour ordinateur portable : 330x230x20mm<\/p>\n<p>Caract\u00e9ristiques :<br \/>\n1.Avec des dimensions de 330*230*20mm, la pochette professionnelle pour ordinateur portable peut s'adapter \u00e0 un ordinateur portable ou \u00e0 un ordinateur de taille diff\u00e9rente de 11 12 13 14 pouces.<\/p>\n<p>2. Airbag interne antichoc et couche d'\u00e9ponge, absorbant efficacement les chocs et r\u00e9duisant les dommages caus\u00e9s par les chocs accidentels et les rayures.<\/p>\n<p>3.offre suffisamment d'espace pour accueillir vos objets quotidiens essentiels, notamment un ordinateur portable jusqu'\u00e0 14 pouces, un clavier, un t\u00e9l\u00e9phone, une tablette, un cordon de charge, une souris, un dossier de travail, des feuilles de papier, etc.<\/p>\n<p>4.Compartiment principal avec un compartiment s\u00e9par\u00e9 et rembourr\u00e9 pour prot\u00e9ger votre ordinateur portable. Vos affaires sont ainsi organis\u00e9es et facilement accessibles.<\/p>","protected":false},"excerpt":{"rendered":"<p>handle length 26mm the whole bag size: 350x250x100mm laptop compartment: 330x230x20mm Features: 1.with dimensions of 330*230*20mm, professional laptop padding pocket, [&hellip;]<\/p>","protected":false},"featured_media":4001,"template":"","meta":{"site-sidebar-layout":"default","site-content-layout":"","ast-site-content-layout":"","site-content-style":"default","site-sidebar-style":"default","ast-global-header-display":"","ast-banner-title-visibility":"","ast-main-header-display":"","ast-hfb-above-header-display":"","ast-hfb-below-header-display":"","ast-hfb-mobile-header-display":"","site-post-title":"","ast-breadcrumbs-content":"","ast-featured-img":"","footer-sml-layout":"","theme-transparent-header-meta":"","adv-header-id-meta":"","stick-header-meta":"","header-above-stick-meta":"","header-main-stick-meta":"","header-below-stick-meta":"","astra-migrate-meta-layouts":"default","ast-page-background-enabled":"default","ast-page-background-meta":{"desktop":{"background-color":"var(--ast-global-color-4)","background-image":"","background-repeat":"repeat","background-position":"center center","background-size":"auto","background-attachment":"scroll","background-type":"","background-media":"","overlay-type":"","overlay-color":"","overlay-gradient":""},"tablet":{"background-color":"","background-image":"","background-repeat":"repeat","background-position":"center center","background-size":"auto","background-attachment":"scroll","background-type":"","background-media":"","overlay-type":"","overlay-color":"","overlay-gradient":""},"mobile":{"background-color":"","background-image":"","background-repeat":"repeat","background-position":"center center","background-size":"auto","background-attachment":"scroll","background-type":"","background-media":"","overlay-type":"","overlay-color":"","overlay-gradient":""}},"ast-content-background-meta":{"desktop":{"background-color":"var(--ast-global-color-5)","background-image":"","background-repeat":"repeat","background-position":"center center","background-size":"auto","background-attachment":"scroll","background-type":"","background-media":"","overlay-type":"","overlay-color":"","overlay-gradient":""},"tablet":{"background-color":"var(--ast-global-color-5)","background-image":"","background-repeat":"repeat","background-position":"center center","background-size":"auto","background-attachment":"scroll","background-type":"","background-media":"","overlay-type":"","overlay-color":"","overlay-gradient":""},"mobile":{"background-color":"var(--ast-global-color-5)","background-image":"","background-repeat":"repeat","background-position":"center center","background-size":"auto","background-attachment":"scroll","background-type":"","background-media":"","overlay-type":"","overlay-color":"","overlay-gradient":""}}},"product_brand":[],"product_cat":[24],"product_tag":[],"class_list":{"0":"post-3872","1":"product","2":"type-product","3":"status-publish","4":"has-post-thumbnail","6":"product_cat-laptop-bags","7":"pa_color-black","8":"pa_color-khaki","9":"pa_color-pink-purple","10":"desktop-align-center","11":"tablet-align-left","12":"mobile-align-left","14":"first","15":"instock","16":"shipping-taxable","17":"purchasable","18":"product-type-variable"},"_links":{"self":[{"href":"https:\/\/baosikai.com\/fr\/wp-json\/wp\/v2\/product\/3872","targetHints":{"allow":["GET"]}}],"collection":[{"href":"https:\/\/baosikai.com\/fr\/wp-json\/wp\/v2\/product"}],"about":[{"href":"https:\/\/baosikai.com\/fr\/wp-json\/wp\/v2\/types\/product"}],"wp:featuredmedia":[{"embeddable":true,"href":"https:\/\/baosikai.com\/fr\/wp-json\/wp\/v2\/media\/4001"}],"wp:attachment":[{"href":"https:\/\/baosikai.com\/fr\/wp-json\/wp\/v2\/media?parent=3872"}],"wp:term":[{"taxonomy":"product_brand","embeddable":true,"href":"https:\/\/baosikai.com\/fr\/wp-json\/wp\/v2\/product_brand?post=3872"},{"taxonomy":"product_cat","embeddable":true,"href":"https:\/\/baosikai.com\/fr\/wp-json\/wp\/v2\/product_cat?post=3872"},{"taxonomy":"product_tag","embeddable":true,"href":"https:\/\/baosikai.com\/fr\/wp-json\/wp\/v2\/product_tag?post=3872"}],"curies":[{"name":"wp","href":"https:\/\/api.w.org\/{rel}","templated":true}]}}