{"id":3897,"date":"2024-04-18T02:25:52","date_gmt":"2024-04-18T02:25:52","guid":{"rendered":"http:\/\/baosikai.com\/?post_type=product&#038;p=3897"},"modified":"2024-06-26T09:18:09","modified_gmt":"2024-06-26T09:18:09","slug":"macbook-laptop-bag-shockproof-waterproof-fabric-tote-bag","status":"publish","type":"product","link":"https:\/\/baosikai.com\/fr\/produit\/macbook-laptop-bag-shockproof-waterproof-fabric-tote-bag\/","title":{"rendered":"MacBook Laptop Bag Shockproof Waterproof Fabric Tote Bag"},"content":{"rendered":"<p>13 pouces (Dimension externe:340mm*240mm*45mm;Dimension interne:315mm*215mm*30mm)<br \/> Pour : MacBook 2019 2020 Air A1932,A2179,A2337;2018-2022 Pro 13 A1706,A1708,A1989,A2159,A2251,A2289,A2338;M2 Air 13.6 A2681;HuaWei MateBook 13,X,13S,X Pro 13.9 2020 2021.<br \/>13.3-14 pouces (Dimension externe:360mm*270mm*45mm;Dimension interne:335mm*245mm*30m)<br \/> Pour : MacBook Air 13 2015-2017 A1369,A1466,Pro Retina 13 A1502,A1425;Pro 14 M1 M2 A2442 A2779;MateBook X Pro 14.2 2022 2023;MateBook 14 2021 2022 2023;Surface Laptop 3\/4\/5 13.5.<br \/>15-15.4 pouces (Dimension externe:390mm*280mm*45mm;Dimension interne:365mm*250mm*30mm)<br \/> Pour : MacBook Air 15.3 M2 A2941;Pro 16 2019 A2141;Pro 16.2 M1 M2 A2485,A2780;Touch Pro 15 A1707,A1990;Surface Laptop 2\/3\/4\/5 15 inch.<br \/>15,6 pouces (dimension externe:400mm*320mm*45mm;dimension interne:385mm*305mm*30mm)<br \/>Pour : MacBook Pro 15 CD A1278;HuaWei MateBook D16,16S,16.1;Xiaomi Laptop 15.6.<\/p>\n<p>Les donn\u00e9es ci-dessus sont des mesures manuelles comportant des erreurs mineures. Mais cela n'affectera pas l'utilisation r\u00e9elle. Vous pouvez \u00e9galement choisir d'autres mod\u00e8les d'ordinateurs portables en fonction de la taille.<br \/>\n 1. Nous acceptons Alipay, West Union, TT. Toutes les principales cartes de cr\u00e9dit sont accept\u00e9es par l'interm\u00e9diaire du processeur de paiement s\u00e9curis\u00e9 ESCROW.<br \/>\n<br \/>\n 2. Le paiement doit \u00eatre effectu\u00e9 dans les 3 jours suivant la commande.<br \/>\n<br \/>\n 3. Si vous ne pouvez pas passer \u00e0 la caisse imm\u00e9diatement apr\u00e8s la cl\u00f4ture de l'ench\u00e8re, veuillez attendre quelques minutes et r\u00e9essayer. Les paiements doivent \u00eatre effectu\u00e9s dans les 3 jours.<br \/>\n<br \/>\n 1. Exp\u00e9dition dans le monde entier (sauf certains pays et APO\/FPO).<br \/>\n<br \/>\n 2. Les commandes sont trait\u00e9es dans les meilleurs d\u00e9lais apr\u00e8s v\u00e9rification du paiement.<br \/>\n<br \/>\n 3. Nous n'exp\u00e9dions qu'aux adresses de commande confirm\u00e9es. L'adresse de votre commande doit correspondre \u00e0 votre adresse de livraison.<br \/>\n<br \/>\n 4. Les images pr\u00e9sent\u00e9es ne correspondent pas \u00e0 l'article r\u00e9el et sont fournies \u00e0 titre de r\u00e9f\u00e9rence uniquement.<br \/>\n<br \/>\n 5. SERVICE LE TEMPS DE TRANSIT est fourni par le transporteur et exclut les week-ends et les jours f\u00e9ri\u00e9s. Les d\u00e9lais d'acheminement peuvent varier, en particulier pendant la p\u00e9riode des f\u00eates de fin d'ann\u00e9e.<br \/>\n<br \/>\n 6. Si vous n'avez pas re\u00e7u votre envoi dans les 30 jours suivant le paiement, veuillez nous contacter. Nous suivrons l'envoi et vous r\u00e9pondrons d\u00e8s que possible. Notre objectif est la satisfaction de nos clients !<br \/>\n<br \/>\n 7. En raison de l'\u00e9tat des stocks et des d\u00e9calages horaires, nous choisirons d'exp\u00e9dier votre article \u00e0 partir de notre premier entrep\u00f4t disponible pour une livraison rapide.<br \/>\n<br \/>\n 1. Vous disposez de 7 jours pour nous contacter et de 30 jours pour nous retourner l'article \u00e0 compter de la date de r\u00e9ception. Si cet article est en votre possession plus de 7 jours, il est consid\u00e9r\u00e9 comme usag\u00e9 et NOUS NE VOUS OFFRONS PAS DE REMBOURSEMENT OU DE REMPLACEMENT. Il n'y a AUCUNE EXCEPTION ! Les frais d'exp\u00e9dition sont support\u00e9s pour moiti\u00e9 par le vendeur et pour moiti\u00e9 par l'acheteur.<br \/>\n<br \/>\n 2. Tous les articles retourn\u00e9s DOIVENT \u00caTRE dans leur emballage d'origine et vous DEVEZ NOUS FOURNIR le num\u00e9ro de suivi de l'exp\u00e9dition, ainsi que la raison sp\u00e9cifique du retour.<br \/>\n<br \/>\n 3. Nous vous rembourserons l'int\u00e9gralit\u00e9 du montant de votre offre gagnante, d\u00e8s r\u00e9ception de l'article dans son \u00e9tat et son emballage d'origine, avec tous les composants et accessoires inclus, APR\u00c8S que l'acheteur et le vendeur aient tous deux annul\u00e9 la transaction sur aliexpress. OU, vous pouvez opter pour un remplacement.<br \/>\n<br \/>\n 4. Nous prendrons en charge tous les frais d'exp\u00e9dition si le(s) produit(s) n'est (ne sont) pas conforme(s) \u00e0 la publicit\u00e9.<br \/>\n<br \/>\n Nous maintenons des normes \u00e9lev\u00e9es d'excellence et nous nous effor\u00e7ons de satisfaire nos clients ! Les commentaires sont tr\u00e8s importants.<br \/>\n<br \/>\n que vous nous contactiez imm\u00e9diatement AVANT de nous donner un avis neutre ou n\u00e9gatif, afin que nous puissions r\u00e9pondre de mani\u00e8re satisfaisante \u00e0 vos pr\u00e9occupations.<br \/>\n<br \/>\n Il est impossible d'aborder les probl\u00e8mes si nous ne les connaissons pas !<\/p>","protected":false},"excerpt":{"rendered":"<p>13 inch (External dimension:340mm*240mm*45mm;Internal dimension:315mm*215mm*30mm) For : MacBook 2019 2020 Air A1932,A2179,A2337;2018-2022 Pro 13 A1706,A1708,A1989,A2159,A2251,A2289,A2338;M2 Air 13.6 A2681;HuaWei MateBook 13,X,13S,X [&hellip;]<\/p>","protected":false},"featured_media":4044,"template":"","meta":{"site-sidebar-layout":"default","site-content-layout":"","ast-site-content-layout":"","site-content-style":"default","site-sidebar-style":"default","ast-global-header-display":"","ast-banner-title-visibility":"","ast-main-header-display":"","ast-hfb-above-header-display":"","ast-hfb-below-header-display":"","ast-hfb-mobile-header-display":"","site-post-title":"","ast-breadcrumbs-content":"","ast-featured-img":"","footer-sml-layout":"","theme-transparent-header-meta":"","adv-header-id-meta":"","stick-header-meta":"","header-above-stick-meta":"","header-main-stick-meta":"","header-below-stick-meta":"","astra-migrate-meta-layouts":"default","ast-page-background-enabled":"default","ast-page-background-meta":{"desktop":{"background-color":"var(--ast-global-color-4)","background-image":"","background-repeat":"repeat","background-position":"center center","background-size":"auto","background-attachment":"scroll","background-type":"","background-media":"","overlay-type":"","overlay-color":"","overlay-gradient":""},"tablet":{"background-color":"","background-image":"","background-repeat":"repeat","background-position":"center center","background-size":"auto","background-attachment":"scroll","background-type":"","background-media":"","overlay-type":"","overlay-color":"","overlay-gradient":""},"mobile":{"background-color":"","background-image":"","background-repeat":"repeat","background-position":"center center","background-size":"auto","background-attachment":"scroll","background-type":"","background-media":"","overlay-type":"","overlay-color":"","overlay-gradient":""}},"ast-content-background-meta":{"desktop":{"background-color":"var(--ast-global-color-5)","background-image":"","background-repeat":"repeat","background-position":"center center","background-size":"auto","background-attachment":"scroll","background-type":"","background-media":"","overlay-type":"","overlay-color":"","overlay-gradient":""},"tablet":{"background-color":"var(--ast-global-color-5)","background-image":"","background-repeat":"repeat","background-position":"center center","background-size":"auto","background-attachment":"scroll","background-type":"","background-media":"","overlay-type":"","overlay-color":"","overlay-gradient":""},"mobile":{"background-color":"var(--ast-global-color-5)","background-image":"","background-repeat":"repeat","background-position":"center center","background-size":"auto","background-attachment":"scroll","background-type":"","background-media":"","overlay-type":"","overlay-color":"","overlay-gradient":""}}},"product_brand":[],"product_cat":[24],"product_tag":[],"class_list":{"0":"post-3897","1":"product","2":"type-product","3":"status-publish","4":"has-post-thumbnail","6":"product_cat-laptop-bags","7":"pa_color-black","8":"pa_color-elegant-grey","9":"pa_color-khaki","10":"pa_color-navy-blue","11":"pa_size-13-inch","12":"pa_size-13-3-inch","13":"pa_size-15-15-4-inch","14":"pa_size-15-6-inch","15":"pa_size-2020-air-a2337-a2179","16":"pa_size-air-15-3-a2941","17":"pa_size-m1-m2-pro-13-a2338","18":"pa_size-m2-air-13-6-a2681","19":"pa_size-pro-14-2-a2779-a2442","20":"pa_size-pro-16-2-a2780-a2485","21":"desktop-align-center","22":"tablet-align-left","23":"mobile-align-left","25":"first","26":"instock","27":"shipping-taxable","28":"purchasable","29":"product-type-variable"},"_links":{"self":[{"href":"https:\/\/baosikai.com\/fr\/wp-json\/wp\/v2\/product\/3897","targetHints":{"allow":["GET"]}}],"collection":[{"href":"https:\/\/baosikai.com\/fr\/wp-json\/wp\/v2\/product"}],"about":[{"href":"https:\/\/baosikai.com\/fr\/wp-json\/wp\/v2\/types\/product"}],"wp:featuredmedia":[{"embeddable":true,"href":"https:\/\/baosikai.com\/fr\/wp-json\/wp\/v2\/media\/4044"}],"wp:attachment":[{"href":"https:\/\/baosikai.com\/fr\/wp-json\/wp\/v2\/media?parent=3897"}],"wp:term":[{"taxonomy":"product_brand","embeddable":true,"href":"https:\/\/baosikai.com\/fr\/wp-json\/wp\/v2\/product_brand?post=3897"},{"taxonomy":"product_cat","embeddable":true,"href":"https:\/\/baosikai.com\/fr\/wp-json\/wp\/v2\/product_cat?post=3897"},{"taxonomy":"product_tag","embeddable":true,"href":"https:\/\/baosikai.com\/fr\/wp-json\/wp\/v2\/product_tag?post=3897"}],"curies":[{"name":"wp","href":"https:\/\/api.w.org\/{rel}","templated":true}]}}