{"id":3909,"date":"2024-04-18T02:25:55","date_gmt":"2024-04-18T02:25:55","guid":{"rendered":"http:\/\/baosikai.com\/?post_type=product&#038;p=3909"},"modified":"2024-06-26T09:16:10","modified_gmt":"2024-06-26T09:16:10","slug":"laptop-bags-gaming-computer-bags","status":"publish","type":"product","link":"https:\/\/baosikai.com\/fr\/produit\/laptop-bags-gaming-computer-bags\/","title":{"rendered":"Sacs pour ordinateurs portables Sacs pour ordinateurs de jeux"},"content":{"rendered":"<p>[Sp\u00e9cification]<br \/>\n[Couleur]:Noir<br \/>\n[Mati\u00e8re]:Oxford<br \/>\n[Caract\u00e9ristiques]<br \/>\n- 1. conception de la boucle avant robuste<br \/>\n- 2. tissu d\u00e9perlant, textur\u00e9 et r\u00e9sistant \u00e0 l'usure<br \/>\n- 3. t\u00eate de traction robuste \u00e0 double sens, pour une mise en place en douceur et sans blocage<br \/>\n- 4. protection multidirectionnelle<br \/>\n- 5. poign\u00e9e portative souple et confortable<br \/>\n[Inclus dans le paquet : 1Pcs x Sac d'ordinateur<br \/>\n[Noe]<br \/>\n- 1) En raison des diff\u00e9rents lots de production, les d\u00e9tails du produit peuvent \u00eatre l\u00e9g\u00e8rement diff\u00e9rents. Si vous vous souciez de la diff\u00e9rence, veuillez l'acheter avec soin.<br \/>\n- 2. 1 \u00e0 3 cm d'\u00e9cart peuvent \u00eatre tol\u00e9r\u00e9s en raison des mesures manuelles.<br \/>\n- 3. en raison des diff\u00e9rences d'affichage et de lumi\u00e8re, la photo peut ne pas refl\u00e9ter la couleur r\u00e9elle de l'article. Merci de votre compr\u00e9hension.<br \/>\n<br \/>\n1. t\u00eate de traction personnalis\u00e9e\/sac adopte une t\u00eate de traction personnalis\u00e9e, ouverture et fermeture en douceur, durable<br \/>\n2. sangle d'\u00e9paule r\u00e9glable \/ sangle d'\u00e9paule sans boucle r\u00e9glable, vous pouvez ajuster la longueur selon vos besoins<br \/>\n3. les accessoires de quincaillerie\/sacs utilisent des accessoires de quincaillerie galvanis\u00e9s de haute qualit\u00e9, les d\u00e9tails t\u00e9moignent de la qualit\u00e9<\/p>","protected":false},"excerpt":{"rendered":"<p>[Specification] [Color]:Black [Material]:Oxford [Features] &#8211; 1.Front sturdy hardware buckle design &#8211; 2.Water repellent fabric,Textured and wear-resistant &#8211; 3.Sturdy two-way hardware [&hellip;]<\/p>","protected":false},"featured_media":4109,"template":"","meta":{"site-sidebar-layout":"default","site-content-layout":"","ast-site-content-layout":"","site-content-style":"default","site-sidebar-style":"default","ast-global-header-display":"","ast-banner-title-visibility":"","ast-main-header-display":"","ast-hfb-above-header-display":"","ast-hfb-below-header-display":"","ast-hfb-mobile-header-display":"","site-post-title":"","ast-breadcrumbs-content":"","ast-featured-img":"","footer-sml-layout":"","theme-transparent-header-meta":"","adv-header-id-meta":"","stick-header-meta":"","header-above-stick-meta":"","header-main-stick-meta":"","header-below-stick-meta":"","astra-migrate-meta-layouts":"default","ast-page-background-enabled":"default","ast-page-background-meta":{"desktop":{"background-color":"var(--ast-global-color-4)","background-image":"","background-repeat":"repeat","background-position":"center center","background-size":"auto","background-attachment":"scroll","background-type":"","background-media":"","overlay-type":"","overlay-color":"","overlay-gradient":""},"tablet":{"background-color":"","background-image":"","background-repeat":"repeat","background-position":"center center","background-size":"auto","background-attachment":"scroll","background-type":"","background-media":"","overlay-type":"","overlay-color":"","overlay-gradient":""},"mobile":{"background-color":"","background-image":"","background-repeat":"repeat","background-position":"center center","background-size":"auto","background-attachment":"scroll","background-type":"","background-media":"","overlay-type":"","overlay-color":"","overlay-gradient":""}},"ast-content-background-meta":{"desktop":{"background-color":"var(--ast-global-color-5)","background-image":"","background-repeat":"repeat","background-position":"center center","background-size":"auto","background-attachment":"scroll","background-type":"","background-media":"","overlay-type":"","overlay-color":"","overlay-gradient":""},"tablet":{"background-color":"var(--ast-global-color-5)","background-image":"","background-repeat":"repeat","background-position":"center center","background-size":"auto","background-attachment":"scroll","background-type":"","background-media":"","overlay-type":"","overlay-color":"","overlay-gradient":""},"mobile":{"background-color":"var(--ast-global-color-5)","background-image":"","background-repeat":"repeat","background-position":"center center","background-size":"auto","background-attachment":"scroll","background-type":"","background-media":"","overlay-type":"","overlay-color":"","overlay-gradient":""}}},"product_brand":[],"product_cat":[24],"product_tag":[],"class_list":{"0":"post-3909","1":"product","2":"type-product","3":"status-publish","4":"has-post-thumbnail","6":"product_cat-laptop-bags","7":"pa_color-a","8":"pa_color-b","9":"pa_color-c","10":"pa_color-d","11":"pa_color-e","12":"pa_color-f","13":"pa_color-g","14":"pa_color-h","15":"pa_ships-from-china","16":"desktop-align-center","17":"tablet-align-left","18":"mobile-align-left","20":"first","21":"instock","22":"shipping-taxable","23":"purchasable","24":"product-type-variable"},"_links":{"self":[{"href":"https:\/\/baosikai.com\/fr\/wp-json\/wp\/v2\/product\/3909","targetHints":{"allow":["GET"]}}],"collection":[{"href":"https:\/\/baosikai.com\/fr\/wp-json\/wp\/v2\/product"}],"about":[{"href":"https:\/\/baosikai.com\/fr\/wp-json\/wp\/v2\/types\/product"}],"wp:featuredmedia":[{"embeddable":true,"href":"https:\/\/baosikai.com\/fr\/wp-json\/wp\/v2\/media\/4109"}],"wp:attachment":[{"href":"https:\/\/baosikai.com\/fr\/wp-json\/wp\/v2\/media?parent=3909"}],"wp:term":[{"taxonomy":"product_brand","embeddable":true,"href":"https:\/\/baosikai.com\/fr\/wp-json\/wp\/v2\/product_brand?post=3909"},{"taxonomy":"product_cat","embeddable":true,"href":"https:\/\/baosikai.com\/fr\/wp-json\/wp\/v2\/product_cat?post=3909"},{"taxonomy":"product_tag","embeddable":true,"href":"https:\/\/baosikai.com\/fr\/wp-json\/wp\/v2\/product_tag?post=3909"}],"curies":[{"name":"wp","href":"https:\/\/api.w.org\/{rel}","templated":true}]}}