{"id":4494,"date":"2024-04-18T02:31:56","date_gmt":"2024-04-18T02:31:56","guid":{"rendered":"http:\/\/baosikai.com\/?post_type=product&#038;p=4494"},"modified":"2024-06-26T08:54:05","modified_gmt":"2024-06-26T08:54:05","slug":"mens-canvas-crossbody-bag-briefcase","status":"publish","type":"product","link":"https:\/\/baosikai.com\/fr\/produit\/mens-canvas-crossbody-bag-briefcase\/","title":{"rendered":"Sac \u00e0 bandouli\u00e8re en toile pour hommes Porte-documents"},"content":{"rendered":"<p>Sp\u00e9cifications :<br \/>\n100% Neuf et de haute qualit\u00e9<br \/>\nMat\u00e9riau : toile<br \/>\nCouleur : comme sur la photo<br \/>\nTaille : Environ 30 * 12 * 21 cm en longueur, largeur et hauteur, avec une longueur de bandouli\u00e8re d'environ 125 cm.<br \/>\nConversion:1inch=2.54cm, 1cm=0.394inches<br \/>\nConseil chaleureux :<br \/>\n1) Nous vous rappelons qu'en raison des effets de lumi\u00e8re, des param\u00e8tres de luminosit\u00e9\/contraste de l'\u00e9cran, etc. il peut y avoir de l\u00e9g\u00e8res diff\u00e9rences entre la couleur de la photo du site Web et celle de l'article r\u00e9el.<br \/>\n2. l'article est mesur\u00e9 \u00e0 la main, il peut y avoir une diff\u00e9rence de 1cm, votre compr\u00e9hension sera tr\u00e8s appr\u00e9ci\u00e9e.<br \/>\nContenu de l'emballage :<br \/>\n1 * Sac de messager<\/p>","protected":false},"excerpt":{"rendered":"<p>Specifications: 100% Brand New And High Quality Material: canvas Color: as picture Size: Approximately 30 * 12 * 21cm in [&hellip;]<\/p>","protected":false},"featured_media":4719,"template":"","meta":{"site-sidebar-layout":"default","site-content-layout":"","ast-site-content-layout":"","site-content-style":"default","site-sidebar-style":"default","ast-global-header-display":"","ast-banner-title-visibility":"","ast-main-header-display":"","ast-hfb-above-header-display":"","ast-hfb-below-header-display":"","ast-hfb-mobile-header-display":"","site-post-title":"","ast-breadcrumbs-content":"","ast-featured-img":"","footer-sml-layout":"","theme-transparent-header-meta":"","adv-header-id-meta":"","stick-header-meta":"","header-above-stick-meta":"","header-main-stick-meta":"","header-below-stick-meta":"","astra-migrate-meta-layouts":"default","ast-page-background-enabled":"default","ast-page-background-meta":{"desktop":{"background-color":"var(--ast-global-color-4)","background-image":"","background-repeat":"repeat","background-position":"center center","background-size":"auto","background-attachment":"scroll","background-type":"","background-media":"","overlay-type":"","overlay-color":"","overlay-gradient":""},"tablet":{"background-color":"","background-image":"","background-repeat":"repeat","background-position":"center center","background-size":"auto","background-attachment":"scroll","background-type":"","background-media":"","overlay-type":"","overlay-color":"","overlay-gradient":""},"mobile":{"background-color":"","background-image":"","background-repeat":"repeat","background-position":"center center","background-size":"auto","background-attachment":"scroll","background-type":"","background-media":"","overlay-type":"","overlay-color":"","overlay-gradient":""}},"ast-content-background-meta":{"desktop":{"background-color":"var(--ast-global-color-5)","background-image":"","background-repeat":"repeat","background-position":"center center","background-size":"auto","background-attachment":"scroll","background-type":"","background-media":"","overlay-type":"","overlay-color":"","overlay-gradient":""},"tablet":{"background-color":"var(--ast-global-color-5)","background-image":"","background-repeat":"repeat","background-position":"center center","background-size":"auto","background-attachment":"scroll","background-type":"","background-media":"","overlay-type":"","overlay-color":"","overlay-gradient":""},"mobile":{"background-color":"var(--ast-global-color-5)","background-image":"","background-repeat":"repeat","background-position":"center center","background-size":"auto","background-attachment":"scroll","background-type":"","background-media":"","overlay-type":"","overlay-color":"","overlay-gradient":""}}},"product_brand":[],"product_cat":[27],"product_tag":[],"class_list":{"0":"post-4494","1":"product","2":"type-product","3":"status-publish","4":"has-post-thumbnail","6":"product_cat-messenger-bags","7":"pa_color-black","8":"pa_color-brown","9":"pa_color-green","10":"pa_color-khaki","11":"desktop-align-center","12":"tablet-align-left","13":"mobile-align-left","15":"first","16":"instock","17":"shipping-taxable","18":"purchasable","19":"product-type-variable"},"_links":{"self":[{"href":"https:\/\/baosikai.com\/fr\/wp-json\/wp\/v2\/product\/4494","targetHints":{"allow":["GET"]}}],"collection":[{"href":"https:\/\/baosikai.com\/fr\/wp-json\/wp\/v2\/product"}],"about":[{"href":"https:\/\/baosikai.com\/fr\/wp-json\/wp\/v2\/types\/product"}],"wp:featuredmedia":[{"embeddable":true,"href":"https:\/\/baosikai.com\/fr\/wp-json\/wp\/v2\/media\/4719"}],"wp:attachment":[{"href":"https:\/\/baosikai.com\/fr\/wp-json\/wp\/v2\/media?parent=4494"}],"wp:term":[{"taxonomy":"product_brand","embeddable":true,"href":"https:\/\/baosikai.com\/fr\/wp-json\/wp\/v2\/product_brand?post=4494"},{"taxonomy":"product_cat","embeddable":true,"href":"https:\/\/baosikai.com\/fr\/wp-json\/wp\/v2\/product_cat?post=4494"},{"taxonomy":"product_tag","embeddable":true,"href":"https:\/\/baosikai.com\/fr\/wp-json\/wp\/v2\/product_tag?post=4494"}],"curies":[{"name":"wp","href":"https:\/\/api.w.org\/{rel}","templated":true}]}}