{"id":4495,"date":"2024-04-18T02:31:57","date_gmt":"2024-04-18T02:31:57","guid":{"rendered":"http:\/\/baosikai.com\/?post_type=product&#038;p=4495"},"modified":"2024-06-26T08:53:32","modified_gmt":"2024-06-26T08:53:32","slug":"mens-business-crossbody-vintage-canvas-office-bag","status":"publish","type":"product","link":"https:\/\/baosikai.com\/fr\/produit\/mens-business-crossbody-vintage-canvas-office-bag\/","title":{"rendered":"Sac de bureau en toile vintage pour hommes"},"content":{"rendered":"<p>Homme Business Messenger Bags For Men Shoulder Bag vintage Canvas Crossbody Pack Retro Casual Office Travel Bag<br \/>\n<br \/>\n Description :<br \/>\n<br \/>\n 100% Neuf et de haute qualit\u00e9<br \/>\n <br \/>Mati\u00e8re : toile<br \/>\n <br \/>Le paquet comprend : 1pc<br \/>\n<br \/>\n Taille : 38*34*12cm<br \/>\n<br \/>Conversion:1inch=2.54cm, 1cm=0.393inches<br \/>Conseil : Veuillez noter qu'en raison des effets de lumi\u00e8re, des param\u00e8tres de luminosit\u00e9\/contraste de l'\u00e9cran, etc., il peut y avoir de l\u00e9g\u00e8res diff\u00e9rences entre la couleur de la photo du site Web et celle de l'article r\u00e9el.<br \/>L'article est mesur\u00e9 \u00e0 la main, il peut y avoir une diff\u00e9rence de 1cm, votre compr\u00e9hension sera tr\u00e8s appr\u00e9ci\u00e9e.<\/p>","protected":false},"excerpt":{"rendered":"<p>Men Business Messenger Bags For Men Shoulder Bag vintage Canvas Crossbody Pack Retro Casual Office Travel Bag Description: 100% Brand [&hellip;]<\/p>","protected":false},"featured_media":4747,"template":"","meta":{"site-sidebar-layout":"default","site-content-layout":"","ast-site-content-layout":"","site-content-style":"default","site-sidebar-style":"default","ast-global-header-display":"","ast-banner-title-visibility":"","ast-main-header-display":"","ast-hfb-above-header-display":"","ast-hfb-below-header-display":"","ast-hfb-mobile-header-display":"","site-post-title":"","ast-breadcrumbs-content":"","ast-featured-img":"","footer-sml-layout":"","theme-transparent-header-meta":"","adv-header-id-meta":"","stick-header-meta":"","header-above-stick-meta":"","header-main-stick-meta":"","header-below-stick-meta":"","astra-migrate-meta-layouts":"default","ast-page-background-enabled":"default","ast-page-background-meta":{"desktop":{"background-color":"var(--ast-global-color-4)","background-image":"","background-repeat":"repeat","background-position":"center center","background-size":"auto","background-attachment":"scroll","background-type":"","background-media":"","overlay-type":"","overlay-color":"","overlay-gradient":""},"tablet":{"background-color":"","background-image":"","background-repeat":"repeat","background-position":"center center","background-size":"auto","background-attachment":"scroll","background-type":"","background-media":"","overlay-type":"","overlay-color":"","overlay-gradient":""},"mobile":{"background-color":"","background-image":"","background-repeat":"repeat","background-position":"center center","background-size":"auto","background-attachment":"scroll","background-type":"","background-media":"","overlay-type":"","overlay-color":"","overlay-gradient":""}},"ast-content-background-meta":{"desktop":{"background-color":"var(--ast-global-color-5)","background-image":"","background-repeat":"repeat","background-position":"center center","background-size":"auto","background-attachment":"scroll","background-type":"","background-media":"","overlay-type":"","overlay-color":"","overlay-gradient":""},"tablet":{"background-color":"var(--ast-global-color-5)","background-image":"","background-repeat":"repeat","background-position":"center center","background-size":"auto","background-attachment":"scroll","background-type":"","background-media":"","overlay-type":"","overlay-color":"","overlay-gradient":""},"mobile":{"background-color":"var(--ast-global-color-5)","background-image":"","background-repeat":"repeat","background-position":"center center","background-size":"auto","background-attachment":"scroll","background-type":"","background-media":"","overlay-type":"","overlay-color":"","overlay-gradient":""}}},"product_brand":[],"product_cat":[27],"product_tag":[],"class_list":{"0":"post-4495","1":"product","2":"type-product","3":"status-publish","4":"has-post-thumbnail","6":"product_cat-messenger-bags","7":"pa_color-black","8":"pa_color-blue","9":"pa_color-grey","10":"pa_color-khaki","11":"desktop-align-center","12":"tablet-align-left","13":"mobile-align-left","15":"first","16":"instock","17":"shipping-taxable","18":"purchasable","19":"product-type-variable"},"_links":{"self":[{"href":"https:\/\/baosikai.com\/fr\/wp-json\/wp\/v2\/product\/4495","targetHints":{"allow":["GET"]}}],"collection":[{"href":"https:\/\/baosikai.com\/fr\/wp-json\/wp\/v2\/product"}],"about":[{"href":"https:\/\/baosikai.com\/fr\/wp-json\/wp\/v2\/types\/product"}],"wp:featuredmedia":[{"embeddable":true,"href":"https:\/\/baosikai.com\/fr\/wp-json\/wp\/v2\/media\/4747"}],"wp:attachment":[{"href":"https:\/\/baosikai.com\/fr\/wp-json\/wp\/v2\/media?parent=4495"}],"wp:term":[{"taxonomy":"product_brand","embeddable":true,"href":"https:\/\/baosikai.com\/fr\/wp-json\/wp\/v2\/product_brand?post=4495"},{"taxonomy":"product_cat","embeddable":true,"href":"https:\/\/baosikai.com\/fr\/wp-json\/wp\/v2\/product_cat?post=4495"},{"taxonomy":"product_tag","embeddable":true,"href":"https:\/\/baosikai.com\/fr\/wp-json\/wp\/v2\/product_tag?post=4495"}],"curies":[{"name":"wp","href":"https:\/\/api.w.org\/{rel}","templated":true}]}}