{"id":4496,"date":"2024-04-18T02:31:58","date_gmt":"2024-04-18T02:31:58","guid":{"rendered":"http:\/\/baosikai.com\/?post_type=product&#038;p=4496"},"modified":"2024-06-26T08:52:38","modified_gmt":"2024-06-26T08:52:38","slug":"luxury-pu-leather-crossbody-bag-vintage-womens-tote-bag","status":"publish","type":"product","link":"https:\/\/baosikai.com\/fr\/produit\/luxury-pu-leather-crossbody-bag-vintage-womens-tote-bag\/","title":{"rendered":"Luxury Pu Leather Crossbody Bag Vintage Women's Tote Bag"},"content":{"rendered":"<p>Taille : (Largeur)32cm * (Hauteur)26cm * (Epaisseur)12cm<br \/>Note : 1 Inch=2.54 CM ; 1 CM=0.39 Inch , En raison des diff\u00e9rents lots, la doublure du sac peut \u00eatre diff\u00e9rente. Le cr\u00e9ateur de mode et le bon prix, s'il vous pla\u00eet reposez l'achat assur\u00e9. ( Toutes les photos sont des photos r\u00e9elles. Mais en raison de la lumi\u00e8re diff\u00e9rente et du r\u00e9glage de l'\u00e9cran, il peut y avoir une l\u00e9g\u00e8re diff\u00e9rence de couleur. Merci de votre compr\u00e9hension. )<\/p>","protected":false},"excerpt":{"rendered":"<p>Size:(Width)32cm * (Height)26cm * (Thickness)12cmNote: 1 Inch=2.54 CM; 1 CM=0.39 Inch , Due to different batches, bag&#8217;s liner may be [&hellip;]<\/p>","protected":false},"featured_media":4772,"template":"","meta":{"site-sidebar-layout":"default","site-content-layout":"","ast-site-content-layout":"","site-content-style":"default","site-sidebar-style":"default","ast-global-header-display":"","ast-banner-title-visibility":"","ast-main-header-display":"","ast-hfb-above-header-display":"","ast-hfb-below-header-display":"","ast-hfb-mobile-header-display":"","site-post-title":"","ast-breadcrumbs-content":"","ast-featured-img":"","footer-sml-layout":"","theme-transparent-header-meta":"","adv-header-id-meta":"","stick-header-meta":"","header-above-stick-meta":"","header-main-stick-meta":"","header-below-stick-meta":"","astra-migrate-meta-layouts":"default","ast-page-background-enabled":"default","ast-page-background-meta":{"desktop":{"background-color":"var(--ast-global-color-4)","background-image":"","background-repeat":"repeat","background-position":"center center","background-size":"auto","background-attachment":"scroll","background-type":"","background-media":"","overlay-type":"","overlay-color":"","overlay-gradient":""},"tablet":{"background-color":"","background-image":"","background-repeat":"repeat","background-position":"center center","background-size":"auto","background-attachment":"scroll","background-type":"","background-media":"","overlay-type":"","overlay-color":"","overlay-gradient":""},"mobile":{"background-color":"","background-image":"","background-repeat":"repeat","background-position":"center center","background-size":"auto","background-attachment":"scroll","background-type":"","background-media":"","overlay-type":"","overlay-color":"","overlay-gradient":""}},"ast-content-background-meta":{"desktop":{"background-color":"var(--ast-global-color-5)","background-image":"","background-repeat":"repeat","background-position":"center center","background-size":"auto","background-attachment":"scroll","background-type":"","background-media":"","overlay-type":"","overlay-color":"","overlay-gradient":""},"tablet":{"background-color":"var(--ast-global-color-5)","background-image":"","background-repeat":"repeat","background-position":"center center","background-size":"auto","background-attachment":"scroll","background-type":"","background-media":"","overlay-type":"","overlay-color":"","overlay-gradient":""},"mobile":{"background-color":"var(--ast-global-color-5)","background-image":"","background-repeat":"repeat","background-position":"center center","background-size":"auto","background-attachment":"scroll","background-type":"","background-media":"","overlay-type":"","overlay-color":"","overlay-gradient":""}}},"product_brand":[],"product_cat":[27],"product_tag":[],"class_list":{"0":"post-4496","1":"product","2":"type-product","3":"status-publish","4":"has-post-thumbnail","6":"product_cat-messenger-bags","7":"pa_color-black","8":"pa_color-brown","9":"desktop-align-center","10":"tablet-align-left","11":"mobile-align-left","13":"first","14":"instock","15":"shipping-taxable","16":"purchasable","17":"product-type-variable"},"_links":{"self":[{"href":"https:\/\/baosikai.com\/fr\/wp-json\/wp\/v2\/product\/4496","targetHints":{"allow":["GET"]}}],"collection":[{"href":"https:\/\/baosikai.com\/fr\/wp-json\/wp\/v2\/product"}],"about":[{"href":"https:\/\/baosikai.com\/fr\/wp-json\/wp\/v2\/types\/product"}],"wp:featuredmedia":[{"embeddable":true,"href":"https:\/\/baosikai.com\/fr\/wp-json\/wp\/v2\/media\/4772"}],"wp:attachment":[{"href":"https:\/\/baosikai.com\/fr\/wp-json\/wp\/v2\/media?parent=4496"}],"wp:term":[{"taxonomy":"product_brand","embeddable":true,"href":"https:\/\/baosikai.com\/fr\/wp-json\/wp\/v2\/product_brand?post=4496"},{"taxonomy":"product_cat","embeddable":true,"href":"https:\/\/baosikai.com\/fr\/wp-json\/wp\/v2\/product_cat?post=4496"},{"taxonomy":"product_tag","embeddable":true,"href":"https:\/\/baosikai.com\/fr\/wp-json\/wp\/v2\/product_tag?post=4496"}],"curies":[{"name":"wp","href":"https:\/\/api.w.org\/{rel}","templated":true}]}}