{"id":4497,"date":"2024-04-18T02:32:02","date_gmt":"2024-04-18T02:32:02","guid":{"rendered":"http:\/\/baosikai.com\/?post_type=product&#038;p=4497"},"modified":"2024-06-26T08:52:15","modified_gmt":"2024-06-26T08:52:15","slug":"womens-nylon-waterproof-bag-crossbody","status":"publish","type":"product","link":"https:\/\/baosikai.com\/fr\/produit\/womens-nylon-waterproof-bag-crossbody\/","title":{"rendered":"Sac imperm\u00e9able en nylon pour femmes, avec pochette de transport"},"content":{"rendered":"<p>100% : nouveau et de haute qualit\u00e9 !<br \/>\nStyle A Mati\u00e8re : oxford<br \/>\nStyle A Taille:Longueur:27cm.largeur:10cm,hauteur:20cm.<br \/>\nStyle B Mati\u00e8re : oxford<br \/>\nStyle B Taille:Longueur:27cm.largeur:9cm,hauteur:21cm....<br \/>\nPaquet:1pc<br \/>\nMerci d'indiquer :<br \/>\n1. Nous vous rappelons qu'en raison des effets de lumi\u00e8re, des r\u00e9glages de luminosit\u00e9\/contraste de l'\u00e9cran, etc,<br \/>\nil peut y avoir de l\u00e9g\u00e8res diff\u00e9rences de couleur entre la photo du site web et l'article r\u00e9el.<br \/>\n2. L'article est mesur\u00e9 \u00e0 la main, il peut y avoir une diff\u00e9rence de 1 \u00e0 3 cm, votre compr\u00e9hension sera tr\u00e8s appr\u00e9ci\u00e9e.A propos de la couleur\uff1a<br \/>\nComme vous le savez, les ordinateurs affichent les couleurs diff\u00e9remment, la couleur de l'article r\u00e9el peut varier l\u00e9g\u00e8rement par rapport aux images suivantes.<br \/>\nA propos de la taille :<br \/>\n1. Si vous ne savez pas comment choisir votre taille, veuillez contacter notre service client\u00e8le.<br \/>\n2. Veuillez tenir compte d'une diff\u00e9rence de 2 \u00e0 3 cm due aux mesures manuelles. (1cm=0.39inch, 1 inch=2.54cm)<br \/>\n3. Choisissez la taille la plus grande si votre taille se situe entre deux tailles.<\/p>","protected":false},"excerpt":{"rendered":"<p>100% brand new and high quality! Style A Material:oxford Style A Size:Lenght:27cm.Width:10cm,height:20cm. Style B Material:oxford Style B Size:Lenght:27cm.Width:9cm,height:21cm.. Package:1pc Kindly [&hellip;]<\/p>","protected":false},"featured_media":4811,"template":"","meta":{"site-sidebar-layout":"default","site-content-layout":"","ast-site-content-layout":"","site-content-style":"default","site-sidebar-style":"default","ast-global-header-display":"","ast-banner-title-visibility":"","ast-main-header-display":"","ast-hfb-above-header-display":"","ast-hfb-below-header-display":"","ast-hfb-mobile-header-display":"","site-post-title":"","ast-breadcrumbs-content":"","ast-featured-img":"","footer-sml-layout":"","theme-transparent-header-meta":"","adv-header-id-meta":"","stick-header-meta":"","header-above-stick-meta":"","header-main-stick-meta":"","header-below-stick-meta":"","astra-migrate-meta-layouts":"default","ast-page-background-enabled":"default","ast-page-background-meta":{"desktop":{"background-color":"var(--ast-global-color-4)","background-image":"","background-repeat":"repeat","background-position":"center center","background-size":"auto","background-attachment":"scroll","background-type":"","background-media":"","overlay-type":"","overlay-color":"","overlay-gradient":""},"tablet":{"background-color":"","background-image":"","background-repeat":"repeat","background-position":"center center","background-size":"auto","background-attachment":"scroll","background-type":"","background-media":"","overlay-type":"","overlay-color":"","overlay-gradient":""},"mobile":{"background-color":"","background-image":"","background-repeat":"repeat","background-position":"center center","background-size":"auto","background-attachment":"scroll","background-type":"","background-media":"","overlay-type":"","overlay-color":"","overlay-gradient":""}},"ast-content-background-meta":{"desktop":{"background-color":"var(--ast-global-color-5)","background-image":"","background-repeat":"repeat","background-position":"center center","background-size":"auto","background-attachment":"scroll","background-type":"","background-media":"","overlay-type":"","overlay-color":"","overlay-gradient":""},"tablet":{"background-color":"var(--ast-global-color-5)","background-image":"","background-repeat":"repeat","background-position":"center center","background-size":"auto","background-attachment":"scroll","background-type":"","background-media":"","overlay-type":"","overlay-color":"","overlay-gradient":""},"mobile":{"background-color":"var(--ast-global-color-5)","background-image":"","background-repeat":"repeat","background-position":"center center","background-size":"auto","background-attachment":"scroll","background-type":"","background-media":"","overlay-type":"","overlay-color":"","overlay-gradient":""}}},"product_brand":[],"product_cat":[27],"product_tag":[],"class_list":{"0":"post-4497","1":"product","2":"type-product","3":"status-publish","4":"has-post-thumbnail","6":"product_cat-messenger-bags","7":"pa_color-army-green-a","8":"pa_color-black-a","9":"pa_color-black-b","10":"pa_color-black-print-b","11":"pa_color-blue-b","12":"pa_color-dark-blue-a","13":"pa_color-purple-a","14":"pa_color-purple-b","15":"pa_color-purple-print-b","16":"pa_color-rose-b","17":"pa_color-rose-print-b","18":"pa_color-rose-red-a","19":"desktop-align-center","20":"tablet-align-left","21":"mobile-align-left","23":"first","24":"instock","25":"shipping-taxable","26":"purchasable","27":"product-type-variable"},"_links":{"self":[{"href":"https:\/\/baosikai.com\/fr\/wp-json\/wp\/v2\/product\/4497","targetHints":{"allow":["GET"]}}],"collection":[{"href":"https:\/\/baosikai.com\/fr\/wp-json\/wp\/v2\/product"}],"about":[{"href":"https:\/\/baosikai.com\/fr\/wp-json\/wp\/v2\/types\/product"}],"wp:featuredmedia":[{"embeddable":true,"href":"https:\/\/baosikai.com\/fr\/wp-json\/wp\/v2\/media\/4811"}],"wp:attachment":[{"href":"https:\/\/baosikai.com\/fr\/wp-json\/wp\/v2\/media?parent=4497"}],"wp:term":[{"taxonomy":"product_brand","embeddable":true,"href":"https:\/\/baosikai.com\/fr\/wp-json\/wp\/v2\/product_brand?post=4497"},{"taxonomy":"product_cat","embeddable":true,"href":"https:\/\/baosikai.com\/fr\/wp-json\/wp\/v2\/product_cat?post=4497"},{"taxonomy":"product_tag","embeddable":true,"href":"https:\/\/baosikai.com\/fr\/wp-json\/wp\/v2\/product_tag?post=4497"}],"curies":[{"name":"wp","href":"https:\/\/api.w.org\/{rel}","templated":true}]}}