{"id":4898,"date":"2024-04-18T02:54:25","date_gmt":"2024-04-18T02:54:25","guid":{"rendered":"http:\/\/baosikai.com\/?post_type=product&#038;p=4898"},"modified":"2024-06-26T09:02:08","modified_gmt":"2024-06-26T09:02:08","slug":"womens-travel-bag-leisure-sports-bag","status":"publish","type":"product","link":"https:\/\/baosikai.com\/fr\/produit\/womens-travel-bag-leisure-sports-bag\/","title":{"rendered":"Sac de voyage pour femmes Sac de sport et de loisirs"},"content":{"rendered":"<p>Taille du sac : Longueur 49cm, Largeur 22cm, Hauteur 30cm<br \/>Couleur:Noir\/Gris\/Rose\/Vert<br \/>Mati\u00e8re : Tissu Oxford<br \/>Note 1 : 1 pouce = 2,54 cm, 1cm = 0,39 pouce<br \/>Note 2 : Il peut y avoir une l\u00e9g\u00e8re diff\u00e9rence de couleur en raison des param\u00e8tres de l'\u00e9cran de l'ordinateur.<br \/>Note 3 : En raison de la diff\u00e9rence de m\u00e9thode de mesure, la taille peut varier de 1 \u00e0 3 cm.<br \/>Si vous avez des questions, n'h\u00e9sitez pas \u00e0 nous contacter, nous vous aiderons, nous vous souhaitons un bon shopping.<\/p>","protected":false},"excerpt":{"rendered":"<p>Bag Size:Length 49cm,Width 22cm,Height 30cmColor:Black\/Gray\/Pink\/GreenMaterial:Oxford ClothNote 1: 1 inch = 2.54 cm, 1cm = 0.39 inchNote 2: There might be [&hellip;]<\/p>","protected":false},"featured_media":4968,"template":"","meta":{"site-sidebar-layout":"default","site-content-layout":"","ast-site-content-layout":"","site-content-style":"default","site-sidebar-style":"default","ast-global-header-display":"","ast-banner-title-visibility":"","ast-main-header-display":"","ast-hfb-above-header-display":"","ast-hfb-below-header-display":"","ast-hfb-mobile-header-display":"","site-post-title":"","ast-breadcrumbs-content":"","ast-featured-img":"","footer-sml-layout":"","theme-transparent-header-meta":"","adv-header-id-meta":"","stick-header-meta":"","header-above-stick-meta":"","header-main-stick-meta":"","header-below-stick-meta":"","astra-migrate-meta-layouts":"default","ast-page-background-enabled":"default","ast-page-background-meta":{"desktop":{"background-color":"var(--ast-global-color-4)","background-image":"","background-repeat":"repeat","background-position":"center center","background-size":"auto","background-attachment":"scroll","background-type":"","background-media":"","overlay-type":"","overlay-color":"","overlay-gradient":""},"tablet":{"background-color":"","background-image":"","background-repeat":"repeat","background-position":"center center","background-size":"auto","background-attachment":"scroll","background-type":"","background-media":"","overlay-type":"","overlay-color":"","overlay-gradient":""},"mobile":{"background-color":"","background-image":"","background-repeat":"repeat","background-position":"center center","background-size":"auto","background-attachment":"scroll","background-type":"","background-media":"","overlay-type":"","overlay-color":"","overlay-gradient":""}},"ast-content-background-meta":{"desktop":{"background-color":"var(--ast-global-color-5)","background-image":"","background-repeat":"repeat","background-position":"center center","background-size":"auto","background-attachment":"scroll","background-type":"","background-media":"","overlay-type":"","overlay-color":"","overlay-gradient":""},"tablet":{"background-color":"var(--ast-global-color-5)","background-image":"","background-repeat":"repeat","background-position":"center center","background-size":"auto","background-attachment":"scroll","background-type":"","background-media":"","overlay-type":"","overlay-color":"","overlay-gradient":""},"mobile":{"background-color":"var(--ast-global-color-5)","background-image":"","background-repeat":"repeat","background-position":"center center","background-size":"auto","background-attachment":"scroll","background-type":"","background-media":"","overlay-type":"","overlay-color":"","overlay-gradient":""}}},"product_brand":[],"product_cat":[21],"product_tag":[],"class_list":{"0":"post-4898","1":"product","2":"type-product","3":"status-publish","4":"has-post-thumbnail","6":"product_cat-travel-bags","7":"pa_color-black","8":"pa_color-gray","9":"pa_color-green","10":"pa_color-pink","11":"desktop-align-center","12":"tablet-align-left","13":"mobile-align-left","15":"first","16":"instock","17":"shipping-taxable","18":"purchasable","19":"product-type-variable"},"_links":{"self":[{"href":"https:\/\/baosikai.com\/fr\/wp-json\/wp\/v2\/product\/4898","targetHints":{"allow":["GET"]}}],"collection":[{"href":"https:\/\/baosikai.com\/fr\/wp-json\/wp\/v2\/product"}],"about":[{"href":"https:\/\/baosikai.com\/fr\/wp-json\/wp\/v2\/types\/product"}],"wp:featuredmedia":[{"embeddable":true,"href":"https:\/\/baosikai.com\/fr\/wp-json\/wp\/v2\/media\/4968"}],"wp:attachment":[{"href":"https:\/\/baosikai.com\/fr\/wp-json\/wp\/v2\/media?parent=4898"}],"wp:term":[{"taxonomy":"product_brand","embeddable":true,"href":"https:\/\/baosikai.com\/fr\/wp-json\/wp\/v2\/product_brand?post=4898"},{"taxonomy":"product_cat","embeddable":true,"href":"https:\/\/baosikai.com\/fr\/wp-json\/wp\/v2\/product_cat?post=4898"},{"taxonomy":"product_tag","embeddable":true,"href":"https:\/\/baosikai.com\/fr\/wp-json\/wp\/v2\/product_tag?post=4898"}],"curies":[{"name":"wp","href":"https:\/\/api.w.org\/{rel}","templated":true}]}}