{"id":4899,"date":"2024-04-18T02:54:26","date_gmt":"2024-04-18T02:54:26","guid":{"rendered":"http:\/\/baosikai.com\/?post_type=product&#038;p=4899"},"modified":"2024-06-26T08:48:29","modified_gmt":"2024-06-26T08:48:29","slug":"canvas-mens-travel-bag-large-capacity-handbag","status":"publish","type":"product","link":"https:\/\/baosikai.com\/fr\/produit\/canvas-mens-travel-bag-large-capacity-handbag\/","title":{"rendered":"Sac de voyage en toile pour hommes Sac \u00e0 main de grande capacit\u00e9"},"content":{"rendered":"<p>Article:Sac de voyage<br \/>\nMati\u00e8re : Oxford<br \/>\nTaille : 60cm*24cm*31cm<br \/>\nCouleur:Noir\/Gris\/Kaki<br \/>\nUtilisation:Ext\u00e9rieur,Voyage,Fitness<br \/>\nStyle:D\u00e9contract\u00e9<br \/>\nType de sacs:Sac \u00e0 main de voyage<br \/>\nSac de voyage : Sac de week-end, Sac de sport et de remise en forme<br \/>\nType : Sac \u00e0 bandouli\u00e8re de voyage d'affaires<br \/>\nNote : 1. En raison de la diff\u00e9rence entre les diff\u00e9rents \u00e9crans, l'image peut ne pas refl\u00e9ter la couleur r\u00e9elle de l'article.<br \/>\n2. en raison des diff\u00e9rentes m\u00e9thodes de mesure, il peut y avoir un \u00e9cart de 1 \u00e0 2 cm, merci.<\/p>","protected":false},"excerpt":{"rendered":"<p>Item:Travel Bag Material:Oxford Size:60cm*24cm*31cm Color:Black\/Gray\/Khaki Usage:Outdoor,Travel,Fitness Style:Casual Bags Type:Travel Handbag Travel Bag: Weekend Pack, Sport Fitness Bags Type: Business Travel [&hellip;]<\/p>","protected":false},"featured_media":5021,"template":"","meta":{"site-sidebar-layout":"default","site-content-layout":"","ast-site-content-layout":"","site-content-style":"default","site-sidebar-style":"default","ast-global-header-display":"","ast-banner-title-visibility":"","ast-main-header-display":"","ast-hfb-above-header-display":"","ast-hfb-below-header-display":"","ast-hfb-mobile-header-display":"","site-post-title":"","ast-breadcrumbs-content":"","ast-featured-img":"","footer-sml-layout":"","theme-transparent-header-meta":"","adv-header-id-meta":"","stick-header-meta":"","header-above-stick-meta":"","header-main-stick-meta":"","header-below-stick-meta":"","astra-migrate-meta-layouts":"default","ast-page-background-enabled":"default","ast-page-background-meta":{"desktop":{"background-color":"var(--ast-global-color-4)","background-image":"","background-repeat":"repeat","background-position":"center center","background-size":"auto","background-attachment":"scroll","background-type":"","background-media":"","overlay-type":"","overlay-color":"","overlay-gradient":""},"tablet":{"background-color":"","background-image":"","background-repeat":"repeat","background-position":"center center","background-size":"auto","background-attachment":"scroll","background-type":"","background-media":"","overlay-type":"","overlay-color":"","overlay-gradient":""},"mobile":{"background-color":"","background-image":"","background-repeat":"repeat","background-position":"center center","background-size":"auto","background-attachment":"scroll","background-type":"","background-media":"","overlay-type":"","overlay-color":"","overlay-gradient":""}},"ast-content-background-meta":{"desktop":{"background-color":"var(--ast-global-color-5)","background-image":"","background-repeat":"repeat","background-position":"center center","background-size":"auto","background-attachment":"scroll","background-type":"","background-media":"","overlay-type":"","overlay-color":"","overlay-gradient":""},"tablet":{"background-color":"var(--ast-global-color-5)","background-image":"","background-repeat":"repeat","background-position":"center center","background-size":"auto","background-attachment":"scroll","background-type":"","background-media":"","overlay-type":"","overlay-color":"","overlay-gradient":""},"mobile":{"background-color":"var(--ast-global-color-5)","background-image":"","background-repeat":"repeat","background-position":"center center","background-size":"auto","background-attachment":"scroll","background-type":"","background-media":"","overlay-type":"","overlay-color":"","overlay-gradient":""}}},"product_brand":[],"product_cat":[21],"product_tag":[],"class_list":{"0":"post-4899","1":"product","2":"type-product","3":"status-publish","4":"has-post-thumbnail","6":"product_cat-travel-bags","7":"pa_color-black","8":"pa_color-dark-coffee","9":"pa_color-khaki","10":"desktop-align-center","11":"tablet-align-left","12":"mobile-align-left","14":"first","15":"instock","16":"shipping-taxable","17":"purchasable","18":"product-type-variable"},"_links":{"self":[{"href":"https:\/\/baosikai.com\/fr\/wp-json\/wp\/v2\/product\/4899","targetHints":{"allow":["GET"]}}],"collection":[{"href":"https:\/\/baosikai.com\/fr\/wp-json\/wp\/v2\/product"}],"about":[{"href":"https:\/\/baosikai.com\/fr\/wp-json\/wp\/v2\/types\/product"}],"wp:featuredmedia":[{"embeddable":true,"href":"https:\/\/baosikai.com\/fr\/wp-json\/wp\/v2\/media\/5021"}],"wp:attachment":[{"href":"https:\/\/baosikai.com\/fr\/wp-json\/wp\/v2\/media?parent=4899"}],"wp:term":[{"taxonomy":"product_brand","embeddable":true,"href":"https:\/\/baosikai.com\/fr\/wp-json\/wp\/v2\/product_brand?post=4899"},{"taxonomy":"product_cat","embeddable":true,"href":"https:\/\/baosikai.com\/fr\/wp-json\/wp\/v2\/product_cat?post=4899"},{"taxonomy":"product_tag","embeddable":true,"href":"https:\/\/baosikai.com\/fr\/wp-json\/wp\/v2\/product_tag?post=4899"}],"curies":[{"name":"wp","href":"https:\/\/api.w.org\/{rel}","templated":true}]}}