{"id":5494,"date":"2024-07-05T07:30:30","date_gmt":"2024-07-05T07:30:30","guid":{"rendered":"http:\/\/baosikai.com\/?post_type=product&#038;p=5494"},"modified":"2024-07-08T07:58:13","modified_gmt":"2024-07-08T07:58:13","slug":"motorcycle-thigh-bag-cb-1807","status":"publish","type":"product","link":"https:\/\/baosikai.com\/fr\/produit\/motorcycle-thigh-bag-cb-1807\/","title":{"rendered":"Sac de cuisse pour moto CB-1807"},"content":{"rendered":"","protected":false},"excerpt":{"rendered":"<p>Le sac de cuisse pour moto de Cucyma allie style et fonctionnalit\u00e9, offrant aux motards un accessoire \u00e9l\u00e9gant et durable pour ranger l'essentiel sur la route. Roulez dans le confort et la commodit\u00e9 avec Cucyma<\/p>","protected":false},"featured_media":5572,"template":"","meta":{"site-sidebar-layout":"default","site-content-layout":"","ast-site-content-layout":"default","site-content-style":"default","site-sidebar-style":"default","ast-global-header-display":"","ast-banner-title-visibility":"","ast-main-header-display":"","ast-hfb-above-header-display":"","ast-hfb-below-header-display":"","ast-hfb-mobile-header-display":"","site-post-title":"","ast-breadcrumbs-content":"","ast-featured-img":"","footer-sml-layout":"","theme-transparent-header-meta":"default","adv-header-id-meta":"","stick-header-meta":"","header-above-stick-meta":"","header-main-stick-meta":"","header-below-stick-meta":"","astra-migrate-meta-layouts":"set","ast-page-background-enabled":"default","ast-page-background-meta":{"desktop":{"background-color":"var(--ast-global-color-4)","background-image":"","background-repeat":"repeat","background-position":"center center","background-size":"auto","background-attachment":"scroll","background-type":"","background-media":"","overlay-type":"","overlay-color":"","overlay-gradient":""},"tablet":{"background-color":"","background-image":"","background-repeat":"repeat","background-position":"center center","background-size":"auto","background-attachment":"scroll","background-type":"","background-media":"","overlay-type":"","overlay-color":"","overlay-gradient":""},"mobile":{"background-color":"","background-image":"","background-repeat":"repeat","background-position":"center center","background-size":"auto","background-attachment":"scroll","background-type":"","background-media":"","overlay-type":"","overlay-color":"","overlay-gradient":""}},"ast-content-background-meta":{"desktop":{"background-color":"var(--ast-global-color-5)","background-image":"","background-repeat":"repeat","background-position":"center center","background-size":"auto","background-attachment":"scroll","background-type":"","background-media":"","overlay-type":"","overlay-color":"","overlay-gradient":""},"tablet":{"background-color":"var(--ast-global-color-5)","background-image":"","background-repeat":"repeat","background-position":"center center","background-size":"auto","background-attachment":"scroll","background-type":"","background-media":"","overlay-type":"","overlay-color":"","overlay-gradient":""},"mobile":{"background-color":"var(--ast-global-color-5)","background-image":"","background-repeat":"repeat","background-position":"center center","background-size":"auto","background-attachment":"scroll","background-type":"","background-media":"","overlay-type":"","overlay-color":"","overlay-gradient":""}}},"product_brand":[],"product_cat":[340],"product_tag":[344],"class_list":{"0":"post-5494","1":"product","2":"type-product","3":"status-publish","4":"has-post-thumbnail","6":"product_cat-motorcycle-bags","7":"product_tag-motorcycle-leg-bag","8":"desktop-align-center","9":"tablet-align-left","10":"mobile-align-left","12":"first","13":"instock","14":"shipping-taxable","15":"product-type-simple"},"_links":{"self":[{"href":"https:\/\/baosikai.com\/fr\/wp-json\/wp\/v2\/product\/5494","targetHints":{"allow":["GET"]}}],"collection":[{"href":"https:\/\/baosikai.com\/fr\/wp-json\/wp\/v2\/product"}],"about":[{"href":"https:\/\/baosikai.com\/fr\/wp-json\/wp\/v2\/types\/product"}],"wp:featuredmedia":[{"embeddable":true,"href":"https:\/\/baosikai.com\/fr\/wp-json\/wp\/v2\/media\/5572"}],"wp:attachment":[{"href":"https:\/\/baosikai.com\/fr\/wp-json\/wp\/v2\/media?parent=5494"}],"wp:term":[{"taxonomy":"product_brand","embeddable":true,"href":"https:\/\/baosikai.com\/fr\/wp-json\/wp\/v2\/product_brand?post=5494"},{"taxonomy":"product_cat","embeddable":true,"href":"https:\/\/baosikai.com\/fr\/wp-json\/wp\/v2\/product_cat?post=5494"},{"taxonomy":"product_tag","embeddable":true,"href":"https:\/\/baosikai.com\/fr\/wp-json\/wp\/v2\/product_tag?post=5494"}],"curies":[{"name":"wp","href":"https:\/\/api.w.org\/{rel}","templated":true}]}}