{"id":954,"date":"2024-04-15T09:16:01","date_gmt":"2024-04-15T09:16:01","guid":{"rendered":"http:\/\/baosikai.com\/?post_type=product&#038;p=954"},"modified":"2024-06-27T08:32:15","modified_gmt":"2024-06-27T08:32:15","slug":"nylon-waterproof-hiking-fishing-hunting-backpack","status":"publish","type":"product","link":"https:\/\/baosikai.com\/fr\/produit\/nylon-waterproof-hiking-fishing-hunting-backpack\/","title":{"rendered":"Sac \u00e0 dos en nylon imperm\u00e9able pour la randonn\u00e9e, la p\u00eache et la chasse"},"content":{"rendered":"<p>Concernant le remplacement de l'\u00e9cusson du drapeau.<br \/>En g\u00e9n\u00e9ral, les commandes provenant de pays russes seront pr\u00e9sent\u00e9es avec des drapeaux russes, les pays br\u00e9siliens seront pr\u00e9sent\u00e9s avec des drapeaux br\u00e9siliens, les employ\u00e9s des entrep\u00f4ts seront remplac\u00e9s par d\u00e9faut, et les autres pays seront pr\u00e9sent\u00e9s avec des drapeaux am\u00e9ricains par d\u00e9faut. Toutefois, il n'est pas exclu que le remplacement individuel soit omis. Nous vous prions de bien vouloir comprendre.<br \/>Note aux grossistes :<br \/>1 : Nous sommes une usine depuis plus de 6 ans, nous acceptons une petite quantit\u00e9 de mod\u00e8les ou de logos personnalis\u00e9s,<br \/>\n2 : Nous offrons le Dropshipping, nous ne mettrons pas de factures et de documents promotionnels. Plus de 95% dans les 12 heures ont le code de suivi et mettre \u00e0 jour les informations de suivi dans les 48 heures (\u00e0 l'exclusion des jours f\u00e9ri\u00e9s).<br \/>\n3 : Si vous \u00eates un grossiste, n'h\u00e9sitez pas \u00e0 nous contacter. Nous ferons de notre mieux pour vous aider \u00e0 r\u00e9soudre le probl\u00e8me.<br \/>\n4 : si vous \u00eates Drop shipping, n'h\u00e9sitez pas \u00e0 distribuer nos produits, contactez-nous, nous pouvons vous proposer des vid\u00e9os, des photos.<br \/>\nStyle : Sport<br \/>\nMati\u00e8re : Nylon 1000D<br \/>\nCouleur : kaki, gris, camouflage, vert, noir, vert camouflage,<br \/>\nCapacit\u00e9 : 50L\/30L, Taille : 50*30*30cm\/45cm*25cm*23cm<br \/>\nIl comprend un compartiment principal spacieux avec fermeture \u00e0 glissi\u00e8re, une poche int\u00e9rieure zipp\u00e9e et une poche en filet. Compartiments de rangement zipp\u00e9s \u00e0 l'avant. Poign\u00e9e sup\u00e9rieure. Bretelles matelass\u00e9es et r\u00e9glables.<br \/>\nSangles de compression lat\u00e9rales.<br \/>\nCeinture de poitrine et ceinture de hanches r\u00e9glables et amovibles.<br \/>\nSupport en maille respirante pour plus de confort.<br \/>\nPatches sur le dos pour la compatibilit\u00e9 avec l'hydratation 2L.<br \/>\nSp\u00e9cifications :<br \/>\nType d'article : Sacs \u00e0 dos<br \/>\nSacs \u00e0 dos Type : Livre souple<br \/>\nUtilisation du sac \u00e0 dos : Camping normal et randonn\u00e9e<br \/>\nGenre : Unisexe<br \/>\nType de fermeture : Fermeture \u00e0 glissi\u00e8re<br \/>\nType de motif : Solide<br \/>\nOccasion : Ext\u00e9rieur<br \/>\nListe de colis :<br \/>\n1 X Sac \u00e0 dos d'ext\u00e9rieur<\/p>","protected":false},"excerpt":{"rendered":"<p>About replacing the flag patch.In general, orders from Russian countries will be presented with Russian flags, Brazilian countries will be [&hellip;]<\/p>","protected":false},"featured_media":1051,"template":"","meta":{"site-sidebar-layout":"default","site-content-layout":"","ast-site-content-layout":"","site-content-style":"default","site-sidebar-style":"default","ast-global-header-display":"","ast-banner-title-visibility":"","ast-main-header-display":"","ast-hfb-above-header-display":"","ast-hfb-below-header-display":"","ast-hfb-mobile-header-display":"","site-post-title":"","ast-breadcrumbs-content":"","ast-featured-img":"","footer-sml-layout":"","theme-transparent-header-meta":"","adv-header-id-meta":"","stick-header-meta":"","header-above-stick-meta":"","header-main-stick-meta":"","header-below-stick-meta":"","astra-migrate-meta-layouts":"default","ast-page-background-enabled":"default","ast-page-background-meta":{"desktop":{"background-color":"var(--ast-global-color-4)","background-image":"","background-repeat":"repeat","background-position":"center center","background-size":"auto","background-attachment":"scroll","background-type":"","background-media":"","overlay-type":"","overlay-color":"","overlay-gradient":""},"tablet":{"background-color":"","background-image":"","background-repeat":"repeat","background-position":"center center","background-size":"auto","background-attachment":"scroll","background-type":"","background-media":"","overlay-type":"","overlay-color":"","overlay-gradient":""},"mobile":{"background-color":"","background-image":"","background-repeat":"repeat","background-position":"center center","background-size":"auto","background-attachment":"scroll","background-type":"","background-media":"","overlay-type":"","overlay-color":"","overlay-gradient":""}},"ast-content-background-meta":{"desktop":{"background-color":"var(--ast-global-color-5)","background-image":"","background-repeat":"repeat","background-position":"center center","background-size":"auto","background-attachment":"scroll","background-type":"","background-media":"","overlay-type":"","overlay-color":"","overlay-gradient":""},"tablet":{"background-color":"var(--ast-global-color-5)","background-image":"","background-repeat":"repeat","background-position":"center center","background-size":"auto","background-attachment":"scroll","background-type":"","background-media":"","overlay-type":"","overlay-color":"","overlay-gradient":""},"mobile":{"background-color":"var(--ast-global-color-5)","background-image":"","background-repeat":"repeat","background-position":"center center","background-size":"auto","background-attachment":"scroll","background-type":"","background-media":"","overlay-type":"","overlay-color":"","overlay-gradient":""}}},"product_brand":[],"product_cat":[22],"product_tag":[],"class_list":{"0":"post-954","1":"product","2":"type-product","3":"status-publish","4":"has-post-thumbnail","6":"product_cat-backpacks","7":"pa_color-acu-grey-30l","8":"pa_color-acu-grey-50l","9":"pa_color-black-30l","10":"pa_color-black-50l","11":"pa_color-camouflagegreen30l","12":"pa_color-camouflagegreen50l","13":"pa_color-cpblack-50l","14":"pa_color-green-30l","15":"pa_color-green-50l","16":"pa_color-khaki-30l","17":"pa_color-khaki-50l","18":"pa_ships-from-brazil","19":"pa_ships-from-china","20":"pa_ships-from-russian-federation","21":"pa_ships-from-spain","22":"pa_ships-from-united-states","23":"desktop-align-center","24":"tablet-align-left","25":"mobile-align-left","27":"first","28":"instock","29":"shipping-taxable","30":"purchasable","31":"product-type-variable"},"_links":{"self":[{"href":"https:\/\/baosikai.com\/fr\/wp-json\/wp\/v2\/product\/954","targetHints":{"allow":["GET"]}}],"collection":[{"href":"https:\/\/baosikai.com\/fr\/wp-json\/wp\/v2\/product"}],"about":[{"href":"https:\/\/baosikai.com\/fr\/wp-json\/wp\/v2\/types\/product"}],"wp:featuredmedia":[{"embeddable":true,"href":"https:\/\/baosikai.com\/fr\/wp-json\/wp\/v2\/media\/1051"}],"wp:attachment":[{"href":"https:\/\/baosikai.com\/fr\/wp-json\/wp\/v2\/media?parent=954"}],"wp:term":[{"taxonomy":"product_brand","embeddable":true,"href":"https:\/\/baosikai.com\/fr\/wp-json\/wp\/v2\/product_brand?post=954"},{"taxonomy":"product_cat","embeddable":true,"href":"https:\/\/baosikai.com\/fr\/wp-json\/wp\/v2\/product_cat?post=954"},{"taxonomy":"product_tag","embeddable":true,"href":"https:\/\/baosikai.com\/fr\/wp-json\/wp\/v2\/product_tag?post=954"}],"curies":[{"name":"wp","href":"https:\/\/api.w.org\/{rel}","templated":true}]}}