{"id":957,"date":"2024-04-15T09:16:05","date_gmt":"2024-04-15T09:16:05","guid":{"rendered":"http:\/\/baosikai.com\/?post_type=product&#038;p=957"},"modified":"2024-06-27T08:30:22","modified_gmt":"2024-06-27T08:30:22","slug":"women-casual-puffer-knapsack-large-capacity-diamond-lattice-backpacks","status":"publish","type":"product","link":"https:\/\/baosikai.com\/fr\/produit\/women-casual-puffer-knapsack-large-capacity-diamond-lattice-backpacks\/","title":{"rendered":"Sac \u00e0 dos \u00e0 pochettes d\u00e9contract\u00e9es pour femmes Grande capacit\u00e9 Sac \u00e0 dos en treillis de diamants"},"content":{"rendered":"<p>Femmes Casual Puffer Knapsack Large Capacity Padded Backpack Solid Color Quilted Laptop Backpack Soft for Travel Working Vacation<br \/>\n\tCaract\u00e9ristiques :<br \/>\n\t1. durable et confortable : Notre sac \u00e0 dos polaire d\u00e9contract\u00e9 est fabriqu\u00e9 en coton de haute qualit\u00e9, ce qui lui conf\u00e8re une grande durabilit\u00e9 et une sensation de confort. Il r\u00e9siste \u00e0 l'usure quotidienne, ce qui en fait un compagnon fiable pour vos activit\u00e9s de tous les jours. La texture douce et confortable am\u00e9liore le confort, vous permettant de le porter avec aisance.<br \/>\n2. beaucoup d'espace pour les objets essentiels : Avec des dimensions de 370.00\u00d7280.00\u00d7120.00mm\/14.57\u00d711.02\u00d74.72inch, notre cartable scolaire offre suffisamment d'espace pour accueillir votre portefeuille, votre t\u00e9l\u00e9phone, vos lunettes, vos cl\u00e9s et d'autres petits objets. Il a une grande capacit\u00e9 qui peut facilement contenir des livres de taille A4, ce qui le rend id\u00e9al pour les \u00e9tudiants.<br \/>\n3. design pratique et \u00e9l\u00e9gant : Notre sac de jour pour adolescents pr\u00e9sente un design pratique qui r\u00e9pond \u00e0 vos besoins. Il comprend des compartiments et des poches bien con\u00e7us pour une organisation efficace de vos affaires. L'ext\u00e9rieur \u00e9l\u00e9gant ajoute une touche de mode, ce qui le rend adapt\u00e9 \u00e0 diverses occasions. Que vous alliez faire du shopping, vous rendre au travail, voyager ou assister \u00e0 des \u00e9v\u00e9nements, ce sac \u00e0 dos allie sans effort style et fonctionnalit\u00e9.<br \/>\n4. choix de cadeau parfait : surprenez vos enfants, ni\u00e8ces, petites-filles et amis avec ce cadeau exquis pour la rentr\u00e9e des classes, les anniversaires, P\u00e2ques ou le Nouvel An. Ce sac \u00e0 dos rembourr\u00e9 sert de sac d'\u00e9cole fonctionnel, de sac \u00e0 dos pour ordinateur portable et de compagnon de voyage d\u00e9contract\u00e9. C'est un choix de cadeau parfait qui offre \u00e0 la fois praticit\u00e9 et style.<br \/>\n5. polyvalent pour diverses occasions : Notre sac \u00e0 dos en treillis de diamants est con\u00e7u pour convenir \u00e0 diff\u00e9rentes occasions et \u00e0 diff\u00e9rents styles de vie. Que vous fassiez du shopping, que vous vous rendiez au travail, que vous voyagiez, que vous partiez en vacances, que vous assistiez \u00e0 des r\u00e9unions ou que vous alliez \u00e0 l'\u00e9cole, ce sac \u00e0 dos s'adapte \u00e0 vos besoins. Son int\u00e9rieur spacieux et ses compartiments bien pens\u00e9s permettent une organisation efficace et un acc\u00e8s facile \u00e0 vos affaires.<br \/>\n Sp\u00e9cification :<br \/>\nOrigine : Chine continentale Chine continentale<br \/>\nMati\u00e8re : Veste en coton<br \/>\nTaille du produit : 370.00 X280.00 X120.00 Mm \/ 14.57 X11.02 X4.72 Inch<br \/>\nUtilisation : \u00e9paule simple, main, \u00e9paule double<br \/>\nMode de fermeture : Fermeture \u00e0 glissi\u00e8re<br \/>\nRemarque : la bandouli\u00e8re est r\u00e9glable<br \/>\nLieu d'origine : Hebei<\/p>\n<p>\tRemarque :<br \/>\nEn raison de la diversit\u00e9 des \u00e9crans et de l'effet de la lumi\u00e8re, la couleur r\u00e9elle de l'article peut \u00eatre l\u00e9g\u00e8rement diff\u00e9rente de celle qui appara\u00eet sur les photos. Nous vous remercions de votre attention.<br \/>\nVeuillez tenir compte d'un \u00e9cart de 1 \u00e0 2 cm d\u00fb aux mesures manuelles.<\/p>\n<p>Emballages :<br \/>1x sac \u00e0 dos<br \/> <br \/>\n            1. Il n'y a pas de stock limit\u00e9 pour r\u00e9pondre aux commandes quotidiennes.<br \/>\n      2. Pour les USA\/CA \/RU, l'exp\u00e9dition est rapide.<br \/>\n      3. Livraison prioritaire, livraison rapide en 48 heures.<br \/>\n      4. Pas de facture, de re\u00e7u ou de mat\u00e9riel promotionnel.\n  <\/p>","protected":false},"excerpt":{"rendered":"<p>Women Casual Puffer Knapsack Large Capacity Padded Backpack Solid Color Quilted Laptop Backpack Soft for Travel Working Vacation Features: 1.Durable [&hellip;]<\/p>","protected":false},"featured_media":1216,"template":"","meta":{"site-sidebar-layout":"default","site-content-layout":"","ast-site-content-layout":"","site-content-style":"default","site-sidebar-style":"default","ast-global-header-display":"","ast-banner-title-visibility":"","ast-main-header-display":"","ast-hfb-above-header-display":"","ast-hfb-below-header-display":"","ast-hfb-mobile-header-display":"","site-post-title":"","ast-breadcrumbs-content":"","ast-featured-img":"","footer-sml-layout":"","theme-transparent-header-meta":"","adv-header-id-meta":"","stick-header-meta":"","header-above-stick-meta":"","header-main-stick-meta":"","header-below-stick-meta":"","astra-migrate-meta-layouts":"default","ast-page-background-enabled":"default","ast-page-background-meta":{"desktop":{"background-color":"var(--ast-global-color-4)","background-image":"","background-repeat":"repeat","background-position":"center center","background-size":"auto","background-attachment":"scroll","background-type":"","background-media":"","overlay-type":"","overlay-color":"","overlay-gradient":""},"tablet":{"background-color":"","background-image":"","background-repeat":"repeat","background-position":"center center","background-size":"auto","background-attachment":"scroll","background-type":"","background-media":"","overlay-type":"","overlay-color":"","overlay-gradient":""},"mobile":{"background-color":"","background-image":"","background-repeat":"repeat","background-position":"center center","background-size":"auto","background-attachment":"scroll","background-type":"","background-media":"","overlay-type":"","overlay-color":"","overlay-gradient":""}},"ast-content-background-meta":{"desktop":{"background-color":"var(--ast-global-color-5)","background-image":"","background-repeat":"repeat","background-position":"center center","background-size":"auto","background-attachment":"scroll","background-type":"","background-media":"","overlay-type":"","overlay-color":"","overlay-gradient":""},"tablet":{"background-color":"var(--ast-global-color-5)","background-image":"","background-repeat":"repeat","background-position":"center center","background-size":"auto","background-attachment":"scroll","background-type":"","background-media":"","overlay-type":"","overlay-color":"","overlay-gradient":""},"mobile":{"background-color":"var(--ast-global-color-5)","background-image":"","background-repeat":"repeat","background-position":"center center","background-size":"auto","background-attachment":"scroll","background-type":"","background-media":"","overlay-type":"","overlay-color":"","overlay-gradient":""}}},"product_brand":[],"product_cat":[22],"product_tag":[],"class_list":{"0":"post-957","1":"product","2":"type-product","3":"status-publish","4":"has-post-thumbnail","6":"product_cat-backpacks","7":"pa_color-black","8":"pa_color-green","9":"pa_color-khaki","10":"pa_color-orange","11":"pa_color-white","12":"pa_ships-from-china","13":"desktop-align-center","14":"tablet-align-left","15":"mobile-align-left","17":"first","18":"instock","19":"shipping-taxable","20":"purchasable","21":"product-type-variable"},"_links":{"self":[{"href":"https:\/\/baosikai.com\/fr\/wp-json\/wp\/v2\/product\/957","targetHints":{"allow":["GET"]}}],"collection":[{"href":"https:\/\/baosikai.com\/fr\/wp-json\/wp\/v2\/product"}],"about":[{"href":"https:\/\/baosikai.com\/fr\/wp-json\/wp\/v2\/types\/product"}],"wp:featuredmedia":[{"embeddable":true,"href":"https:\/\/baosikai.com\/fr\/wp-json\/wp\/v2\/media\/1216"}],"wp:attachment":[{"href":"https:\/\/baosikai.com\/fr\/wp-json\/wp\/v2\/media?parent=957"}],"wp:term":[{"taxonomy":"product_brand","embeddable":true,"href":"https:\/\/baosikai.com\/fr\/wp-json\/wp\/v2\/product_brand?post=957"},{"taxonomy":"product_cat","embeddable":true,"href":"https:\/\/baosikai.com\/fr\/wp-json\/wp\/v2\/product_cat?post=957"},{"taxonomy":"product_tag","embeddable":true,"href":"https:\/\/baosikai.com\/fr\/wp-json\/wp\/v2\/product_tag?post=957"}],"curies":[{"name":"wp","href":"https:\/\/api.w.org\/{rel}","templated":true}]}}