{"id":959,"date":"2024-04-15T09:16:07","date_gmt":"2024-04-15T09:16:07","guid":{"rendered":"http:\/\/baosikai.com\/?post_type=product&#038;p=959"},"modified":"2024-06-27T08:28:50","modified_gmt":"2024-06-27T08:28:50","slug":"fashion-backpacks-outdoor-casual-bags","status":"publish","type":"product","link":"https:\/\/baosikai.com\/fr\/produit\/fashion-backpacks-outdoor-casual-bags\/","title":{"rendered":"Sacs \u00e0 dos \u00e0 la mode Sacs d'ext\u00e9rieur d\u00e9contract\u00e9s"},"content":{"rendered":"<p>L'attention des clients am\u00e9ricains :<br \/>\nLorsque vous s\u00e9lectionnez \"Ship From United States\", les adresses suivantes ne seront pas livr\u00e9es : Hawa\u00ef, Alaska, Porto Rico, Guam, APO, DPO, FPO, etc. Nous vous recommandons de choisir l'option \"Exp\u00e9dition depuis la Chine\".<br \/>\nClients de l'Espagne \u00e0 l'assistance :<br \/>\nLorsque vous s\u00e9lectionnez \"Enviar desde Espa\u00c3\u00b1a\", le service d'envoi n'est pas disponible pour les envois postaux suivants :<br \/>\n35000-35999<br \/>\n38000-38999<br \/>\nIl est recommand\u00e9 d'utiliser l'option \"Enviar desde China\". \u00c2\u00a1Gracias ! ! ! <br \/>(BLANC\/Noir\/PURPLE\/Beige)-Sac \u00e0 dos style BCBG<br \/>\nFashion Women Solid Color Backpack Female Casual Nylon Knapsack Preppy Style School Travel Mini Rucksacks<br \/>\nFonctionnalit\u00e9 :<br \/>\nSac \u00e0 dos f\u00e9minin.<br \/>\nMati\u00e8re nylon, couleurs pures.<br \/>\nModerne, \u00e9l\u00e9gant et durable.<\/p>\n<p>Sp\u00e9cification :<br \/>\nNom du produit : Mini sac \u00e0 dos en nylon de couleur unie \u00e0 la mode, sac \u00e0 dos de voyage<br \/>\nMat\u00e9riau principal : nylon<br \/>\nTaille : 230*180*90mm\/9.06*7.09*3.54\u2033 ; longueur de la bandouli\u00e8re 80cm\/31.5\u2033.<br \/>\n(Les bretelles ne sont pas r\u00e9glables).<br \/>\nAdapt\u00e9 au public : femmes, enfants<br \/>\nNombre de bretelles : double<br \/>\nM\u00e9thode de fermeture : fermeture \u00e0 glissi\u00e8re<br \/>\nMotif : uni<br \/>\nOccasion : quotidien, loisirs, shopping, voyage<br \/>\nFonction : sac \u00e0 bandouli\u00e8re, sac \u00e0 main, sac \u00e0 dos<br \/>\nCouleur : blanc, noir, violet, beige<\/p>\n<p>Remarque :<br \/>\nEn raison de la diversit\u00e9 des \u00e9crans et de l'effet de la lumi\u00e8re, la couleur r\u00e9elle de l'article peut \u00eatre l\u00e9g\u00e8rement diff\u00e9rente de celle qui appara\u00eet sur les photos. Nous vous remercions de votre attention.<br \/>\nVeuillez tenir compte d'un \u00e9cart de 1 \u00e0 2 cm d\u00fb aux mesures manuelles.<br \/>\n<br \/> <br \/>\nEmballages : <br \/>Produit inclus<br \/>\nWHITE\uff1a1 X Sac \u00e0 dos pour femmes<br \/>\nnoir\uff1a1 X Sac \u00e0 dos pour femmes<br \/>\nPURPLE\uff1a1 X Sac \u00e0 dos pour femmes<br \/>\nBeige\uff1a1 X Sac \u00e0 dos pour femmes<br \/>\n<br \/>1. Tous les articles sont v\u00e9rifi\u00e9s et bien emball\u00e9s avant d'\u00eatre envoy\u00e9s. Les articles seront exp\u00e9di\u00e9s dans les 3 \u00e0 7 jours ouvrables suivant le paiement de la commande par le client. Parce que nous avons des milliers de commandes chaque jour. Nous devons organiser l'exp\u00e9dition commande par commande. Nous vous enverrons les produits le plus rapidement possible. 2. Nous n'exp\u00e9dions qu'\u00e0 l'adresse de commande confirm\u00e9e. L'adresse de commande doit correspondre \u00e0 l'adresse d'exp\u00e9dition. 3. Le d\u00e9lai de livraison est g\u00e9n\u00e9ralement de 20 \u00e0 60 jours ouvrables (pour les r\u00e9gions \u00e9loign\u00e9es, il peut \u00eatre un peu plus long), mais vous pouvez choisir DHL Express pour r\u00e9duire le d\u00e9lai de livraison si vous avez besoin de votre commande de toute urgence. 4. Si vous ne recevez pas votre commande dans les 60 jours ouvrables, n'h\u00e9sitez pas \u00e0 nous contacter avant de laisser un avis n\u00e9gatif, nous ferons de notre mieux pour vous aider \u00e0 r\u00e9soudre le probl\u00e8me.<br \/>1. Si vous n'\u00eates pas satisfait de l'article lorsque vous le recevez, veuillez le retourner dans les 10 jours pour un remplacement ou un remboursement. 2. Tous les articles retourn\u00e9s doivent \u00eatre dans leur emballage d'origine et vous devez nous fournir le num\u00e9ro de suivi de l'exp\u00e9dition et la raison sp\u00e9cifique du retour. 3. Nous vous rembourserons int\u00e9gralement, apr\u00e8s r\u00e9ception de l'article dans son \u00e9tat et son emballage d'origine, avec tous les composants et accessoires inclus. 4. Si l'article est endommag\u00e9 pendant le transport ou ne peut pas \u00eatre utilis\u00e9 normalement, veuillez nous contacter avec des photos r\u00e9elles de l'article et nous vous rembourserons.<br \/>1. Nous maintenons des normes d'excellence \u00e9lev\u00e9es et nous nous effor\u00e7ons de satisfaire nos clients \u00e0 100%. Votre satisfaction est notre premi\u00e8re priorit\u00e9 ! 2. Si vous recevez votre commande et qu'elle est en bon \u00e9tat, nous vous serions reconnaissants de laisser un commentaire positif de 5 \u00e9toiles pour la transaction. 3. Dans le cas contraire, nous vous serions reconnaissants de nous contacter avant de laisser un commentaire de 1 \u00e0 3 \u00e9toiles, nous nous ferons un plaisir de trouver une solution satisfaisante.<\/p>","protected":false},"excerpt":{"rendered":"<p>The United States customers attention: When you select &#8220;Ship From United States&#8221;, the following addresses will not provide delivery service: [&hellip;]<\/p>","protected":false},"featured_media":1286,"template":"","meta":{"site-sidebar-layout":"default","site-content-layout":"","ast-site-content-layout":"","site-content-style":"default","site-sidebar-style":"default","ast-global-header-display":"","ast-banner-title-visibility":"","ast-main-header-display":"","ast-hfb-above-header-display":"","ast-hfb-below-header-display":"","ast-hfb-mobile-header-display":"","site-post-title":"","ast-breadcrumbs-content":"","ast-featured-img":"","footer-sml-layout":"","theme-transparent-header-meta":"","adv-header-id-meta":"","stick-header-meta":"","header-above-stick-meta":"","header-main-stick-meta":"","header-below-stick-meta":"","astra-migrate-meta-layouts":"default","ast-page-background-enabled":"default","ast-page-background-meta":{"desktop":{"background-color":"var(--ast-global-color-4)","background-image":"","background-repeat":"repeat","background-position":"center center","background-size":"auto","background-attachment":"scroll","background-type":"","background-media":"","overlay-type":"","overlay-color":"","overlay-gradient":""},"tablet":{"background-color":"","background-image":"","background-repeat":"repeat","background-position":"center center","background-size":"auto","background-attachment":"scroll","background-type":"","background-media":"","overlay-type":"","overlay-color":"","overlay-gradient":""},"mobile":{"background-color":"","background-image":"","background-repeat":"repeat","background-position":"center center","background-size":"auto","background-attachment":"scroll","background-type":"","background-media":"","overlay-type":"","overlay-color":"","overlay-gradient":""}},"ast-content-background-meta":{"desktop":{"background-color":"var(--ast-global-color-5)","background-image":"","background-repeat":"repeat","background-position":"center center","background-size":"auto","background-attachment":"scroll","background-type":"","background-media":"","overlay-type":"","overlay-color":"","overlay-gradient":""},"tablet":{"background-color":"var(--ast-global-color-5)","background-image":"","background-repeat":"repeat","background-position":"center center","background-size":"auto","background-attachment":"scroll","background-type":"","background-media":"","overlay-type":"","overlay-color":"","overlay-gradient":""},"mobile":{"background-color":"var(--ast-global-color-5)","background-image":"","background-repeat":"repeat","background-position":"center center","background-size":"auto","background-attachment":"scroll","background-type":"","background-media":"","overlay-type":"","overlay-color":"","overlay-gradient":""}}},"product_brand":[],"product_cat":[22],"product_tag":[],"class_list":{"0":"post-959","1":"product","2":"type-product","3":"status-publish","4":"has-post-thumbnail","6":"product_cat-backpacks","7":"pa_color-beige","8":"pa_color-black","9":"pa_color-purple","10":"pa_color-white","11":"pa_ships-from-china","12":"desktop-align-center","13":"tablet-align-left","14":"mobile-align-left","16":"first","17":"instock","18":"shipping-taxable","19":"purchasable","20":"product-type-variable"},"_links":{"self":[{"href":"https:\/\/baosikai.com\/fr\/wp-json\/wp\/v2\/product\/959","targetHints":{"allow":["GET"]}}],"collection":[{"href":"https:\/\/baosikai.com\/fr\/wp-json\/wp\/v2\/product"}],"about":[{"href":"https:\/\/baosikai.com\/fr\/wp-json\/wp\/v2\/types\/product"}],"wp:featuredmedia":[{"embeddable":true,"href":"https:\/\/baosikai.com\/fr\/wp-json\/wp\/v2\/media\/1286"}],"wp:attachment":[{"href":"https:\/\/baosikai.com\/fr\/wp-json\/wp\/v2\/media?parent=959"}],"wp:term":[{"taxonomy":"product_brand","embeddable":true,"href":"https:\/\/baosikai.com\/fr\/wp-json\/wp\/v2\/product_brand?post=959"},{"taxonomy":"product_cat","embeddable":true,"href":"https:\/\/baosikai.com\/fr\/wp-json\/wp\/v2\/product_cat?post=959"},{"taxonomy":"product_tag","embeddable":true,"href":"https:\/\/baosikai.com\/fr\/wp-json\/wp\/v2\/product_tag?post=959"}],"curies":[{"name":"wp","href":"https:\/\/api.w.org\/{rel}","templated":true}]}}