{"id":960,"date":"2024-04-15T09:16:08","date_gmt":"2024-04-15T09:16:08","guid":{"rendered":"http:\/\/baosikai.com\/?post_type=product&#038;p=960"},"modified":"2024-06-27T08:27:33","modified_gmt":"2024-06-27T08:27:33","slug":"fashion-womens-nylon-backpack","status":"publish","type":"product","link":"https:\/\/baosikai.com\/fr\/produit\/fashion-womens-nylon-backpack\/","title":{"rendered":"Sac \u00e0 dos en nylon pour femmes"},"content":{"rendered":"<p>Fashion Women Solid Color Backpack Female Casual Nylon Knapsack Preppy Style School Travel Mini Rucksacks<br \/>\nFonctionnalit\u00e9 :<br \/>\nSac \u00e0 dos f\u00e9minin.<br \/>\nMati\u00e8re nylon, couleurs pures.<br \/>\nModerne, \u00e9l\u00e9gant et durable.<\/p>\n<p>Sp\u00e9cification :<br \/>\nNom du produit : Mini sac \u00e0 dos en nylon de couleur unie \u00e0 la mode, sac \u00e0 dos de voyage<br \/>\nMat\u00e9riau principal : nylon<br \/>\nTaille : 230*180*90mm\/9.06*7.09*3.54\u2033 ; longueur de la bandouli\u00e8re 80cm\/31.5\u2033.<br \/>\n(Les bretelles ne sont pas r\u00e9glables).<br \/>\nAdapt\u00e9 au public : femmes, enfants<br \/>\nNombre de bretelles : double<br \/>\nM\u00e9thode de fermeture : fermeture \u00e0 glissi\u00e8re<br \/>\nMotif : uni<br \/>\nOccasion : quotidien, loisirs, shopping, voyage<br \/>\nFonction : sac \u00e0 bandouli\u00e8re, sac \u00e0 main, sac \u00e0 dos<br \/>\nCouleur : blanc, noir, violet, beige<\/p>\n<p>Remarque :<br \/>\nEn raison de la diversit\u00e9 des \u00e9crans et de l'effet de la lumi\u00e8re, la couleur r\u00e9elle de l'article peut \u00eatre l\u00e9g\u00e8rement diff\u00e9rente de celle qui appara\u00eet sur les photos. Nous vous remercions de votre attention.<br \/>\nVeuillez tenir compte d'un \u00e9cart de 1 \u00e0 2 cm d\u00fb \u00e0 la mesure manuelle.Fashion Women Solid Color Backpack Female Casual Nylon Knapsack Preppy Style School Travel Mini Rucksacks<br \/>\nFonctionnalit\u00e9 :<br \/>\nSac \u00e0 dos f\u00e9minin.<br \/>\nMati\u00e8re nylon, couleurs pures.<br \/>\nModerne, \u00e9l\u00e9gant et durable.<\/p>\n<p>Sp\u00e9cification :<br \/>\nNom du produit : Mini sac \u00e0 dos en nylon de couleur unie \u00e0 la mode, sac \u00e0 dos de voyage<br \/>\nMat\u00e9riau principal : nylon<br \/>\nTaille : 230*180*90mm\/9.06*7.09*3.54\u2033 ; longueur de la bandouli\u00e8re 80cm\/31.5\u2033.<br \/>\n(Les bretelles ne sont pas r\u00e9glables).<br \/>\nAdapt\u00e9 au public : femmes, enfants<br \/>\nNombre de bretelles : double<br \/>\nM\u00e9thode de fermeture : fermeture \u00e0 glissi\u00e8re<br \/>\nMotif : uni<br \/>\nOccasion : quotidien, loisirs, shopping, voyage<br \/>\nFonction : sac \u00e0 bandouli\u00e8re, sac \u00e0 main, sac \u00e0 dos<br \/>\nCouleur : blanc, noir, violet, beige<\/p>\n<p>Remarque :<br \/>\nEn raison de la diversit\u00e9 des \u00e9crans et de l'effet de la lumi\u00e8re, la couleur r\u00e9elle de l'article peut \u00eatre l\u00e9g\u00e8rement diff\u00e9rente de celle qui appara\u00eet sur les photos. Nous vous remercions de votre attention.<br \/>\nVeuillez tenir compte d'un \u00e9cart de 1 \u00e0 2 cm d\u00fb \u00e0 la mesure manuelle.Fashion Women Solid Color Backpack Female Casual Nylon Knapsack Preppy Style School Travel Mini Rucksacks<br \/>\nFonctionnalit\u00e9 :<br \/>\nSac \u00e0 dos f\u00e9minin.<br \/>\nMati\u00e8re nylon, couleurs pures.<br \/>\nModerne, \u00e9l\u00e9gant et durable.<\/p>\n<p>Sp\u00e9cification :<br \/>\nNom du produit : Mini sac \u00e0 dos en nylon de couleur unie \u00e0 la mode, sac \u00e0 dos de voyage<br \/>\nMat\u00e9riau principal : nylon<br \/>\nTaille : 230*180*90mm\/9.06*7.09*3.54\u2033 ; longueur de la bandouli\u00e8re 80cm\/31.5\u2033.<br \/>\n(Les bretelles ne sont pas r\u00e9glables).<br \/>\nAdapt\u00e9 au public : femmes, enfants<br \/>\nNombre de bretelles : double<br \/>\nM\u00e9thode de fermeture : fermeture \u00e0 glissi\u00e8re<br \/>\nMotif : uni<br \/>\nOccasion : quotidien, loisirs, shopping, voyage<br \/>\nFonction : sac \u00e0 bandouli\u00e8re, sac \u00e0 main, sac \u00e0 dos<br \/>\nCouleur : blanc, noir, violet, beige<\/p>\n<p>Remarque :<br \/>\nEn raison de la diversit\u00e9 des \u00e9crans et de l'effet de la lumi\u00e8re, la couleur r\u00e9elle de l'article peut \u00eatre l\u00e9g\u00e8rement diff\u00e9rente de celle qui appara\u00eet sur les photos. Nous vous remercions de votre attention.<br \/>\nVeuillez tenir compte d'un \u00e9cart de 1 \u00e0 2 cm d\u00fb \u00e0 la mesure manuelle.Fashion Women Solid Color Backpack Female Casual Nylon Knapsack Preppy Style School Travel Mini Rucksacks<br \/>\nFonctionnalit\u00e9 :<br \/>\nSac \u00e0 dos f\u00e9minin.<br \/>\nMati\u00e8re nylon, couleurs pures.<br \/>\nModerne, \u00e9l\u00e9gant et durable.<\/p>\n<p>Sp\u00e9cification :<br \/>\nNom du produit : Mini sac \u00e0 dos en nylon de couleur unie \u00e0 la mode, sac \u00e0 dos de voyage<br \/>\nMat\u00e9riau principal : nylon<br \/>\nTaille : 230*180*90mm\/9.06*7.09*3.54\u2033 ; longueur de la bandouli\u00e8re 80cm\/31.5\u2033.<br \/>\n(Les bretelles ne sont pas r\u00e9glables).<br \/>\nAdapt\u00e9 au public : femmes, enfants<br \/>\nNombre de bretelles : double<br \/>\nM\u00e9thode de fermeture : fermeture \u00e0 glissi\u00e8re<br \/>\nMotif : uni<br \/>\nOccasion : quotidien, loisirs, shopping, voyage<br \/>\nFonction : sac \u00e0 bandouli\u00e8re, sac \u00e0 main, sac \u00e0 dos<br \/>\nCouleur : blanc, noir, violet, beige<\/p>\n<p>Remarque :<br \/>\nEn raison de la diversit\u00e9 des \u00e9crans et de l'effet de la lumi\u00e8re, la couleur r\u00e9elle de l'article peut \u00eatre l\u00e9g\u00e8rement diff\u00e9rente de celle qui appara\u00eet sur les photos. Nous vous remercions de votre attention.<br \/>\nVeuillez tenir compte d'un \u00e9cart de 1 \u00e0 2 cm d\u00fb \u00e0 la mesure manuelle.Fashion Women Solid Color Backpack Female Casual Nylon Knapsack Preppy Style School Travel Mini Rucksacks<br \/>\nFonctionnalit\u00e9 :<br \/>\nSac \u00e0 dos f\u00e9minin.<br \/>\nMati\u00e8re nylon, couleurs pures.<br \/>\nModerne, \u00e9l\u00e9gant et durable.<\/p>\n<p>Sp\u00e9cification :<br \/>\nNom du produit : Mini sac \u00e0 dos en nylon de couleur unie \u00e0 la mode, sac \u00e0 dos de voyage<br \/>\nMat\u00e9riau principal : nylon<br \/>\nTaille : 230*180*90mm\/9.06*7.09*3.54\u2033 ; longueur de la bandouli\u00e8re 80cm\/31.5\u2033.<br \/>\n(Les bretelles ne sont pas r\u00e9glables).<br \/>\nAdapt\u00e9 au public : femmes, enfants<br \/>\nNombre de bretelles : double<br \/>\nM\u00e9thode de fermeture : fermeture \u00e0 glissi\u00e8re<br \/>\nMotif : uni<br \/>\nOccasion : quotidien, loisirs, shopping, voyage<br \/>\nFonction : sac \u00e0 bandouli\u00e8re, sac \u00e0 main, sac \u00e0 dos<br \/>\nCouleur : blanc, noir, violet, beige<\/p>\n<p>Remarque :<br \/>\nEn raison de la diversit\u00e9 des \u00e9crans et de l'effet de la lumi\u00e8re, la couleur r\u00e9elle de l'article peut \u00eatre l\u00e9g\u00e8rement diff\u00e9rente de celle qui appara\u00eet sur les photos. Nous vous remercions de votre attention.<br \/>\nVeuillez tenir compte d'un \u00e9cart de 1 \u00e0 2 cm d\u00fb aux mesures manuelles.<br \/>1 X Femmes Sac \u00e0 dos1 X Femmes Sac \u00e0 dos1 X Femmes Sac \u00e0 dos1 X Femmes Sac \u00e0 dos1 X Femmes Sac \u00e0 dos<\/p>","protected":false},"excerpt":{"rendered":"<p>Fashion Women Solid Color Backpack Female Casual Nylon Knapsack Preppy Style School Travel Mini Rucksacks Feature: Female backpack. Nylon material, [&hellip;]<\/p>","protected":false},"featured_media":1323,"template":"","meta":{"site-sidebar-layout":"default","site-content-layout":"","ast-site-content-layout":"","site-content-style":"default","site-sidebar-style":"default","ast-global-header-display":"","ast-banner-title-visibility":"","ast-main-header-display":"","ast-hfb-above-header-display":"","ast-hfb-below-header-display":"","ast-hfb-mobile-header-display":"","site-post-title":"","ast-breadcrumbs-content":"","ast-featured-img":"","footer-sml-layout":"","theme-transparent-header-meta":"","adv-header-id-meta":"","stick-header-meta":"","header-above-stick-meta":"","header-main-stick-meta":"","header-below-stick-meta":"","astra-migrate-meta-layouts":"default","ast-page-background-enabled":"default","ast-page-background-meta":{"desktop":{"background-color":"var(--ast-global-color-4)","background-image":"","background-repeat":"repeat","background-position":"center center","background-size":"auto","background-attachment":"scroll","background-type":"","background-media":"","overlay-type":"","overlay-color":"","overlay-gradient":""},"tablet":{"background-color":"","background-image":"","background-repeat":"repeat","background-position":"center center","background-size":"auto","background-attachment":"scroll","background-type":"","background-media":"","overlay-type":"","overlay-color":"","overlay-gradient":""},"mobile":{"background-color":"","background-image":"","background-repeat":"repeat","background-position":"center center","background-size":"auto","background-attachment":"scroll","background-type":"","background-media":"","overlay-type":"","overlay-color":"","overlay-gradient":""}},"ast-content-background-meta":{"desktop":{"background-color":"var(--ast-global-color-5)","background-image":"","background-repeat":"repeat","background-position":"center center","background-size":"auto","background-attachment":"scroll","background-type":"","background-media":"","overlay-type":"","overlay-color":"","overlay-gradient":""},"tablet":{"background-color":"var(--ast-global-color-5)","background-image":"","background-repeat":"repeat","background-position":"center center","background-size":"auto","background-attachment":"scroll","background-type":"","background-media":"","overlay-type":"","overlay-color":"","overlay-gradient":""},"mobile":{"background-color":"var(--ast-global-color-5)","background-image":"","background-repeat":"repeat","background-position":"center center","background-size":"auto","background-attachment":"scroll","background-type":"","background-media":"","overlay-type":"","overlay-color":"","overlay-gradient":""}}},"product_brand":[],"product_cat":[22],"product_tag":[],"class_list":{"0":"post-960","1":"product","2":"type-product","3":"status-publish","4":"has-post-thumbnail","6":"product_cat-backpacks","7":"pa_color-beige","8":"pa_color-black","9":"pa_color-purple","10":"pa_color-white","11":"pa_ships-from-china","12":"desktop-align-center","13":"tablet-align-left","14":"mobile-align-left","16":"first","17":"instock","18":"shipping-taxable","19":"purchasable","20":"product-type-variable"},"_links":{"self":[{"href":"https:\/\/baosikai.com\/fr\/wp-json\/wp\/v2\/product\/960","targetHints":{"allow":["GET"]}}],"collection":[{"href":"https:\/\/baosikai.com\/fr\/wp-json\/wp\/v2\/product"}],"about":[{"href":"https:\/\/baosikai.com\/fr\/wp-json\/wp\/v2\/types\/product"}],"wp:featuredmedia":[{"embeddable":true,"href":"https:\/\/baosikai.com\/fr\/wp-json\/wp\/v2\/media\/1323"}],"wp:attachment":[{"href":"https:\/\/baosikai.com\/fr\/wp-json\/wp\/v2\/media?parent=960"}],"wp:term":[{"taxonomy":"product_brand","embeddable":true,"href":"https:\/\/baosikai.com\/fr\/wp-json\/wp\/v2\/product_brand?post=960"},{"taxonomy":"product_cat","embeddable":true,"href":"https:\/\/baosikai.com\/fr\/wp-json\/wp\/v2\/product_cat?post=960"},{"taxonomy":"product_tag","embeddable":true,"href":"https:\/\/baosikai.com\/fr\/wp-json\/wp\/v2\/product_tag?post=960"}],"curies":[{"name":"wp","href":"https:\/\/api.w.org\/{rel}","templated":true}]}}