{"id":961,"date":"2024-04-15T09:16:09","date_gmt":"2024-04-15T09:16:09","guid":{"rendered":"http:\/\/baosikai.com\/?post_type=product&#038;p=961"},"modified":"2024-06-27T08:26:44","modified_gmt":"2024-06-27T08:26:44","slug":"travel-backpack-mountaineering-bag","status":"publish","type":"product","link":"https:\/\/baosikai.com\/fr\/produit\/travel-backpack-mountaineering-bag\/","title":{"rendered":"Sac \u00e0 dos de voyage Sac d'alpinisme"},"content":{"rendered":"<p>40L Mountaineering Bags Large-capacity Polyester Cycling Knapsack with Reflective Tape Men Women Convenient for Climbing Storage<br \/>\nFonctionnalit\u00e9 :<br \/>\n1. Facile \u00e0 transporter : Poign\u00e9e confortable, soulageant efficacement la fatigue des mains.<br \/>\n2. Fermeture \u00e0 glissi\u00e8re : Fermeture \u00e0 double glissi\u00e8re en m\u00e9tal, solide et durable, r\u00e9sistant \u00e0 l'oxydation.<br \/>\n3. Pratique : le sac est dot\u00e9 d'une poche frontale pratique et d'une poche lat\u00e9rale pratique, qui peut \u00eatre utilis\u00e9e pour ranger des boissons et d'autres articles, ce qui est pratique et pratique.<br \/>\n4. Durable : Sangle solide, supportant bien la charge et ne se cassant pas facilement.<br \/>\n5. Bande r\u00e9fl\u00e9chissante : La bande r\u00e9fl\u00e9chissante de nuit, \u00e0 haute luminosit\u00e9, peut \u00eatre vue par les autres lors des d\u00e9placements nocturnes, ce qui est plus s\u00fbr.<\/p>\n<p>Sp\u00e9cification :<br \/>\nGenre : Unisexe<br \/>\nNum\u00e9ro de mod\u00e8le : Sacs d'ext\u00e9rieur<br \/>\nFonction : Stockage<br \/>\nNom du produit : Sac d'ext\u00e9rieur<br \/>\nMat\u00e9riau du produit : Polyester<br \/>\nCouleur du produit (en option) : rouge, vert, noir, orange, bleu ciel<br \/>\nTaille du produit : About 30x19x51cm\/11.81\u00d77.48\u00d720.07inch<\/p>\n<p>Remarque :<br \/>\nEn raison de la diversit\u00e9 des \u00e9crans et de l'effet de la lumi\u00e8re, la couleur r\u00e9elle de l'article peut \u00eatre l\u00e9g\u00e8rement diff\u00e9rente de celle qui appara\u00eet sur les photos. Nous vous remercions de votre attention.<br \/>\nVeuillez tenir compte d'un \u00e9cart de 1 \u00e0 2 cm d\u00fb aux mesures manuelles.<br \/>1 x Sac d'ext\u00e9rieur<\/p>","protected":false},"excerpt":{"rendered":"<p>40L Mountaineering Bags Large-capacity Polyester Cycling Knapsack with Reflective Tape Men Women Convenient for Climbing Storage Feature: 1. Easy to [&hellip;]<\/p>","protected":false},"featured_media":1358,"template":"","meta":{"site-sidebar-layout":"default","site-content-layout":"","ast-site-content-layout":"","site-content-style":"default","site-sidebar-style":"default","ast-global-header-display":"","ast-banner-title-visibility":"","ast-main-header-display":"","ast-hfb-above-header-display":"","ast-hfb-below-header-display":"","ast-hfb-mobile-header-display":"","site-post-title":"","ast-breadcrumbs-content":"","ast-featured-img":"","footer-sml-layout":"","theme-transparent-header-meta":"","adv-header-id-meta":"","stick-header-meta":"","header-above-stick-meta":"","header-main-stick-meta":"","header-below-stick-meta":"","astra-migrate-meta-layouts":"default","ast-page-background-enabled":"default","ast-page-background-meta":{"desktop":{"background-color":"var(--ast-global-color-4)","background-image":"","background-repeat":"repeat","background-position":"center center","background-size":"auto","background-attachment":"scroll","background-type":"","background-media":"","overlay-type":"","overlay-color":"","overlay-gradient":""},"tablet":{"background-color":"","background-image":"","background-repeat":"repeat","background-position":"center center","background-size":"auto","background-attachment":"scroll","background-type":"","background-media":"","overlay-type":"","overlay-color":"","overlay-gradient":""},"mobile":{"background-color":"","background-image":"","background-repeat":"repeat","background-position":"center center","background-size":"auto","background-attachment":"scroll","background-type":"","background-media":"","overlay-type":"","overlay-color":"","overlay-gradient":""}},"ast-content-background-meta":{"desktop":{"background-color":"var(--ast-global-color-5)","background-image":"","background-repeat":"repeat","background-position":"center center","background-size":"auto","background-attachment":"scroll","background-type":"","background-media":"","overlay-type":"","overlay-color":"","overlay-gradient":""},"tablet":{"background-color":"var(--ast-global-color-5)","background-image":"","background-repeat":"repeat","background-position":"center center","background-size":"auto","background-attachment":"scroll","background-type":"","background-media":"","overlay-type":"","overlay-color":"","overlay-gradient":""},"mobile":{"background-color":"var(--ast-global-color-5)","background-image":"","background-repeat":"repeat","background-position":"center center","background-size":"auto","background-attachment":"scroll","background-type":"","background-media":"","overlay-type":"","overlay-color":"","overlay-gradient":""}}},"product_brand":[],"product_cat":[22],"product_tag":[],"class_list":{"0":"post-961","1":"product","2":"type-product","3":"status-publish","4":"has-post-thumbnail","6":"product_cat-backpacks","7":"pa_color-black","8":"pa_color-green","9":"pa_color-orange","10":"pa_color-red","11":"pa_color-sky-blue","12":"pa_ships-from-china","13":"desktop-align-center","14":"tablet-align-left","15":"mobile-align-left","17":"first","18":"instock","19":"shipping-taxable","20":"purchasable","21":"product-type-variable"},"_links":{"self":[{"href":"https:\/\/baosikai.com\/fr\/wp-json\/wp\/v2\/product\/961","targetHints":{"allow":["GET"]}}],"collection":[{"href":"https:\/\/baosikai.com\/fr\/wp-json\/wp\/v2\/product"}],"about":[{"href":"https:\/\/baosikai.com\/fr\/wp-json\/wp\/v2\/types\/product"}],"wp:featuredmedia":[{"embeddable":true,"href":"https:\/\/baosikai.com\/fr\/wp-json\/wp\/v2\/media\/1358"}],"wp:attachment":[{"href":"https:\/\/baosikai.com\/fr\/wp-json\/wp\/v2\/media?parent=961"}],"wp:term":[{"taxonomy":"product_brand","embeddable":true,"href":"https:\/\/baosikai.com\/fr\/wp-json\/wp\/v2\/product_brand?post=961"},{"taxonomy":"product_cat","embeddable":true,"href":"https:\/\/baosikai.com\/fr\/wp-json\/wp\/v2\/product_cat?post=961"},{"taxonomy":"product_tag","embeddable":true,"href":"https:\/\/baosikai.com\/fr\/wp-json\/wp\/v2\/product_tag?post=961"}],"curies":[{"name":"wp","href":"https:\/\/api.w.org\/{rel}","templated":true}]}}