{"id":962,"date":"2024-04-15T09:16:10","date_gmt":"2024-04-15T09:16:10","guid":{"rendered":"http:\/\/baosikai.com\/?post_type=product&#038;p=962"},"modified":"2024-06-27T08:26:18","modified_gmt":"2024-06-27T08:26:18","slug":"pu-backpacks-women-small-capacity-travel-bag","status":"publish","type":"product","link":"https:\/\/baosikai.com\/fr\/produit\/pu-backpacks-women-small-capacity-travel-bag\/","title":{"rendered":"Pu Backpacks Women Small Capacity Travel Bag"},"content":{"rendered":"<p>100% Brand New And High Qualitysize\uff1aBottom length 22cm, height 24cm, width 13cm, error : 1cm<br \/>[MAT\u00c9RIAU] Nous utilisons du PU artificiel pour ce sac, qui est doux, confortable, s\u00fbr, inodore et haut de gamme. Lorsque vous touchez le sac, la doublure est durable et lisse, pas facile \u00e0 user ou \u00e0 d\u00e9chirer. Mettez-le dans un endroit sec, frais et ventil\u00e9, et \u00e9vitez l'exposition aux produits chimiques, aux pointes et aux endroits chauds, attendez-vous \u00e0 le nettoyer avec un chiffon doux et sec lorsqu'il est tach\u00e9.<br \/>\n[C'est un mini sac \u00e0 dos mignon pour les filles et les femmes, utilis\u00e9 pour le quotidien, le shopping, les excursions d'une journ\u00e9e et les voyages de courte dur\u00e9e. Il peut contenir votre portefeuille, vos cl\u00e9s, votre t\u00e9l\u00e9phone portable, votre maquillage et d'autres petits accessoires, mais il ne peut pas contenir un iPad ou un ordinateur portable.<br \/>\n[SERVICE APR\u00c8S-VENTE] Nous sommes convaincus que vous serez satisfait de votre sac \u00e0 dos, mais si vous n'\u00eates pas satisfait de votre achat ou si vous avez un probl\u00e8me avec la commande, veuillez nous le faire savoir, nous serons heureux de r\u00e9pondre \u00e0 votre question dans les 24 heures et d'\u00e9changer gratuitement le mauvais article exp\u00e9di\u00e9 ou l'article endommag\u00e9.<\/p>","protected":false},"excerpt":{"rendered":"<p>100% Brand New And High Qualitysize\uff1aBottom length 22cm, height 24cm, width 13cm, error: 1cm[MATERIAL] We use the artifical(PU) for this [&hellip;]<\/p>","protected":false},"featured_media":1398,"template":"","meta":{"site-sidebar-layout":"default","site-content-layout":"","ast-site-content-layout":"","site-content-style":"default","site-sidebar-style":"default","ast-global-header-display":"","ast-banner-title-visibility":"","ast-main-header-display":"","ast-hfb-above-header-display":"","ast-hfb-below-header-display":"","ast-hfb-mobile-header-display":"","site-post-title":"","ast-breadcrumbs-content":"","ast-featured-img":"","footer-sml-layout":"","theme-transparent-header-meta":"","adv-header-id-meta":"","stick-header-meta":"","header-above-stick-meta":"","header-main-stick-meta":"","header-below-stick-meta":"","astra-migrate-meta-layouts":"default","ast-page-background-enabled":"default","ast-page-background-meta":{"desktop":{"background-color":"var(--ast-global-color-4)","background-image":"","background-repeat":"repeat","background-position":"center center","background-size":"auto","background-attachment":"scroll","background-type":"","background-media":"","overlay-type":"","overlay-color":"","overlay-gradient":""},"tablet":{"background-color":"","background-image":"","background-repeat":"repeat","background-position":"center center","background-size":"auto","background-attachment":"scroll","background-type":"","background-media":"","overlay-type":"","overlay-color":"","overlay-gradient":""},"mobile":{"background-color":"","background-image":"","background-repeat":"repeat","background-position":"center center","background-size":"auto","background-attachment":"scroll","background-type":"","background-media":"","overlay-type":"","overlay-color":"","overlay-gradient":""}},"ast-content-background-meta":{"desktop":{"background-color":"var(--ast-global-color-5)","background-image":"","background-repeat":"repeat","background-position":"center center","background-size":"auto","background-attachment":"scroll","background-type":"","background-media":"","overlay-type":"","overlay-color":"","overlay-gradient":""},"tablet":{"background-color":"var(--ast-global-color-5)","background-image":"","background-repeat":"repeat","background-position":"center center","background-size":"auto","background-attachment":"scroll","background-type":"","background-media":"","overlay-type":"","overlay-color":"","overlay-gradient":""},"mobile":{"background-color":"var(--ast-global-color-5)","background-image":"","background-repeat":"repeat","background-position":"center center","background-size":"auto","background-attachment":"scroll","background-type":"","background-media":"","overlay-type":"","overlay-color":"","overlay-gradient":""}}},"product_brand":[],"product_cat":[22],"product_tag":[],"class_list":{"0":"post-962","1":"product","2":"type-product","3":"status-publish","4":"has-post-thumbnail","6":"product_cat-backpacks","7":"pa_color-black","8":"pa_color-pink","9":"pa_color-white","10":"desktop-align-center","11":"tablet-align-left","12":"mobile-align-left","14":"first","15":"instock","16":"shipping-taxable","17":"purchasable","18":"product-type-variable"},"_links":{"self":[{"href":"https:\/\/baosikai.com\/fr\/wp-json\/wp\/v2\/product\/962","targetHints":{"allow":["GET"]}}],"collection":[{"href":"https:\/\/baosikai.com\/fr\/wp-json\/wp\/v2\/product"}],"about":[{"href":"https:\/\/baosikai.com\/fr\/wp-json\/wp\/v2\/types\/product"}],"wp:featuredmedia":[{"embeddable":true,"href":"https:\/\/baosikai.com\/fr\/wp-json\/wp\/v2\/media\/1398"}],"wp:attachment":[{"href":"https:\/\/baosikai.com\/fr\/wp-json\/wp\/v2\/media?parent=962"}],"wp:term":[{"taxonomy":"product_brand","embeddable":true,"href":"https:\/\/baosikai.com\/fr\/wp-json\/wp\/v2\/product_brand?post=962"},{"taxonomy":"product_cat","embeddable":true,"href":"https:\/\/baosikai.com\/fr\/wp-json\/wp\/v2\/product_cat?post=962"},{"taxonomy":"product_tag","embeddable":true,"href":"https:\/\/baosikai.com\/fr\/wp-json\/wp\/v2\/product_tag?post=962"}],"curies":[{"name":"wp","href":"https:\/\/api.w.org\/{rel}","templated":true}]}}