{"id":963,"date":"2024-04-15T09:16:11","date_gmt":"2024-04-15T09:16:11","guid":{"rendered":"http:\/\/baosikai.com\/?post_type=product&#038;p=963"},"modified":"2024-06-27T08:25:34","modified_gmt":"2024-06-27T08:25:34","slug":"mini-fashion-corduroy-womens-backpack-tiny-simple-casual-bag","status":"publish","type":"product","link":"https:\/\/baosikai.com\/fr\/produit\/mini-fashion-corduroy-womens-backpack-tiny-simple-casual-bag\/","title":{"rendered":"Mini sac \u00e0 dos en velours c\u00f4tel\u00e9 pour femmes Tiny Simple Casual Bag"},"content":{"rendered":"<p>100% Neuf et de haute qualit\u00e9Mati\u00e8re : velours c\u00f4tel\u00e9<br \/>Couleur : Noir\uff0cBeige\uff0cPourpre\uff0cMarron fonc\u00e9<br \/>\nTaille : Longueur : Largeur sup\u00e9rieure:19cm, largeur inf\u00e9rieure:19cm, hauteur:23cm, \u00e9paisseur:9cm, hauteur de la tige;8cm, bandouli\u00e8re:120xm, erreur:1cm<br \/>\nLe paquet comprend : 1 pi\u00e8ce<br \/>\nA propos de la couleur\uff1a<br \/>\nEn raison de la diff\u00e9rence de couleur de l'\u00e9cran de l'ordinateur, en particulier la diff\u00e9rence de couleur entre l'\u00e9cran CRT et l'\u00e9cran LCD,<br \/>\nnous ne garantissons pas que la couleur de notre produit soit exactement la m\u00eame que celle de l'image que vous voyez, nous esp\u00e9rons que vous comprendrez !<br \/>\n1. Si vous ne savez pas comment choisir votre taille, veuillez contacter notre service client\u00e8le.<br \/>\n2. Veuillez tenir compte d'une diff\u00e9rence de 2 \u00e0 3 cm due aux mesures manuelles. (1cm=0.39inch, 1 inch=2.54cm)<\/p>","protected":false},"excerpt":{"rendered":"<p>100% Brand New And High QualityMaterial: corduroyColor: Black\uff0cBeige\uff0cPurple\uff0cDark brown Size: Length: Upper width:19cm, lower width:19cm, height:23cm, thickness:9cm, shank height;8cm, shoulder [&hellip;]<\/p>","protected":false},"featured_media":1416,"template":"","meta":{"site-sidebar-layout":"default","site-content-layout":"","ast-site-content-layout":"","site-content-style":"default","site-sidebar-style":"default","ast-global-header-display":"","ast-banner-title-visibility":"","ast-main-header-display":"","ast-hfb-above-header-display":"","ast-hfb-below-header-display":"","ast-hfb-mobile-header-display":"","site-post-title":"","ast-breadcrumbs-content":"","ast-featured-img":"","footer-sml-layout":"","theme-transparent-header-meta":"","adv-header-id-meta":"","stick-header-meta":"","header-above-stick-meta":"","header-main-stick-meta":"","header-below-stick-meta":"","astra-migrate-meta-layouts":"default","ast-page-background-enabled":"default","ast-page-background-meta":{"desktop":{"background-color":"var(--ast-global-color-4)","background-image":"","background-repeat":"repeat","background-position":"center center","background-size":"auto","background-attachment":"scroll","background-type":"","background-media":"","overlay-type":"","overlay-color":"","overlay-gradient":""},"tablet":{"background-color":"","background-image":"","background-repeat":"repeat","background-position":"center center","background-size":"auto","background-attachment":"scroll","background-type":"","background-media":"","overlay-type":"","overlay-color":"","overlay-gradient":""},"mobile":{"background-color":"","background-image":"","background-repeat":"repeat","background-position":"center center","background-size":"auto","background-attachment":"scroll","background-type":"","background-media":"","overlay-type":"","overlay-color":"","overlay-gradient":""}},"ast-content-background-meta":{"desktop":{"background-color":"var(--ast-global-color-5)","background-image":"","background-repeat":"repeat","background-position":"center center","background-size":"auto","background-attachment":"scroll","background-type":"","background-media":"","overlay-type":"","overlay-color":"","overlay-gradient":""},"tablet":{"background-color":"var(--ast-global-color-5)","background-image":"","background-repeat":"repeat","background-position":"center center","background-size":"auto","background-attachment":"scroll","background-type":"","background-media":"","overlay-type":"","overlay-color":"","overlay-gradient":""},"mobile":{"background-color":"var(--ast-global-color-5)","background-image":"","background-repeat":"repeat","background-position":"center center","background-size":"auto","background-attachment":"scroll","background-type":"","background-media":"","overlay-type":"","overlay-color":"","overlay-gradient":""}}},"product_brand":[],"product_cat":[22],"product_tag":[],"class_list":{"0":"post-963","1":"product","2":"type-product","3":"status-publish","4":"has-post-thumbnail","6":"product_cat-backpacks","7":"pa_color-beige","8":"pa_color-black","9":"pa_color-dark-brown","10":"pa_color-purple","11":"desktop-align-center","12":"tablet-align-left","13":"mobile-align-left","15":"first","16":"instock","17":"shipping-taxable","18":"purchasable","19":"product-type-variable"},"_links":{"self":[{"href":"https:\/\/baosikai.com\/fr\/wp-json\/wp\/v2\/product\/963","targetHints":{"allow":["GET"]}}],"collection":[{"href":"https:\/\/baosikai.com\/fr\/wp-json\/wp\/v2\/product"}],"about":[{"href":"https:\/\/baosikai.com\/fr\/wp-json\/wp\/v2\/types\/product"}],"wp:featuredmedia":[{"embeddable":true,"href":"https:\/\/baosikai.com\/fr\/wp-json\/wp\/v2\/media\/1416"}],"wp:attachment":[{"href":"https:\/\/baosikai.com\/fr\/wp-json\/wp\/v2\/media?parent=963"}],"wp:term":[{"taxonomy":"product_brand","embeddable":true,"href":"https:\/\/baosikai.com\/fr\/wp-json\/wp\/v2\/product_brand?post=963"},{"taxonomy":"product_cat","embeddable":true,"href":"https:\/\/baosikai.com\/fr\/wp-json\/wp\/v2\/product_cat?post=963"},{"taxonomy":"product_tag","embeddable":true,"href":"https:\/\/baosikai.com\/fr\/wp-json\/wp\/v2\/product_tag?post=963"}],"curies":[{"name":"wp","href":"https:\/\/api.w.org\/{rel}","templated":true}]}}