{"id":965,"date":"2024-04-15T09:16:17","date_gmt":"2024-04-15T09:16:17","guid":{"rendered":"http:\/\/baosikai.com\/?post_type=product&#038;p=965"},"modified":"2024-06-27T08:23:50","modified_gmt":"2024-06-27T08:23:50","slug":"outdoor-travel-backpack-waterproof-camping-hiking-daypack","status":"publish","type":"product","link":"https:\/\/baosikai.com\/fr\/produit\/outdoor-travel-backpack-waterproof-camping-hiking-daypack\/","title":{"rendered":"Outdoor Travel Backpack Waterproof Camping Hiking Daypack"},"content":{"rendered":"<p>Fonctionnalit\u00e9 :<br \/>\n1. tissu imperm\u00e9able et r\u00e9sistant aux rayures : Ce sac \u00e0 dos de loisir pour les sports de plein air est fabriqu\u00e9 avec un tissu de qualit\u00e9 sup\u00e9rieure qui repousse efficacement les \u00e9claboussures et les rayures accidentelles, gardant ainsi vos effets personnels en s\u00e9curit\u00e9 et au sec.<br \/>\n2) Mat\u00e9riau l\u00e9ger pour un transport facile : Le sac \u00e0 dos de camping et de randonn\u00e9e est fabriqu\u00e9 \u00e0 partir de mat\u00e9riaux l\u00e9gers, ce qui le rend plus facile et plus confortable \u00e0 porter. Dites adieu au poids inutile et profitez d'une exp\u00e9rience sans tracas.<br \/>\n3. grande capacit\u00e9 avec plusieurs compartiments : Gr\u00e2ce \u00e0 sa capacit\u00e9 g\u00e9n\u00e9reuse et \u00e0 ses multiples compartiments, ce sac \u00e0 dos pour ordinateur portable offre suffisamment d'espace pour tous vos effets personnels et permet un rangement organis\u00e9, ce qui facilite la recherche d'articles.<br \/>\n4. sangles d'\u00e9paule r\u00e9glables pour un confort personnalis\u00e9 : Les bretelles de ce sac d'ordinateur imperm\u00e9able sont r\u00e9glables, ce qui vous permet de personnaliser la longueur et la tension en fonction de vos pr\u00e9f\u00e9rences et de vos habitudes. Profitez d'un ajustement personnalis\u00e9 et d'un confort optimal.<\/p>\n<p>Sp\u00e9cification :<br \/>\nType d'article : Sacs \u00e0 dos<br \/>\nSacs \u00e0 dos Type : Livre souple<br \/>\nType de fermeture : Couvercle<br \/>\nMati\u00e8re de la doublure : Polyester<br \/>\nStyle : D\u00e9contract\u00e9<br \/>\nType de poign\u00e9e\/sangle : Poign\u00e9e souple<br \/>\nMat\u00e9riau : Nylon<br \/>\nCouleur du produit (en option) : Gris clair\/Noir\/Gris fonc\u00e9<br \/>\nTaille du produit : 520.00\u00d7190.00\u00d7140.00mm\/20.47\u00d77.48\u00d75.51inch<\/p>\n<p>Remarque :<br \/>\nEn raison de la diversit\u00e9 des \u00e9crans et de l'effet de la lumi\u00e8re, la couleur r\u00e9elle de l'article peut \u00eatre l\u00e9g\u00e8rement diff\u00e9rente de celle qui appara\u00eet sur les photos. Nous vous remercions de votre attention.<br \/>\nVeuillez tenir compte d'un \u00e9cart de 1 \u00e0 2 cm d\u00fb aux mesures manuelles.<\/p>","protected":false},"excerpt":{"rendered":"<p>Feature: 1.Upgraded Waterproof and Scratch-Resistant Fabric: This outdoor sports leisure daypack is made with a premium, upgraded fabric that effectively [&hellip;]<\/p>","protected":false},"featured_media":1473,"template":"","meta":{"site-sidebar-layout":"default","site-content-layout":"","ast-site-content-layout":"","site-content-style":"default","site-sidebar-style":"default","ast-global-header-display":"","ast-banner-title-visibility":"","ast-main-header-display":"","ast-hfb-above-header-display":"","ast-hfb-below-header-display":"","ast-hfb-mobile-header-display":"","site-post-title":"","ast-breadcrumbs-content":"","ast-featured-img":"","footer-sml-layout":"","theme-transparent-header-meta":"","adv-header-id-meta":"","stick-header-meta":"","header-above-stick-meta":"","header-main-stick-meta":"","header-below-stick-meta":"","astra-migrate-meta-layouts":"default","ast-page-background-enabled":"default","ast-page-background-meta":{"desktop":{"background-color":"var(--ast-global-color-4)","background-image":"","background-repeat":"repeat","background-position":"center center","background-size":"auto","background-attachment":"scroll","background-type":"","background-media":"","overlay-type":"","overlay-color":"","overlay-gradient":""},"tablet":{"background-color":"","background-image":"","background-repeat":"repeat","background-position":"center center","background-size":"auto","background-attachment":"scroll","background-type":"","background-media":"","overlay-type":"","overlay-color":"","overlay-gradient":""},"mobile":{"background-color":"","background-image":"","background-repeat":"repeat","background-position":"center center","background-size":"auto","background-attachment":"scroll","background-type":"","background-media":"","overlay-type":"","overlay-color":"","overlay-gradient":""}},"ast-content-background-meta":{"desktop":{"background-color":"var(--ast-global-color-5)","background-image":"","background-repeat":"repeat","background-position":"center center","background-size":"auto","background-attachment":"scroll","background-type":"","background-media":"","overlay-type":"","overlay-color":"","overlay-gradient":""},"tablet":{"background-color":"var(--ast-global-color-5)","background-image":"","background-repeat":"repeat","background-position":"center center","background-size":"auto","background-attachment":"scroll","background-type":"","background-media":"","overlay-type":"","overlay-color":"","overlay-gradient":""},"mobile":{"background-color":"var(--ast-global-color-5)","background-image":"","background-repeat":"repeat","background-position":"center center","background-size":"auto","background-attachment":"scroll","background-type":"","background-media":"","overlay-type":"","overlay-color":"","overlay-gradient":""}}},"product_brand":[],"product_cat":[22],"product_tag":[],"class_list":{"0":"post-965","1":"product","2":"type-product","3":"status-publish","4":"has-post-thumbnail","6":"product_cat-backpacks","7":"pa_color-black","8":"pa_color-deep-grey","9":"pa_color-light-grey","10":"desktop-align-center","11":"tablet-align-left","12":"mobile-align-left","14":"first","15":"instock","16":"shipping-taxable","17":"purchasable","18":"product-type-variable"},"_links":{"self":[{"href":"https:\/\/baosikai.com\/fr\/wp-json\/wp\/v2\/product\/965","targetHints":{"allow":["GET"]}}],"collection":[{"href":"https:\/\/baosikai.com\/fr\/wp-json\/wp\/v2\/product"}],"about":[{"href":"https:\/\/baosikai.com\/fr\/wp-json\/wp\/v2\/types\/product"}],"wp:featuredmedia":[{"embeddable":true,"href":"https:\/\/baosikai.com\/fr\/wp-json\/wp\/v2\/media\/1473"}],"wp:attachment":[{"href":"https:\/\/baosikai.com\/fr\/wp-json\/wp\/v2\/media?parent=965"}],"wp:term":[{"taxonomy":"product_brand","embeddable":true,"href":"https:\/\/baosikai.com\/fr\/wp-json\/wp\/v2\/product_brand?post=965"},{"taxonomy":"product_cat","embeddable":true,"href":"https:\/\/baosikai.com\/fr\/wp-json\/wp\/v2\/product_cat?post=965"},{"taxonomy":"product_tag","embeddable":true,"href":"https:\/\/baosikai.com\/fr\/wp-json\/wp\/v2\/product_tag?post=965"}],"curies":[{"name":"wp","href":"https:\/\/api.w.org\/{rel}","templated":true}]}}