{"id":967,"date":"2024-04-15T09:16:20","date_gmt":"2024-04-15T09:16:20","guid":{"rendered":"http:\/\/baosikai.com\/?post_type=product&#038;p=967"},"modified":"2024-06-27T08:22:21","modified_gmt":"2024-06-27T08:22:21","slug":"oxford-daypack-with-shoe-compartment","status":"publish","type":"product","link":"https:\/\/baosikai.com\/fr\/produit\/oxford-daypack-with-shoe-compartment\/","title":{"rendered":"Sac \u00e0 dos Oxford avec compartiment \u00e0 chaussures"},"content":{"rendered":"<p>(noir\/rose\/beige\/bleu clair\/violet\/bleu paon\/vert for\u00eat)-Sac \u00e0 dos d'affaires<\/p>\n<p>\tOxford Business Backpack with Pocket &amp; Shoe Compartment Large Capacity Travel Daypack Flight Approved Waterproof Casual Knapsack<\/p>\n<p>\tCaract\u00e9ristiques :<br \/>\n1. plusieurs poches extensibles et un rangement organis\u00e9 : Notre sac \u00e0 dos de voyage pour l'ext\u00e9rieur comporte de nombreuses poches qui s'agrandissent facilement pour ranger tous vos objets essentiels au quotidien. Gr\u00e2ce \u00e0 ses compartiments bien con\u00e7us, vous pouvez organiser soigneusement vos affaires sans avoir \u00e0 fouiller dans votre sac. Ce sac \u00e0 dos comporte des compartiments s\u00e9par\u00e9s pour les articles secs et humides, ce qui permet de garder les v\u00eatements ou les serviettes humides \u00e0 l'\u00e9cart de vos autres affaires. Vous n'aurez plus \u00e0 vous soucier des odeurs d\u00e9sagr\u00e9ables ou de l'humidit\u00e9 qui affectent le reste de vos affaires.<br \/>\n2. compartiment \u00e0 chaussures ventil\u00e9 : Dites adieu aux chaussures malodorantes qui g\u00e2chent la fra\u00eecheur de votre sac. Ce sac \u00e0 dos de grande capacit\u00e9 comprend un compartiment \u00e0 chaussures ventil\u00e9, permettant \u00e0 vos chaussures de respirer, \u00e9vitant ainsi l'accumulation d'odeurs et gardant votre sac propre et hygi\u00e9nique.<br \/>\n3. port de charge USB externe : Gardez vos appareils sous tension lorsque vous \u00eates en d\u00e9placement. Notre sac \u00e0 dos de voyage est \u00e9quip\u00e9 d'un port de charge USB externe qui vous permet de recharger votre t\u00e9l\u00e9phone ou d'autres appareils \u00e9lectroniques sans avoir \u00e0 ouvrir votre sac. Restez connect\u00e9 et diverti tout au long de votre voyage.<br \/>\n4. poche pour bouteille d'eau isol\u00e9e et porte-parapluie : Restez hydrat\u00e9 et pr\u00eat \u00e0 affronter toutes les conditions m\u00e9t\u00e9orologiques. La poche lat\u00e9rale est sp\u00e9cialement con\u00e7ue pour accueillir votre bouteille d'eau en toute s\u00e9curit\u00e9, tandis que le porte-parapluie permet de garder votre parapluie pliable accessible en cas d'averse inattendue. Profitez de la commodit\u00e9 des mains libres et de l'acc\u00e8s facile aux objets essentiels.<br \/>\n5. conception pratique pour le voyage : Gr\u00e2ce \u00e0 son couvercle rabattable de type valise et \u00e0 son ouverture \u00e0 180\u00b0, ce sac \u00e0 dos solide vous permet de faire vos valises sans probl\u00e8me et d'acc\u00e9der facilement \u00e0 vos affaires. Le compartiment \u00e9pais pour ordinateur portable peut accueillir confortablement un ordinateur portable de 15,6 pouces, offrant ainsi une protection s\u00fbre pendant vos voyages. De plus, l'interface USB externe permet un chargement pratique, garantissant que vos appareils restent aliment\u00e9s m\u00eame pendant les longs trajets.<\/p>\n<p>Sp\u00e9cification :<br \/>\nOrigine : Chine continentale Chine continentale<br \/>\nType d'article : Sacs \u00e0 dos<br \/>\nMati\u00e8re principale : Oxford<br \/>\nGenre : Unisexe<br \/>\nType de motif : Solide<br \/>\nType de fermeture : fermeture \u00e0 glissi\u00e8re<br \/>\nMati\u00e8re de la doublure : Polyester<br \/>\nCapacit\u00e9 : 20-35 litres<br \/>\nStyle : D\u00e9contract\u00e9<\/p>\n<p>\tLieu d'origine : Chine (Mainland)<\/p>\n<p>\tMat\u00e9riau : Tissu Oxford<br \/>\nCouleur du produit : noir, rose, beige, bleu clair, violet clair, bleu paon, vert for\u00eat, gris<br \/>\nTaille du produit : 420x170x310mm\/16.54\u00d712.2\u00d76.69 in<\/p>\n<p>\tRemarque :<br \/>\nEn raison de la diversit\u00e9 des \u00e9crans et de l'effet de la lumi\u00e8re, la couleur r\u00e9elle de l'article peut \u00eatre l\u00e9g\u00e8rement diff\u00e9rente de celle qui appara\u00eet sur les photos. Nous vous remercions de votre attention.<br \/>\nVeuillez tenir compte d'un \u00e9cart de 1 \u00e0 2 cm d\u00fb aux mesures manuelles.<\/p>\n<p>Produit inclus<br \/>\nnoir\uff1a1x Sac \u00e0 dos<br \/>\ncouleur rose\uff1a1x Sac \u00e0 dos<br \/>\nBeige\uff1a1x Sac \u00e0 dos<br \/>\nBLEU CLAIR\uff1a1x Sac \u00e0 dos<br \/>\ncouleur pourpre\uff1a1x Sac \u00e0 dos<br \/>\nbleu paon\uff1a1x Sac \u00e0 dos<br \/>\nvert for\u00eat\uff1a1x Sac \u00e0 dos<\/p>","protected":false},"excerpt":{"rendered":"<p>(black color\/pink color\/Beige\/LIGHT BLUE\/purple color\/peacock blue\/forest green)&#8211;Business Backpack Oxford Business Backpack with Pocket &amp; Shoe Compartment Large Capacity Travel Daypack [&hellip;]<\/p>","protected":false},"featured_media":1532,"template":"","meta":{"site-sidebar-layout":"default","site-content-layout":"","ast-site-content-layout":"","site-content-style":"default","site-sidebar-style":"default","ast-global-header-display":"","ast-banner-title-visibility":"","ast-main-header-display":"","ast-hfb-above-header-display":"","ast-hfb-below-header-display":"","ast-hfb-mobile-header-display":"","site-post-title":"","ast-breadcrumbs-content":"","ast-featured-img":"","footer-sml-layout":"","theme-transparent-header-meta":"","adv-header-id-meta":"","stick-header-meta":"","header-above-stick-meta":"","header-main-stick-meta":"","header-below-stick-meta":"","astra-migrate-meta-layouts":"default","ast-page-background-enabled":"default","ast-page-background-meta":{"desktop":{"background-color":"var(--ast-global-color-4)","background-image":"","background-repeat":"repeat","background-position":"center center","background-size":"auto","background-attachment":"scroll","background-type":"","background-media":"","overlay-type":"","overlay-color":"","overlay-gradient":""},"tablet":{"background-color":"","background-image":"","background-repeat":"repeat","background-position":"center center","background-size":"auto","background-attachment":"scroll","background-type":"","background-media":"","overlay-type":"","overlay-color":"","overlay-gradient":""},"mobile":{"background-color":"","background-image":"","background-repeat":"repeat","background-position":"center center","background-size":"auto","background-attachment":"scroll","background-type":"","background-media":"","overlay-type":"","overlay-color":"","overlay-gradient":""}},"ast-content-background-meta":{"desktop":{"background-color":"var(--ast-global-color-5)","background-image":"","background-repeat":"repeat","background-position":"center center","background-size":"auto","background-attachment":"scroll","background-type":"","background-media":"","overlay-type":"","overlay-color":"","overlay-gradient":""},"tablet":{"background-color":"var(--ast-global-color-5)","background-image":"","background-repeat":"repeat","background-position":"center center","background-size":"auto","background-attachment":"scroll","background-type":"","background-media":"","overlay-type":"","overlay-color":"","overlay-gradient":""},"mobile":{"background-color":"var(--ast-global-color-5)","background-image":"","background-repeat":"repeat","background-position":"center center","background-size":"auto","background-attachment":"scroll","background-type":"","background-media":"","overlay-type":"","overlay-color":"","overlay-gradient":""}}},"product_brand":[],"product_cat":[22],"product_tag":[],"class_list":{"0":"post-967","1":"product","2":"type-product","3":"status-publish","4":"has-post-thumbnail","6":"product_cat-backpacks","7":"pa_color-beige","8":"pa_color-black-color","9":"pa_color-forest-green","10":"pa_color-light-blue","11":"pa_color-peacock-blue","12":"pa_color-pink-color","13":"pa_color-purple-color","14":"pa_ships-from-china","15":"desktop-align-center","16":"tablet-align-left","17":"mobile-align-left","19":"first","20":"instock","21":"shipping-taxable","22":"purchasable","23":"product-type-variable"},"_links":{"self":[{"href":"https:\/\/baosikai.com\/fr\/wp-json\/wp\/v2\/product\/967","targetHints":{"allow":["GET"]}}],"collection":[{"href":"https:\/\/baosikai.com\/fr\/wp-json\/wp\/v2\/product"}],"about":[{"href":"https:\/\/baosikai.com\/fr\/wp-json\/wp\/v2\/types\/product"}],"wp:featuredmedia":[{"embeddable":true,"href":"https:\/\/baosikai.com\/fr\/wp-json\/wp\/v2\/media\/1532"}],"wp:attachment":[{"href":"https:\/\/baosikai.com\/fr\/wp-json\/wp\/v2\/media?parent=967"}],"wp:term":[{"taxonomy":"product_brand","embeddable":true,"href":"https:\/\/baosikai.com\/fr\/wp-json\/wp\/v2\/product_brand?post=967"},{"taxonomy":"product_cat","embeddable":true,"href":"https:\/\/baosikai.com\/fr\/wp-json\/wp\/v2\/product_cat?post=967"},{"taxonomy":"product_tag","embeddable":true,"href":"https:\/\/baosikai.com\/fr\/wp-json\/wp\/v2\/product_tag?post=967"}],"curies":[{"name":"wp","href":"https:\/\/api.w.org\/{rel}","templated":true}]}}