{"id":970,"date":"2024-04-15T09:16:24","date_gmt":"2024-04-15T09:16:24","guid":{"rendered":"http:\/\/baosikai.com\/?post_type=product&#038;p=970"},"modified":"2024-06-27T08:13:16","modified_gmt":"2024-06-27T08:13:16","slug":"travel-backpack-with-shoe-bag","status":"publish","type":"product","link":"https:\/\/baosikai.com\/fr\/produit\/travel-backpack-with-shoe-bag\/","title":{"rendered":"Sac \u00e0 dos de voyage avec sac \u00e0 chaussures"},"content":{"rendered":"<p>Spacieux et multi-compartiments : Le sac \u00e0 dos de voyage BAGSMART est un sac \u00e0 dos de transport polyvalent qui pr\u00e9sente des dimensions g\u00e9n\u00e9reuses de 18,1\u2033 x 12,6\u2033 x 7,5\u2033 offrant une capacit\u00e9 impressionnante de 40 litres. Avec de multiples compartiments, dont une poche ext\u00e9rieure zipp\u00e9e, une poche inf\u00e9rieure zipp\u00e9e, une poche frontale zipp\u00e9e, un compartiment s\u00e9par\u00e9 pour ordinateur portable et une poche pour bouteille, ce sac \u00e0 dos est le compagnon id\u00e9al des voyageurs \u00e0 la recherche de solutions de rangement efficaces.<br \/>SALON DE L'ACHETEUR<br \/>Conception adapt\u00e9e \u00e0 la TSA : Con\u00e7u avec une ouverture pratique \u00e0 180\u00b0, notre sac \u00e0 dos de voyage garantit des contr\u00f4les de s\u00e9curit\u00e9 sans probl\u00e8me dans les a\u00e9roports. Sa conception intelligente vous permet d'acc\u00e9der facilement \u00e0 vos effets personnels \u00e0 tout moment, ce qui en fait un sac \u00e0 dos id\u00e9al pour les amateurs de voyage.<br \/>Restez organis\u00e9 : D\u00e9couvrez des solutions de rangement intelligentes gr\u00e2ce \u00e0 la conception astucieuse du sac \u00e0 dos de voyage BAGSMART. Il comprend des compartiments pour les v\u00eatements, des poches \u00e9tanches en PVC, des poches en filet et deux poches \u00e0 chaussettes pour s\u00e9parer les v\u00eatements secs des v\u00eatements mouill\u00e9s. Le sac \u00e0 chaussures suppl\u00e9mentaire avec un point d'attache personnalisable ajoute encore plus de commodit\u00e9 sans occuper l'espace int\u00e9rieur du sac \u00e0 dos.<br \/>Polyvalence en d\u00e9placement : ce sac \u00e0 dos de voyage offre diverses options de transport : portez-le comme un sac \u00e0 dos traditionnel, portez-le \u00e0 la main ou attachez-le \u00e0 la poign\u00e9e de votre bagage pour vous d\u00e9placer rapidement dans les a\u00e9roports. Sa capacit\u00e9 d'adaptation en fait un sac \u00e0 dos approuv\u00e9 par les autorit\u00e9s a\u00e9roportuaires et adapt\u00e9 \u00e0 divers sc\u00e9narios de voyage.<br \/>Confort et protection : Profitez d'un confort ultime gr\u00e2ce aux bretelles rembourr\u00e9es et au panneau dorsal ventil\u00e9 de notre sac \u00e0 dos. L'\u00e9pais rembourrage de protection assure la durabilit\u00e9 et la protection de vos effets personnels contre les chocs inattendus pendant vos voyages.<br \/>CE QUE NOUS PRENONS EN CHARGE : Chez BAGSMART, nous nous effor\u00e7ons de fournir \u00e0 nos clients des produits de la plus haute qualit\u00e9 possible. Nous sommes heureux d'offrir un remboursement ou un remplacement sans condition. En cas de probl\u00e8me de qualit\u00e9, n'h\u00e9sitez pas \u00e0 nous contacter. Contactez-nous pour obtenir une r\u00e9ponse rapide et satisfaisante !<\/p>","protected":false},"excerpt":{"rendered":"<p>Spacieux et multi-compartiments : Le sac \u00e0 dos de voyage BAGSMART est un sac \u00e0 dos de transport polyvalent qui pr\u00e9sente des dimensions g\u00e9n\u00e9reuses de 18,1\u2033 x [...]<\/p>","protected":false},"featured_media":1638,"template":"","meta":{"site-sidebar-layout":"default","site-content-layout":"","ast-site-content-layout":"","site-content-style":"default","site-sidebar-style":"default","ast-global-header-display":"","ast-banner-title-visibility":"","ast-main-header-display":"","ast-hfb-above-header-display":"","ast-hfb-below-header-display":"","ast-hfb-mobile-header-display":"","site-post-title":"","ast-breadcrumbs-content":"","ast-featured-img":"","footer-sml-layout":"","theme-transparent-header-meta":"","adv-header-id-meta":"","stick-header-meta":"","header-above-stick-meta":"","header-main-stick-meta":"","header-below-stick-meta":"","astra-migrate-meta-layouts":"default","ast-page-background-enabled":"default","ast-page-background-meta":{"desktop":{"background-color":"var(--ast-global-color-4)","background-image":"","background-repeat":"repeat","background-position":"center center","background-size":"auto","background-attachment":"scroll","background-type":"","background-media":"","overlay-type":"","overlay-color":"","overlay-gradient":""},"tablet":{"background-color":"","background-image":"","background-repeat":"repeat","background-position":"center center","background-size":"auto","background-attachment":"scroll","background-type":"","background-media":"","overlay-type":"","overlay-color":"","overlay-gradient":""},"mobile":{"background-color":"","background-image":"","background-repeat":"repeat","background-position":"center center","background-size":"auto","background-attachment":"scroll","background-type":"","background-media":"","overlay-type":"","overlay-color":"","overlay-gradient":""}},"ast-content-background-meta":{"desktop":{"background-color":"var(--ast-global-color-5)","background-image":"","background-repeat":"repeat","background-position":"center center","background-size":"auto","background-attachment":"scroll","background-type":"","background-media":"","overlay-type":"","overlay-color":"","overlay-gradient":""},"tablet":{"background-color":"var(--ast-global-color-5)","background-image":"","background-repeat":"repeat","background-position":"center center","background-size":"auto","background-attachment":"scroll","background-type":"","background-media":"","overlay-type":"","overlay-color":"","overlay-gradient":""},"mobile":{"background-color":"var(--ast-global-color-5)","background-image":"","background-repeat":"repeat","background-position":"center center","background-size":"auto","background-attachment":"scroll","background-type":"","background-media":"","overlay-type":"","overlay-color":"","overlay-gradient":""}}},"product_brand":[],"product_cat":[22],"product_tag":[],"class_list":{"0":"post-970","1":"product","2":"type-product","3":"status-publish","4":"has-post-thumbnail","6":"product_cat-backpacks","7":"pa_color-l46-w32-h19-cm","8":"pa_color-l46-w32-h19-cm2","9":"pa_color-l46-w32-h19-cm3","10":"pa_ships-from-china","11":"pa_size-17-inch-laptop","12":"desktop-align-center","13":"tablet-align-left","14":"mobile-align-left","16":"first","17":"instock","18":"shipping-taxable","19":"purchasable","20":"product-type-variable"},"_links":{"self":[{"href":"https:\/\/baosikai.com\/fr\/wp-json\/wp\/v2\/product\/970","targetHints":{"allow":["GET"]}}],"collection":[{"href":"https:\/\/baosikai.com\/fr\/wp-json\/wp\/v2\/product"}],"about":[{"href":"https:\/\/baosikai.com\/fr\/wp-json\/wp\/v2\/types\/product"}],"wp:featuredmedia":[{"embeddable":true,"href":"https:\/\/baosikai.com\/fr\/wp-json\/wp\/v2\/media\/1638"}],"wp:attachment":[{"href":"https:\/\/baosikai.com\/fr\/wp-json\/wp\/v2\/media?parent=970"}],"wp:term":[{"taxonomy":"product_brand","embeddable":true,"href":"https:\/\/baosikai.com\/fr\/wp-json\/wp\/v2\/product_brand?post=970"},{"taxonomy":"product_cat","embeddable":true,"href":"https:\/\/baosikai.com\/fr\/wp-json\/wp\/v2\/product_cat?post=970"},{"taxonomy":"product_tag","embeddable":true,"href":"https:\/\/baosikai.com\/fr\/wp-json\/wp\/v2\/product_tag?post=970"}],"curies":[{"name":"wp","href":"https:\/\/api.w.org\/{rel}","templated":true}]}}